{"id":5384,"date":"2019-01-11T10:06:56","date_gmt":"2019-01-11T09:06:56","guid":{"rendered":"https:\/\/klar.sk\/?page_id=5384"},"modified":"2019-01-18T13:36:51","modified_gmt":"2019-01-18T12:36:51","slug":"about-klar-hotel","status":"publish","type":"page","link":"https:\/\/klar.sk\/en\/about-klar-hotel\/","title":{"rendered":"About KLAR hotel"},"content":{"rendered":"<p>[vc_row][vc_column width=&#8220;1\/2&#8243;][vc_empty_space height=&#8220;64px&#8220;]<h3 class=\"center-title\">Why Hotel KLAR?<\/h3><div class=\"title-block-1\"><\/div>[vc_column_text]<\/p>\n<p style=\"text-align: center;\">Do you like travelling on holidays to Liptov? Or do you have business meeting here? If you are looking for acommodation in Liptovsk\u00fd Mikul\u00e1\u0161 offering quality and low price at the same time, Hotel KLAR is the right choice for you.<\/p>\n<p style=\"text-align: center;\">You will find us directly by the main road- Street 1. M\u00e1ja. We are situated only 1km from the historical center of the town. Thus, we provide combination of central location in the natural beauties and sport attractions of Liptov and comfort of town facilities at the same time.<\/p>\n<p>&nbsp;<\/p>\n<p>&nbsp;<\/p>\n<p>[\/vc_column_text][\/vc_column][vc_column width=&#8220;1\/2&#8243;][vc_column_text]<iframe loading=\"lazy\" style=\"border: 0;\" src=\"https:\/\/www.google.com\/maps\/embed?pb=!1m0!3m2!1scs!2sus!4v1459970563563!6m8!1m7!1s1DV1cMFUioQAAAQvOqKZ2A!2m2!1d49.07926810367436!2d19.63278301962498!3f101!4f0!5f0.7820865974627469\" width=\"100%\" height=\"365\" frameborder=\"0\" allowfullscreen=\"allowfullscreen\" data-mce-fragment=\"1\"><\/iframe> [\/vc_column_text][\/vc_column][\/vc_row][vc_row][vc_column][vc_empty_space][vc_separator][vc_empty_space][vc_row_inner][vc_column_inner width=&#8220;1\/2&#8243;]<h4>Our benefits<\/h4><div class=\"title-block-6\"><\/div>[vc_column_text]<\/p>\n<ul>\n<li>Non stop reception desk<\/li>\n<li>Free parking place<\/li>\n<li>Pets are welcome<\/li>\n<li>Free Wi-Fi<\/li>\n<li>Family rooms<\/li>\n<li>Restaurant<\/li>\n<li>Bar with a terrace<\/li>\n<li>Billiards and kids\u00b4corner<\/li>\n<\/ul>\n<p>[\/vc_column_text][vc_empty_space height=&#8220;30px&#8220;][\/vc_column_inner][vc_column_inner width=&#8220;1\/2&#8243;]<h4>Accomodation<\/h4><div class=\"title-block-6\"><\/div>[vc_column_text]The interior of our hotel is designed in a modern way. The capacity is 90 beds. Our single and double rooms and suites are very cosy and neat . Each room has its own bathroom with a shower cabinet and toiletries in the price of the room. LCD TV and internet connection Wi-Fi is free. Appartments are furnished with a kitchen and comfortable room seats. Completely barrier free suite for immobile guests is available, too. Breakfast is included in the price of accomodation. A restaurant, bar with summer terrace, billiard and kids\u00b4corner are parts of hotel, too.[\/vc_column_text][vc_empty_space height=&#8220;30px&#8220;][\/vc_column_inner][\/vc_row_inner][\/vc_column][\/vc_row][vc_row equal_height=&#8220;yes&#8220; content_placement=&#8220;middle&#8220; type=&#8220;full_width_section&#8220; bg_image=&#8220;662&#8243;][vc_column width=&#8220;1\/4&#8243;][vc_empty_space]<h3 class=\"center-title\">49<\/h3><div class=\"title-block-1\"><\/div>[vc_column_text]<\/p>\n<p style=\"text-align: center;\">ROOMS AND SUITES<\/p>\n<p>[\/vc_column_text][\/vc_column][vc_column width=&#8220;1\/4&#8243;][vc_empty_space]<h3 class=\"center-title\">90<\/h3><div class=\"title-block-1\"><\/div>[vc_column_text]<\/p>\n<p style=\"text-align: center;\">BEDS<\/p>\n<p>[\/vc_column_text][\/vc_column][vc_column width=&#8220;1\/4&#8243;][vc_empty_space]<h3 class=\"center-title\">1<\/h3><div class=\"title-block-1\"><\/div>[vc_column_text]<\/p>\n<p style=\"text-align: center;\">CONGRESS HALL<\/p>\n<p>[\/vc_column_text][\/vc_column][vc_column width=&#8220;1\/4&#8243;][vc_empty_space]<h3 class=\"center-title\">4<\/h3><div class=\"title-block-1\"><\/div>[vc_column_text]<\/p>\n<p style=\"text-align: center;\">LOUNGE BARS<\/p>\n<p>[\/vc_column_text][\/vc_column][\/vc_row][vc_row content_placement=&#8220;bottom&#8220;][vc_column][vc_empty_space]<h3 class=\"center-title\">What our guests say about us<\/h3><div class=\"title-block-1\"><\/div>\t\n\t\n\t\n\t\t\n\t\t<!-- BEGIN .testimonial-wrapper-outer -->\n\t\t<div class=\"testimonial-wrapper-outer\">\n\n\t\t\t<!-- BEGIN .testimonial-list-wrapper -->\n\t\t\t<div class=\"testimonial-list-wrapper owl-carousel3\">\n\n\t\t\t\t\n\t\t\t\t\t\n\t\t\t\t\t<!-- BEGIN .testimonial-wrapper -->\n\t\t\t\t\t<div class=\"testimonial-wrapper\">\n\t\t\t\t\t\t\n\t\t\t\t\t\t\t\t\t\t\t\t\n\t\t\t\t\t\t<div><span class=\"qns-open-quote\">\u201c<\/span>Ra\u0148ajky chutili skvelo, hotel m\u00e1 tie\u017e skvel\u00fa lokalitu....<span class=\"qns-close-quote\">\u201d<\/span><\/div>\n\n\t\t\t\t\t\t\n\t\t\t\t\t\t<div class=\"testimonial-author\"><p>Nikol - Slovensko<\/p><\/div>\n\n\t\t\t\t\t<!-- END .testimonial-wrapper -->\n\t\t\t\t\t<\/div>\n\n\t\t\t\t\n\t\t\t\t\t\n\t\t\t\t\t<!-- BEGIN .testimonial-wrapper -->\n\t\t\t\t\t<div class=\"testimonial-wrapper\">\n\t\t\t\t\t\t\n\t\t\t\t\t\t\t\t\t\t\t\t\n\t\t\t\t\t\t<div><span class=\"qns-open-quote\">\u201c<\/span>Ve\u013emi pr\u00edjemn\u00e1 a ochotn\u00e1 obsluha na recepcii. Ve\u013ek\u00e9 a \u010dist\u00e9 izby. Chutn\u00e9 ra\u0148ajky....<span class=\"qns-close-quote\">\u201d<\/span><\/div>\n\n\t\t\t\t\t\t\n\t\t\t\t\t\t<div class=\"testimonial-author\"><p>Aneta - Slovensko<\/p><\/div>\n\n\t\t\t\t\t<!-- END .testimonial-wrapper -->\n\t\t\t\t\t<\/div>\n\n\t\t\t\t\n\t\t\t\t\t\n\t\t\t\t\t<!-- BEGIN .testimonial-wrapper -->\n\t\t\t\t\t<div class=\"testimonial-wrapper\">\n\t\t\t\t\t\t\n\t\t\t\t\t\t\t\t\t\t\t\t\n\t\t\t\t\t\t<div><span class=\"qns-open-quote\">\u201c<\/span>Person\u00e1l ve\u013emi ochotn\u00fd, jedlo v\u00fdborn\u00e9, trocha mi vadil hluk zvonku inak ve\u013emi pohodov\u00e9 ubytovanie....<span class=\"qns-close-quote\">\u201d<\/span><\/div>\n\n\t\t\t\t\t\t\n\t\t\t\t\t\t<div class=\"testimonial-author\"><p>Helena - Slovensko<\/p><\/div>\n\n\t\t\t\t\t<!-- END .testimonial-wrapper -->\n\t\t\t\t\t<\/div>\n\n\t\t\t\t\n\t\t\t\t\t\n\t\t\t\t\t<!-- BEGIN .testimonial-wrapper -->\n\t\t\t\t\t<div class=\"testimonial-wrapper\">\n\t\t\t\t\t\t\n\t\t\t\t\t\t\t\t\t\t\t\t\n\t\t\t\t\t\t<div><span class=\"qns-open-quote\">\u201c<\/span>V\u00fdborn\u00e9 bezbari\u00e9rov\u00e9 uytov\u00e1n\u00ed v Liptovsk\u00e9m Mikul\u00e1\u0161i. Skv\u011bl\u00fd pom\u011br cena\/kvalita....<span class=\"qns-close-quote\">\u201d<\/span><\/div>\n\n\t\t\t\t\t\t\n\t\t\t\t\t\t<div class=\"testimonial-author\"><p>P\u0159emek - \u010cesk\u00e1 republika<\/p><\/div>\n\n\t\t\t\t\t<!-- END .testimonial-wrapper -->\n\t\t\t\t\t<\/div>\n\n\t\t\t\t\n\t\t\t\t\t\n\t\t\t\t\t<!-- BEGIN .testimonial-wrapper -->\n\t\t\t\t\t<div class=\"testimonial-wrapper\">\n\t\t\t\t\t\t\n\t\t\t\t\t\t\t\t\t\t\t\t\n\t\t\t\t\t\t<div><span class=\"qns-open-quote\">\u201c<\/span>Ve\u013emi pr\u00edjemn\u00fd a pohotov\u00fd person\u00e1l, ra\u0148ajky posta\u010duj\u00face. Bola som milo prekvapen\u00e1. \u010eakujem....<span class=\"qns-close-quote\">\u201d<\/span><\/div>\n\n\t\t\t\t\t\t\n\t\t\t\t\t\t<div class=\"testimonial-author\"><p>Iveta - Slovensko<\/p><\/div>\n\n\t\t\t\t\t<!-- END .testimonial-wrapper -->\n\t\t\t\t\t<\/div>\n\n\t\t\t\t\n\t\t\t\t\t\n\t\t\t\t\t<!-- BEGIN .testimonial-wrapper -->\n\t\t\t\t\t<div class=\"testimonial-wrapper\">\n\t\t\t\t\t\t\n\t\t\t\t\t\t\t\t\t\t\t\t\n\t\t\t\t\t\t<div><span class=\"qns-open-quote\">\u201c<\/span>Bol som milo prekvapen\u00fd z \u010distoty a pohodlia na izbe, vybavenie bolo fajn, obsluha mil\u00e1, recepcia tie\u017e.\r\n...<span class=\"qns-close-quote\">\u201d<\/span><\/div>\n\n\t\t\t\t\t\t\n\t\t\t\t\t\t<div class=\"testimonial-author\"><p>Erik - Slovensko<\/p><\/div>\n\n\t\t\t\t\t<!-- END .testimonial-wrapper -->\n\t\t\t\t\t<\/div>\n\n\t\t\t\t\n\t\t\t\t\t\n\t\t\t\t\t<!-- BEGIN .testimonial-wrapper -->\n\t\t\t\t\t<div class=\"testimonial-wrapper\">\n\t\t\t\t\t\t\n\t\t\t\t\t\t\t\t\t\t\t\t\n\t\t\t\t\t\t<div><span class=\"qns-open-quote\">\u201c<\/span>Velmi pr\u00edjemn\u00fd person\u00e1l+Lidl, z\u00e1stavka autobusu v tesnej bl\u00edzkosti, dobr\u00e9 spojenie na autobusov\u00fa a vlakov\u00fa stanicu....<span class=\"qns-close-quote\">\u201d<\/span><\/div>\n\n\t\t\t\t\t\t\n\t\t\t\t\t\t<div class=\"testimonial-author\"><p>Daniela - Slovensko<\/p><\/div>\n\n\t\t\t\t\t<!-- END .testimonial-wrapper -->\n\t\t\t\t\t<\/div>\n\n\t\t\t\t\n\t\t\t\t\t\n\t\t\t\t\t<!-- BEGIN .testimonial-wrapper -->\n\t\t\t\t\t<div class=\"testimonial-wrapper\">\n\t\t\t\t\t\t\n\t\t\t\t\t\t\t\t\t\t\t\t\n\t\t\t\t\t\t<div><span class=\"qns-open-quote\">\u201c<\/span>Ra\u0148ajky chutn\u00e9. Mo\u017enos\u0165 v\u00fdberu. Person\u00e1l ve\u013emi mil\u00fd a \u00fastretov\u00fd. Splnil n\u00e1m ka\u017ed\u00e9 prianie....<span class=\"qns-close-quote\">\u201d<\/span><\/div>\n\n\t\t\t\t\t\t\n\t\t\t\t\t\t<div class=\"testimonial-author\"><p>Zlatica - Rak\u00fasko<\/p><\/div>\n\n\t\t\t\t\t<!-- END .testimonial-wrapper -->\n\t\t\t\t\t<\/div>\n\n\t\t\t\t\n\t\t\t\t\t\n\t\t\t\t\t<!-- BEGIN .testimonial-wrapper -->\n\t\t\t\t\t<div class=\"testimonial-wrapper\">\n\t\t\t\t\t\t\n\t\t\t\t\t\t\t\t\t\t\t\t\n\t\t\t\t\t\t<div><span class=\"qns-open-quote\">\u201c<\/span>Bolo mi umo\u017enen\u00e9 osta\u0165 o hodinku dlh\u0161ie a dostato\u010dne si pospa\u0165 po dlhej ceste....<span class=\"qns-close-quote\">\u201d<\/span><\/div>\n\n\t\t\t\t\t\t\n\t\t\t\t\t\t<div class=\"testimonial-author\"><p>Branislav - Slovensko<\/p><\/div>\n\n\t\t\t\t\t<!-- END .testimonial-wrapper -->\n\t\t\t\t\t<\/div>\n\n\t\t\t\t\n\t\t\t\t\t\n\t\t\t\t\t<!-- BEGIN .testimonial-wrapper -->\n\t\t\t\t\t<div class=\"testimonial-wrapper\">\n\t\t\t\t\t\t\n\t\t\t\t\t\t\t\t\t\t\t\t\n\t\t\t\t\t\t<div><span class=\"qns-open-quote\">\u201c<\/span>Slu\u0161n\u00e9 ubytovanie za ve\u013emi dobr\u00fa cenu, r\u00e1d sa vr\u00e1tim....<span class=\"qns-close-quote\">\u201d<\/span><\/div>\n\n\t\t\t\t\t\t\n\t\t\t\t\t\t<div class=\"testimonial-author\"><p>Juraj - Slovensko<\/p><\/div>\n\n\t\t\t\t\t<!-- END .testimonial-wrapper -->\n\t\t\t\t\t<\/div>\n\n\t\t\t\t\n\t\t\t<!-- END .testimonial-list-wrapper -->\n\t\t\t<\/div>\n\n\t\t<!-- END .testimonial-wrapper-outer -->\n\t\t<\/div>\n\t\n\n\t\n\t[vc_empty_space][\/vc_column][\/vc_row][vc_row][vc_column width=&#8220;1\/2&#8243;]<h4>Events<\/h4><div class=\"title-block-6\"><\/div>[vc_column_text]Hotel Klar is suitable for organizing either private or big business events. We will prepare and decorate compartments for you for weddings to 100 people, graduation parties and other family celebrations for 20-30 people. We have enough room and technics for conferences, business meetings or social events. Four bar lounges for 30 people and congress hall with 150 places for sitting or dance floor with 150 seats are available for these purposes. All these places have barrier free access.[\/vc_column_text][\/vc_column][vc_column width=&#8220;1\/2&#8243;][vc_single_image image=&#8220;5656&#8243; img_size=&#8220;large&#8220;][\/vc_column][\/vc_row][vc_row][vc_column][vc_empty_space][vc_separator][vc_empty_space][vc_empty_space][\/vc_column][\/vc_row][vc_row][vc_column width=&#8220;1\/2&#8243;][vc_column_text]<iframe loading=\"lazy\" style=\"border: 0;\" src=\"https:\/\/www.google.com\/maps\/embed?pb=!1m18!1m12!1m3!1d2613.386641717208!2d19.63081241568219!3d49.07929257930968!2m3!1f0!2f0!3f0!3m2!1i1024!2i768!4f13.1!3m3!1m2!1s0x4715994e463cc94b%3A0xacea2d5249379dfe!2sHotel+Klar+*2A*2A*2A!5e0!3m2!1ssk!2ssk!4v1540210976842\" width=\"100%\" height=\"365\" frameborder=\"0\" allowfullscreen=\"allowfullscreen\" data-mce-fragment=\"1\"><\/iframe>[\/vc_column_text][\/vc_column][vc_column width=&#8220;1\/2&#8243;]<h4>Location<\/h4><div class=\"title-block-6\"><\/div>[vc_column_text]The people who like summer and winter sports will enjoy the stay in Liptov. Popular Aquapark Tatralandia is situated 5km from our hotel. If you prefer natural lakes, Mara Fun- a\u00a0center of water sports is situated 1km from here. Hiking and Cycling is available virtually anywhere around. In the vicinity of Jasna valley are situated most famous ski centres. More specifically, Jasn\u00e1 center is situated 15km from the Klar hotel, ski slopes in \u017diar and Z\u00e1va\u017en\u00e1 Poruba are situated only 7km from here. You may travel by train, too- a\u00a0railway station Okoli\u010dn\u00e9 is situated only 0,7km from the hotel.[\/vc_column_text][\/vc_column][\/vc_row][vc_row][vc_column][vc_empty_space height=&#8220;80px&#8220;]<!-- BEGIN .content-wrapper-outer -->\n\t<section class=\".content-wrapper-outer clearfix call-to-action-1-section\" style=\"background:url(https:\/\/klar.sk\/wp-content\/uploads\/2018\/09\/online-bg.png) no-repeat center top;\">\n\n\t\t<div class=\"call-to-action-1-section-inner\">\n\n\t\t\t<h3>Book the accomodation in our hotel for the best price<\/h3>\n\t\t\t<a href=\"\/rezervacia-a-ceny\/\" class=\"button0\">Booking<i class=\"fa fa-angle-right\"><\/i><\/a>\n\n\t\t<\/div>\n\n\t<!-- END .content-wrapper-outer -->\n\t<\/section>[vc_empty_space height=&#8220;80px&#8220;][\/vc_column][\/vc_row]<\/p>\n","protected":false},"excerpt":{"rendered":"<p>[vc_row][vc_column width=&#8220;1\/2&#8243;][vc_empty_space height=&#8220;64px&#8220;][vc_column_text] Do you like travelling on holidays to Liptov? Or do you have business meeting here? If you are looking for acommodation in Liptovsk\u00fd Mikul\u00e1\u0161 offering quality and low price at the same time, Hotel KLAR is the right choice for you. You will find us directly by the main road- Street 1.<\/p>\n<a href=\"https:\/\/klar.sk\/testimonials\/testimonial-1\/\" class=\"more-link\">Read More<\/a>","protected":false},"author":5,"featured_media":0,"parent":0,"menu_order":0,"comment_status":"closed","ping_status":"closed","template":"","meta":{"_mi_skip_tracking":false,"_exactmetrics_sitenote_active":false,"_exactmetrics_sitenote_note":"","_exactmetrics_sitenote_category":0,"footnotes":""},"categories":[],"tags":[],"yoast_head":"<!-- This site is optimized with the Yoast SEO plugin v21.5 - https:\/\/yoast.com\/wordpress\/plugins\/seo\/ -->\n<title>About KLAR hotel | KLAR Hotel<\/title>\n<meta name=\"robots\" content=\"index, follow, max-snippet:-1, max-image-preview:large, max-video-preview:-1\" \/>\n<link rel=\"canonical\" href=\"https:\/\/klar.sk\/o-nas\/\" \/>\n<meta property=\"og:locale\" content=\"sk_SK\" \/>\n<meta property=\"og:type\" content=\"article\" \/>\n<meta property=\"og:title\" content=\"About KLAR hotel | KLAR Hotel\" \/>\n<meta property=\"og:description\" content=\"[vc_row][vc_column width=&#8220;1\/2&#8243;][vc_empty_space height=&#8220;64px&#8220;][vc_column_text] Do you like travelling on holidays to Liptov? Or do you have business meeting here? If you are looking for acommodation in Liptovsk\u00fd Mikul\u00e1\u0161 offering quality and low price at the same time, Hotel KLAR is the right choice for you. You will find us directly by the main road- Street 1.\" \/>\n<meta property=\"og:url\" content=\"https:\/\/klar.sk\/o-nas\/\" \/>\n<meta property=\"og:site_name\" content=\"KLAR Hotel\" \/>\n<meta property=\"article:modified_time\" content=\"2019-01-18T12:36:51+00:00\" \/>\n<meta name=\"twitter:card\" content=\"summary_large_image\" \/>\n<meta name=\"twitter:label1\" content=\"Predpokladan\u00fd \u010das \u010d\u00edtania\" \/>\n\t<meta name=\"twitter:data1\" content=\"4 min\u00faty\" \/>\n<script type=\"application\/ld+json\" class=\"yoast-schema-graph\">{\"@context\":\"https:\/\/schema.org\",\"@graph\":[{\"@type\":\"WebPage\",\"@id\":\"https:\/\/klar.sk\/o-nas\/\",\"url\":\"https:\/\/klar.sk\/o-nas\/\",\"name\":\"About KLAR hotel | KLAR Hotel\",\"isPartOf\":{\"@id\":\"https:\/\/klar.sk\/#website\"},\"datePublished\":\"2019-01-11T09:06:56+00:00\",\"dateModified\":\"2019-01-18T12:36:51+00:00\",\"breadcrumb\":{\"@id\":\"https:\/\/klar.sk\/o-nas\/#breadcrumb\"},\"inLanguage\":\"sk-SK\",\"potentialAction\":[{\"@type\":\"ReadAction\",\"target\":[\"https:\/\/klar.sk\/o-nas\/\"]}]},{\"@type\":\"BreadcrumbList\",\"@id\":\"https:\/\/klar.sk\/o-nas\/#breadcrumb\",\"itemListElement\":[{\"@type\":\"ListItem\",\"position\":1,\"name\":\"Home\",\"item\":\"https:\/\/klar.sk\/\"},{\"@type\":\"ListItem\",\"position\":2,\"name\":\"About KLAR hotel\"}]},{\"@type\":\"WebSite\",\"@id\":\"https:\/\/klar.sk\/#website\",\"url\":\"https:\/\/klar.sk\/\",\"name\":\"KLAR Hotel\",\"description\":\"Super hotel v Liptovskom Mikul\u00e1\u0161i\",\"publisher\":{\"@id\":\"https:\/\/klar.sk\/#organization\"},\"potentialAction\":[{\"@type\":\"SearchAction\",\"target\":{\"@type\":\"EntryPoint\",\"urlTemplate\":\"https:\/\/klar.sk\/?s={search_term_string}\"},\"query-input\":\"required name=search_term_string\"}],\"inLanguage\":\"sk-SK\"},{\"@type\":\"Organization\",\"@id\":\"https:\/\/klar.sk\/#organization\",\"name\":\"Hotel Klar ***\",\"url\":\"https:\/\/klar.sk\/\",\"logo\":{\"@type\":\"ImageObject\",\"inLanguage\":\"sk-SK\",\"@id\":\"https:\/\/klar.sk\/#\/schema\/logo\/image\/\",\"url\":\"https:\/\/klar.sk\/wp-content\/uploads\/2018\/09\/logo.png\",\"contentUrl\":\"https:\/\/klar.sk\/wp-content\/uploads\/2018\/09\/logo.png\",\"width\":115,\"height\":96,\"caption\":\"Hotel Klar ***\"},\"image\":{\"@id\":\"https:\/\/klar.sk\/#\/schema\/logo\/image\/\"}}]}<\/script>\n<!-- \/ Yoast SEO plugin. -->","yoast_head_json":{"title":"About KLAR hotel | KLAR Hotel","robots":{"index":"index","follow":"follow","max-snippet":"max-snippet:-1","max-image-preview":"max-image-preview:large","max-video-preview":"max-video-preview:-1"},"canonical":"https:\/\/klar.sk\/o-nas\/","og_locale":"sk_SK","og_type":"article","og_title":"About KLAR hotel | KLAR Hotel","og_description":"[vc_row][vc_column width=&#8220;1\/2&#8243;][vc_empty_space height=&#8220;64px&#8220;][vc_column_text] Do you like travelling on holidays to Liptov? Or do you have business meeting here? If you are looking for acommodation in Liptovsk\u00fd Mikul\u00e1\u0161 offering quality and low price at the same time, Hotel KLAR is the right choice for you. You will find us directly by the main road- Street 1.","og_url":"https:\/\/klar.sk\/o-nas\/","og_site_name":"KLAR Hotel","article_modified_time":"2019-01-18T12:36:51+00:00","twitter_card":"summary_large_image","twitter_misc":{"Predpokladan\u00fd \u010das \u010d\u00edtania":"4 min\u00faty"},"schema":{"@context":"https:\/\/schema.org","@graph":[{"@type":"WebPage","@id":"https:\/\/klar.sk\/o-nas\/","url":"https:\/\/klar.sk\/o-nas\/","name":"About KLAR hotel | KLAR Hotel","isPartOf":{"@id":"https:\/\/klar.sk\/#website"},"datePublished":"2019-01-11T09:06:56+00:00","dateModified":"2019-01-18T12:36:51+00:00","breadcrumb":{"@id":"https:\/\/klar.sk\/o-nas\/#breadcrumb"},"inLanguage":"sk-SK","potentialAction":[{"@type":"ReadAction","target":["https:\/\/klar.sk\/o-nas\/"]}]},{"@type":"BreadcrumbList","@id":"https:\/\/klar.sk\/o-nas\/#breadcrumb","itemListElement":[{"@type":"ListItem","position":1,"name":"Home","item":"https:\/\/klar.sk\/"},{"@type":"ListItem","position":2,"name":"About KLAR hotel"}]},{"@type":"WebSite","@id":"https:\/\/klar.sk\/#website","url":"https:\/\/klar.sk\/","name":"KLAR Hotel","description":"Super hotel v Liptovskom Mikul\u00e1\u0161i","publisher":{"@id":"https:\/\/klar.sk\/#organization"},"potentialAction":[{"@type":"SearchAction","target":{"@type":"EntryPoint","urlTemplate":"https:\/\/klar.sk\/?s={search_term_string}"},"query-input":"required name=search_term_string"}],"inLanguage":"sk-SK"},{"@type":"Organization","@id":"https:\/\/klar.sk\/#organization","name":"Hotel Klar ***","url":"https:\/\/klar.sk\/","logo":{"@type":"ImageObject","inLanguage":"sk-SK","@id":"https:\/\/klar.sk\/#\/schema\/logo\/image\/","url":"https:\/\/klar.sk\/wp-content\/uploads\/2018\/09\/logo.png","contentUrl":"https:\/\/klar.sk\/wp-content\/uploads\/2018\/09\/logo.png","width":115,"height":96,"caption":"Hotel Klar ***"},"image":{"@id":"https:\/\/klar.sk\/#\/schema\/logo\/image\/"}}]}},"_links":{"self":[{"href":"https:\/\/klar.sk\/en\/wp-json\/wp\/v2\/pages\/5384\/"}],"collection":[{"href":"https:\/\/klar.sk\/en\/wp-json\/wp\/v2\/pages\/"}],"about":[{"href":"https:\/\/klar.sk\/en\/wp-json\/wp\/v2\/types\/page\/"}],"author":[{"embeddable":true,"href":"https:\/\/klar.sk\/en\/wp-json\/wp\/v2\/users\/5\/"}],"replies":[{"embeddable":true,"href":"https:\/\/klar.sk\/en\/wp-json\/wp\/v2\/comments\/?post=5384"}],"version-history":[{"count":8,"href":"https:\/\/klar.sk\/en\/wp-json\/wp\/v2\/pages\/5384\/revisions\/"}],"predecessor-version":[{"id":5853,"href":"https:\/\/klar.sk\/en\/wp-json\/wp\/v2\/pages\/5384\/revisions\/5853\/"}],"wp:attachment":[{"href":"https:\/\/klar.sk\/en\/wp-json\/wp\/v2\/media\/?parent=5384"}],"wp:term":[{"taxonomy":"category","embeddable":true,"href":"https:\/\/klar.sk\/en\/wp-json\/wp\/v2\/categories\/?post=5384"},{"taxonomy":"post_tag","embeddable":true,"href":"https:\/\/klar.sk\/en\/wp-json\/wp\/v2\/tags\/?post=5384"}],"curies":[{"name":"wp","href":"https:\/\/api.w.org\/{rel}","templated":true}]}}