{"id":5421,"date":"2019-01-11T11:26:03","date_gmt":"2019-01-11T10:26:03","guid":{"rendered":"https:\/\/klar.sk\/?page_id=5421"},"modified":"2019-01-18T12:07:56","modified_gmt":"2019-01-18T11:07:56","slug":"weddings-and-family-parties","status":"publish","type":"page","link":"https:\/\/klar.sk\/en\/weddings-and-family-parties\/","title":{"rendered":"Weddings and family parties"},"content":{"rendered":"<p>[vc_row][vc_column][vc_empty_space][vc_single_image image=&#8220;5661&#8243; img_size=&#8220;720&#215;460&#8243; alignment=&#8220;center&#8220;][vc_empty_space]<h3 class=\"center-title\">The right place for celebrating the great moments in your life<\/h3><div class=\"title-block-1\"><\/div>[vc_column_text]<\/p>\n<p style=\"text-align: center;\">The most important day of your life is coming and you are looking for a place where you can celebrate it with all your friends and family.<\/p>\n<p style=\"text-align: center;\">Hotel Klar is the right place for this purpose. You may book wedding lounge for 30-100 people. Its part is 70m2 dancefloor in a large lounge but also a small dance floor in a small lounge for the music group or DJ and of course bar snacks and open bars.<\/p>\n<p style=\"text-align: center;\">Spacious crush room with changing rooms provide perfect comfort at the entry and before leaving the party. One part of it is also a place for the photographer and kids\u00b4 corner.<\/p>\n<p style=\"text-align: center;\">There is a barrier free entry and lift, so people with wheelchair will not have a problem to get there.<\/p>\n<p style=\"text-align: center;\">We offer the area of our hotel also for other family and private celebrations &#8211; graduation parties, birthdays or other celebrations.<\/p>\n<p>&nbsp;<\/p>\n<p>[\/vc_column_text][vc_empty_space][\/vc_column][\/vc_row][vc_row content_placement=&#8220;middle&#8220; type=&#8220;full_width_section&#8220;][vc_column][vc_images_carousel images=&#8220;5656,5658,5660,5661,5685,5684,5683,5682,5699,5706,5708,5651,5650,5649,697&#8243; img_size=&#8220;720&#215;460&#8243; speed=&#8220;3000&#8243; autoplay=&#8220;yes&#8220; wrap=&#8220;yes&#8220; title=&#8220;Wedding decorations&#8220;][vc_empty_space height=&#8220;40px&#8220;][\/vc_column][\/vc_row][vc_row][vc_column width=&#8220;1\/3&#8243;]<h4>Bar and open bar<br \/>\n<\/h4><div class=\"title-block-6\"><\/div>[vc_column_text]Open bar and place for preparation and meals and drinks delivery in a\u00a0large lounge and lounge bar.[\/vc_column_text][vc_empty_space][\/vc_column][vc_column width=&#8220;1\/3&#8243;]<h4>Crushroom with changing room<\/h4><div class=\"title-block-6\"><\/div>[vc_column_text]You may put your coat in the entrance, we welcome here the guests, and there is a\u00a0place for photographer and kids\u00b4corner.[\/vc_column_text][\/vc_column][vc_column width=&#8220;1\/3&#8243;]<h4>Lift and barrier free entrance<\/h4><div class=\"title-block-6\"><\/div>[vc_column_text]Barrier free entrance with a\u00a0lift for immobile guests and mothers with prams.[\/vc_column_text][\/vc_column][\/vc_row][vc_row][vc_column width=&#8220;1\/3&#8243;]<h4>Dance floor<\/h4><div class=\"title-block-6\"><\/div>[vc_column_text]70m2 dance floor in a\u00a0large lounge and there is also a\u00a0small dance floor in the smaller lounge.[\/vc_column_text][\/vc_column][vc_column width=&#8220;1\/3&#8243;]<h4>Stage for the music group (DJ)<\/h4><div class=\"title-block-6\"><\/div>[vc_column_text]The group has a sufficient place to open his sound equipment and tools.[\/vc_column_text][\/vc_column][vc_column width=&#8220;1\/3&#8243;]<h4>Large lounge and small lounges<\/h4><div class=\"title-block-6\"><\/div>[vc_column_text]Wedding lounge for 100 persons or smaller lounges to 30 people.[\/vc_column_text][\/vc_column][\/vc_row][vc_row][vc_column][vc_empty_space height=&#8220;40px&#8220;][vc_cta h2=&#8220;Check out all our space for events&#8220; txt_align=&#8220;center&#8220; style=&#8220;flat&#8220; color=&#8220;chino&#8220; add_button=&#8220;bottom&#8220; btn_title=&#8220;Look at space&#8220; btn_color=&#8220;inverse&#8220; btn_align=&#8220;center&#8220; btn_link=&#8220;url:http%3A%2F%2Fklar.kolovratok.sk%2Fkongresy-a-firemne-akcie%2F|||&#8220;]We have a\u00a0large longue and 4 smaller lounges in our hotel. Everybody will find his or her suitable place here.[\/vc_cta][vc_empty_space][vc_column_text]<\/p>\n<h3>BOOK A PLACE FOR YOUR CELEBRATION:<\/h3>\n<p>[\/vc_column_text]\n<div class=\"wpcf7 no-js\" id=\"wpcf7-f5833-o1\" lang=\"en-US\" dir=\"ltr\">\n<div class=\"screen-reader-response\"><p role=\"status\" aria-live=\"polite\" aria-atomic=\"true\"><\/p> <ul><\/ul><\/div>\n<form action=\"\/en\/wp-json\/wp\/v2\/pages\/5421\/#wpcf7-f5833-o1\" method=\"post\" class=\"wpcf7-form init\" aria-label=\"Kontaktn\u00fd formul\u00e1r\" novalidate=\"novalidate\" data-status=\"init\">\n<div style=\"display: none;\">\n<input type=\"hidden\" name=\"_wpcf7\" value=\"5833\" \/>\n<input type=\"hidden\" name=\"_wpcf7_version\" value=\"5.8.3\" \/>\n<input type=\"hidden\" name=\"_wpcf7_locale\" value=\"en_US\" \/>\n<input type=\"hidden\" name=\"_wpcf7_unit_tag\" value=\"wpcf7-f5833-o1\" \/>\n<input type=\"hidden\" name=\"_wpcf7_container_post\" value=\"0\" \/>\n<input type=\"hidden\" name=\"_wpcf7_posted_data_hash\" value=\"\" \/>\n<input type=\"hidden\" name=\"_wpcf7cf_hidden_group_fields\" value=\"[]\" \/>\n<input type=\"hidden\" name=\"_wpcf7cf_hidden_groups\" value=\"[]\" \/>\n<input type=\"hidden\" name=\"_wpcf7cf_visible_groups\" value=\"[]\" \/>\n<input type=\"hidden\" name=\"_wpcf7cf_repeaters\" value=\"[]\" \/>\n<input type=\"hidden\" name=\"_wpcf7cf_steps\" value=\"{}\" \/>\n<input type=\"hidden\" name=\"_wpcf7cf_options\" value=\"{&quot;form_id&quot;:5833,&quot;conditions&quot;:[],&quot;settings&quot;:{&quot;animation&quot;:&quot;yes&quot;,&quot;animation_intime&quot;:200,&quot;animation_outtime&quot;:200,&quot;conditions_ui&quot;:&quot;normal&quot;,&quot;notice_dismissed&quot;:false,&quot;notice_dismissed_update-cf7-5.8.2&quot;:true}}\" \/>\n<input type=\"hidden\" name=\"_wpcf7_recaptcha_response\" value=\"\" \/>\n<\/div>\n<p><label>Your name *<br \/>\n<span class=\"wpcf7-form-control-wrap\" data-name=\"your-name\"><input size=\"40\" class=\"wpcf7-form-control wpcf7-text wpcf7-validates-as-required\" aria-required=\"true\" aria-invalid=\"false\" value=\"\" type=\"text\" name=\"your-name\" \/><\/span> <\/label>\n<\/p>\n<p><label> Your e-mail *<br \/>\n<span class=\"wpcf7-form-control-wrap\" data-name=\"your-email\"><input size=\"40\" class=\"wpcf7-form-control wpcf7-email wpcf7-validates-as-required wpcf7-text wpcf7-validates-as-email\" aria-required=\"true\" aria-invalid=\"false\" value=\"\" type=\"email\" name=\"your-email\" \/><\/span> <\/label>\n<\/p>\n<p><label> Phone number *<br \/>\n<span class=\"wpcf7-form-control-wrap\" data-name=\"mobil\"><input size=\"40\" class=\"wpcf7-form-control wpcf7-tel wpcf7-validates-as-required wpcf7-text wpcf7-validates-as-tel\" aria-required=\"true\" aria-invalid=\"false\" value=\"\" type=\"tel\" name=\"mobil\" \/><\/span> <\/label>\n<\/p>\n<p><label> Date<br \/>\n<span class=\"wpcf7-form-control-wrap\" data-name=\"date-781\"><input class=\"wpcf7-form-control wpcf7-date wpcf7-validates-as-date\" aria-invalid=\"false\" value=\"\" type=\"date\" name=\"date-781\" \/><\/span> <\/label>\n<\/p>\n<p><label> Number of guests (approximately)<br \/>\n<span class=\"wpcf7-form-control-wrap\" data-name=\"number-29\"><input class=\"wpcf7-form-control wpcf7-number wpcf7-validates-as-number\" aria-invalid=\"false\" value=\"\" type=\"number\" name=\"number-29\" \/><\/span> <\/label>\n<\/p>\n\n<p><input class=\"wpcf7-form-control wpcf7-submit has-spinner\" type=\"submit\" value=\"Odosla\u0165\" \/>\n<\/p><div class=\"wpcf7-response-output\" aria-hidden=\"true\"><\/div>\n<\/form>\n<\/div>\n[vc_empty_space][\/vc_column][\/vc_row]<\/p>\n","protected":false},"excerpt":{"rendered":"<p>[vc_row][vc_column][vc_empty_space][vc_single_image image=&#8220;5661&#8243; img_size=&#8220;720&#215;460&#8243; alignment=&#8220;center&#8220;][vc_empty_space][vc_column_text] The most important day of your life is coming and you are looking for a place where you can celebrate it with all your friends and family. Hotel Klar is the right place for this purpose. You may book wedding lounge for 30-100 people. Its part is 70m2 dancefloor in a<\/p>\n<a href=\"https:\/\/klar.sk\/en\/weddings-and-family-parties\/\" class=\"more-link\">Read More<\/a>","protected":false},"author":5,"featured_media":0,"parent":0,"menu_order":0,"comment_status":"closed","ping_status":"open","template":"","meta":{"_mi_skip_tracking":false,"_exactmetrics_sitenote_active":false,"_exactmetrics_sitenote_note":"","_exactmetrics_sitenote_category":0,"footnotes":""},"yoast_head":"<!-- This site is optimized with the Yoast SEO plugin v21.5 - https:\/\/yoast.com\/wordpress\/plugins\/seo\/ -->\n<title>Weddings and family parties | KLAR Hotel<\/title>\n<meta name=\"description\" content=\"Zorganizujte va\u0161u svadbu v na\u0161om hoteli KLAR v Liptovskom Mikul\u00e1\u0161i. Postar\u00e1me sa o mal\u00e9 akcie, ale k\u013eudne aj o svadby pre 150 host\u00ed.\" \/>\n<meta name=\"robots\" content=\"index, follow, max-snippet:-1, max-image-preview:large, max-video-preview:-1\" \/>\n<link rel=\"canonical\" href=\"https:\/\/klar.sk\/weddings-and-family-parties\/\" \/>\n<meta property=\"og:locale\" content=\"sk_SK\" \/>\n<meta property=\"og:type\" content=\"article\" \/>\n<meta property=\"og:title\" content=\"Weddings and family parties | KLAR Hotel\" \/>\n<meta property=\"og:description\" content=\"Zorganizujte va\u0161u svadbu v na\u0161om hoteli KLAR v Liptovskom Mikul\u00e1\u0161i. Postar\u00e1me sa o mal\u00e9 akcie, ale k\u013eudne aj o svadby pre 150 host\u00ed.\" \/>\n<meta property=\"og:url\" content=\"https:\/\/klar.sk\/en\/weddings-and-family-parties\/\" \/>\n<meta property=\"og:site_name\" content=\"KLAR Hotel\" \/>\n<meta property=\"article:modified_time\" content=\"2019-01-18T11:07:56+00:00\" \/>\n<meta name=\"twitter:card\" content=\"summary_large_image\" \/>\n<meta name=\"twitter:label1\" content=\"Predpokladan\u00fd \u010das \u010d\u00edtania\" \/>\n\t<meta name=\"twitter:data1\" content=\"3 min\u00faty\" \/>\n<script type=\"application\/ld+json\" class=\"yoast-schema-graph\">{\"@context\":\"https:\/\/schema.org\",\"@graph\":[{\"@type\":\"WebPage\",\"@id\":\"https:\/\/klar.sk\/en\/weddings-and-family-parties\/\",\"url\":\"https:\/\/klar.sk\/en\/weddings-and-family-parties\/\",\"name\":\"Weddings and family parties | KLAR Hotel\",\"isPartOf\":{\"@id\":\"https:\/\/klar.sk\/#website\"},\"datePublished\":\"2019-01-11T10:26:03+00:00\",\"dateModified\":\"2019-01-18T11:07:56+00:00\",\"description\":\"Zorganizujte va\u0161u svadbu v na\u0161om hoteli KLAR v Liptovskom Mikul\u00e1\u0161i. Postar\u00e1me sa o mal\u00e9 akcie, ale k\u013eudne aj o svadby pre 150 host\u00ed.\",\"breadcrumb\":{\"@id\":\"https:\/\/klar.sk\/en\/weddings-and-family-parties\/#breadcrumb\"},\"inLanguage\":\"sk-SK\",\"potentialAction\":[{\"@type\":\"ReadAction\",\"target\":[\"https:\/\/klar.sk\/en\/weddings-and-family-parties\/\"]}]},{\"@type\":\"BreadcrumbList\",\"@id\":\"https:\/\/klar.sk\/en\/weddings-and-family-parties\/#breadcrumb\",\"itemListElement\":[{\"@type\":\"ListItem\",\"position\":1,\"name\":\"Home\",\"item\":\"https:\/\/klar.sk\/\"},{\"@type\":\"ListItem\",\"position\":2,\"name\":\"Weddings and family parties\"}]},{\"@type\":\"WebSite\",\"@id\":\"https:\/\/klar.sk\/#website\",\"url\":\"https:\/\/klar.sk\/\",\"name\":\"KLAR Hotel\",\"description\":\"Super hotel v Liptovskom Mikul\u00e1\u0161i\",\"publisher\":{\"@id\":\"https:\/\/klar.sk\/#organization\"},\"potentialAction\":[{\"@type\":\"SearchAction\",\"target\":{\"@type\":\"EntryPoint\",\"urlTemplate\":\"https:\/\/klar.sk\/?s={search_term_string}\"},\"query-input\":\"required name=search_term_string\"}],\"inLanguage\":\"sk-SK\"},{\"@type\":\"Organization\",\"@id\":\"https:\/\/klar.sk\/#organization\",\"name\":\"Hotel Klar ***\",\"url\":\"https:\/\/klar.sk\/\",\"logo\":{\"@type\":\"ImageObject\",\"inLanguage\":\"sk-SK\",\"@id\":\"https:\/\/klar.sk\/#\/schema\/logo\/image\/\",\"url\":\"https:\/\/klar.sk\/wp-content\/uploads\/2018\/09\/logo.png\",\"contentUrl\":\"https:\/\/klar.sk\/wp-content\/uploads\/2018\/09\/logo.png\",\"width\":115,\"height\":96,\"caption\":\"Hotel Klar ***\"},\"image\":{\"@id\":\"https:\/\/klar.sk\/#\/schema\/logo\/image\/\"}}]}<\/script>\n<!-- \/ Yoast SEO plugin. -->","yoast_head_json":{"title":"Weddings and family parties | KLAR Hotel","description":"Zorganizujte va\u0161u svadbu v na\u0161om hoteli KLAR v Liptovskom Mikul\u00e1\u0161i. Postar\u00e1me sa o mal\u00e9 akcie, ale k\u013eudne aj o svadby pre 150 host\u00ed.","robots":{"index":"index","follow":"follow","max-snippet":"max-snippet:-1","max-image-preview":"max-image-preview:large","max-video-preview":"max-video-preview:-1"},"canonical":"https:\/\/klar.sk\/weddings-and-family-parties\/","og_locale":"sk_SK","og_type":"article","og_title":"Weddings and family parties | KLAR Hotel","og_description":"Zorganizujte va\u0161u svadbu v na\u0161om hoteli KLAR v Liptovskom Mikul\u00e1\u0161i. Postar\u00e1me sa o mal\u00e9 akcie, ale k\u013eudne aj o svadby pre 150 host\u00ed.","og_url":"https:\/\/klar.sk\/en\/weddings-and-family-parties\/","og_site_name":"KLAR Hotel","article_modified_time":"2019-01-18T11:07:56+00:00","twitter_card":"summary_large_image","twitter_misc":{"Predpokladan\u00fd \u010das \u010d\u00edtania":"3 min\u00faty"},"schema":{"@context":"https:\/\/schema.org","@graph":[{"@type":"WebPage","@id":"https:\/\/klar.sk\/en\/weddings-and-family-parties\/","url":"https:\/\/klar.sk\/en\/weddings-and-family-parties\/","name":"Weddings and family parties | KLAR Hotel","isPartOf":{"@id":"https:\/\/klar.sk\/#website"},"datePublished":"2019-01-11T10:26:03+00:00","dateModified":"2019-01-18T11:07:56+00:00","description":"Zorganizujte va\u0161u svadbu v na\u0161om hoteli KLAR v Liptovskom Mikul\u00e1\u0161i. Postar\u00e1me sa o mal\u00e9 akcie, ale k\u013eudne aj o svadby pre 150 host\u00ed.","breadcrumb":{"@id":"https:\/\/klar.sk\/en\/weddings-and-family-parties\/#breadcrumb"},"inLanguage":"sk-SK","potentialAction":[{"@type":"ReadAction","target":["https:\/\/klar.sk\/en\/weddings-and-family-parties\/"]}]},{"@type":"BreadcrumbList","@id":"https:\/\/klar.sk\/en\/weddings-and-family-parties\/#breadcrumb","itemListElement":[{"@type":"ListItem","position":1,"name":"Home","item":"https:\/\/klar.sk\/"},{"@type":"ListItem","position":2,"name":"Weddings and family parties"}]},{"@type":"WebSite","@id":"https:\/\/klar.sk\/#website","url":"https:\/\/klar.sk\/","name":"KLAR Hotel","description":"Super hotel v Liptovskom Mikul\u00e1\u0161i","publisher":{"@id":"https:\/\/klar.sk\/#organization"},"potentialAction":[{"@type":"SearchAction","target":{"@type":"EntryPoint","urlTemplate":"https:\/\/klar.sk\/?s={search_term_string}"},"query-input":"required name=search_term_string"}],"inLanguage":"sk-SK"},{"@type":"Organization","@id":"https:\/\/klar.sk\/#organization","name":"Hotel Klar ***","url":"https:\/\/klar.sk\/","logo":{"@type":"ImageObject","inLanguage":"sk-SK","@id":"https:\/\/klar.sk\/#\/schema\/logo\/image\/","url":"https:\/\/klar.sk\/wp-content\/uploads\/2018\/09\/logo.png","contentUrl":"https:\/\/klar.sk\/wp-content\/uploads\/2018\/09\/logo.png","width":115,"height":96,"caption":"Hotel Klar ***"},"image":{"@id":"https:\/\/klar.sk\/#\/schema\/logo\/image\/"}}]}},"_links":{"self":[{"href":"https:\/\/klar.sk\/en\/wp-json\/wp\/v2\/pages\/5421\/"}],"collection":[{"href":"https:\/\/klar.sk\/en\/wp-json\/wp\/v2\/pages\/"}],"about":[{"href":"https:\/\/klar.sk\/en\/wp-json\/wp\/v2\/types\/page\/"}],"author":[{"embeddable":true,"href":"https:\/\/klar.sk\/en\/wp-json\/wp\/v2\/users\/5\/"}],"replies":[{"embeddable":true,"href":"https:\/\/klar.sk\/en\/wp-json\/wp\/v2\/comments\/?post=5421"}],"version-history":[{"count":7,"href":"https:\/\/klar.sk\/en\/wp-json\/wp\/v2\/pages\/5421\/revisions\/"}],"predecessor-version":[{"id":5834,"href":"https:\/\/klar.sk\/en\/wp-json\/wp\/v2\/pages\/5421\/revisions\/5834\/"}],"wp:attachment":[{"href":"https:\/\/klar.sk\/en\/wp-json\/wp\/v2\/media\/?parent=5421"}],"curies":[{"name":"wp","href":"https:\/\/api.w.org\/{rel}","templated":true}]}}