{"id":5451,"date":"2019-01-11T14:10:08","date_gmt":"2019-01-11T13:10:08","guid":{"rendered":"https:\/\/klar.sk\/?page_id=5451"},"modified":"2019-01-18T12:48:18","modified_gmt":"2019-01-18T11:48:18","slug":"kongresova-sala","status":"publish","type":"page","link":"https:\/\/klar.sk\/en\/kongresova-sala\/","title":{"rendered":"Congress hall"},"content":{"rendered":"<p>[vc_row][vc_column][vc_empty_space][vc_column_text]<iframe loading=\"lazy\" style=\"border: 0;\" src=\"https:\/\/www.google.com\/maps\/embed?pb=!1m0!3m2!1scs!2sus!4v1459970106165!6m8!1m7!1sJKx7aQecHTwAAAQvOqdFlw!2m2!1d49.0791119089853!2d19.63309971681861!3f238.26357581095579!4f-8.72878169502367!5f0.7820865974627469\" width=\"100%\" height=\"435\" frameborder=\"0\" allowfullscreen=\"allowfullscreen\" data-mce-fragment=\"1\"><\/iframe>[\/vc_column_text][vc_empty_space]<h3 class=\"center-title\">Multifunctional large hall<\/h3><div class=\"title-block-1\"><\/div>[vc_column_text]<\/p>\n<p style=\"text-align: center;\">Our largest hall has 18 x 15 metres. In the case of need, it is possible to join this space with small loung no.1 and increase its size by another approximately 36m2. When sitting as at cinema, the capacity is 150 places. When sitting as in classrom with tables, 96 places and U\u00a0shape sitting 120 seats.<\/p>\n<p style=\"text-align: center;\">Technical equipment of this space includes: projecting screen and dataprocejtor, Flipchart, Sound, Large TV, Office services, Copying machine, scanner.<\/p>\n<p style=\"text-align: center;\">Conference hall is barrier free accesible. There is a changing room, open bar and relaxing zone with seats in the entry.<\/p>\n<p style=\"text-align: center;\">The visitors of congress or conference have hotel carpark, free intrent WI-Fi and barrier free toilets and a lift at disposal.<\/p>\n<p>[\/vc_column_text][\/vc_column][\/vc_row][vc_row][vc_column][vc_empty_space][vc_separator][vc_empty_space][\/vc_column][\/vc_row][vc_row][vc_column width=&#8220;1\/3&#8243;]<h4>Technical equipment<\/h4><div class=\"title-block-6\"><\/div>[vc_column_text]<\/p>\n<ul>\n<li>Projection screen and dataprojector<\/li>\n<li>Flipchart<\/li>\n<li>Sound &#8211; microphone, speaker<\/li>\n<li>Large-screen Led TV<\/li>\n<li>Office services<\/li>\n<li>Computer, copying machine, scanner<\/li>\n<\/ul>\n<p>[\/vc_column_text][\/vc_column][vc_column width=&#8220;1\/3&#8243;]<h4>Capacity<\/h4><div class=\"title-block-6\"><\/div>[vc_column_text]<\/p>\n<ul>\n<li>Whole area of cca 320 m2 (17,9 m x 14,8 m)<\/li>\n<li>School sitting 96\u00a0 seats (48 seats 1 row)<\/li>\n<li>Cinema sitting 150 seats<\/li>\n<li>\u201cU\u201dshaped sitting 120 seats ( 2 \u201cU\u201d sitting x 60 seats)<\/li>\n<\/ul>\n<p>[\/vc_column_text][\/vc_column][vc_column width=&#8220;1\/3&#8243;]<h4>Available<\/h4><div class=\"title-block-6\"><\/div>[vc_column_text]<\/p>\n<ul>\n<li>Barrier free area with bar<\/li>\n<li>Entrances crush room with changing room and relaxing area<\/li>\n<li>Barrier free toilets and lift<\/li>\n<li>Free cable and wi-fi internet<\/li>\n<\/ul>\n<p>[\/vc_column_text][\/vc_column][\/vc_row][vc_row][vc_column][vc_empty_space]<!-- BEGIN .content-wrapper-outer -->\n\t<section class=\".content-wrapper-outer clearfix call-to-action-1-section\" style=\"background:url(https:\/\/klar.sk\/wp-content\/uploads\/2018\/09\/online-bg.png) no-repeat center top;\">\n\n\t\t<div class=\"call-to-action-1-section-inner\">\n\n\t\t\t<h3>Book a space for a company event<\/h3>\n\t\t\t<a href=\"#firemnaakcia\" class=\"button0\">Booking<i class=\"fa fa-angle-right\"><\/i><\/a>\n\n\t\t<\/div>\n\n\t<!-- END .content-wrapper-outer -->\n\t<\/section>[vc_empty_space][vc_images_carousel images=&#8220;5643,5642,5640,5639,5638,5637&#8243; img_size=&#8220;720&#215;460&#8243; speed=&#8220;3000&#8243; autoplay=&#8220;yes&#8220;][vc_empty_space][vc_column_text]<\/p>\n<h3><a id=\"firemnaakcia\"><\/a>ASK FOR BUSINESS EVENT CALCULATION:<\/h3>\n<p>[\/vc_column_text]\n<div class=\"wpcf7 no-js\" id=\"wpcf7-f5814-o1\" lang=\"en-US\" dir=\"ltr\">\n<div class=\"screen-reader-response\"><p role=\"status\" aria-live=\"polite\" aria-atomic=\"true\"><\/p> <ul><\/ul><\/div>\n<form action=\"\/en\/wp-json\/wp\/v2\/pages\/5451\/#wpcf7-f5814-o1\" method=\"post\" class=\"wpcf7-form init\" aria-label=\"Kontaktn\u00fd formul\u00e1r\" novalidate=\"novalidate\" data-status=\"init\">\n<div style=\"display: none;\">\n<input type=\"hidden\" name=\"_wpcf7\" value=\"5814\" \/>\n<input type=\"hidden\" name=\"_wpcf7_version\" value=\"5.8.3\" \/>\n<input type=\"hidden\" name=\"_wpcf7_locale\" value=\"en_US\" \/>\n<input type=\"hidden\" name=\"_wpcf7_unit_tag\" value=\"wpcf7-f5814-o1\" \/>\n<input type=\"hidden\" name=\"_wpcf7_container_post\" value=\"0\" \/>\n<input type=\"hidden\" name=\"_wpcf7_posted_data_hash\" value=\"\" \/>\n<input type=\"hidden\" name=\"_wpcf7cf_hidden_group_fields\" value=\"[]\" \/>\n<input type=\"hidden\" name=\"_wpcf7cf_hidden_groups\" value=\"[]\" \/>\n<input type=\"hidden\" name=\"_wpcf7cf_visible_groups\" value=\"[]\" \/>\n<input type=\"hidden\" name=\"_wpcf7cf_repeaters\" value=\"[]\" \/>\n<input type=\"hidden\" name=\"_wpcf7cf_steps\" value=\"{}\" \/>\n<input type=\"hidden\" name=\"_wpcf7cf_options\" value=\"{&quot;form_id&quot;:5814,&quot;conditions&quot;:[],&quot;settings&quot;:{&quot;animation&quot;:&quot;yes&quot;,&quot;animation_intime&quot;:200,&quot;animation_outtime&quot;:200,&quot;conditions_ui&quot;:&quot;normal&quot;,&quot;notice_dismissed&quot;:false,&quot;notice_dismissed_update-cf7-5.8.2&quot;:true}}\" \/>\n<input type=\"hidden\" name=\"_wpcf7_recaptcha_response\" value=\"\" \/>\n<\/div>\n<p><label> Your name and surname*<br \/>\n<span class=\"wpcf7-form-control-wrap\" data-name=\"your-name\"><input size=\"40\" class=\"wpcf7-form-control wpcf7-text wpcf7-validates-as-required\" aria-required=\"true\" aria-invalid=\"false\" value=\"\" type=\"text\" name=\"your-name\" \/><\/span> <\/label>\n<\/p>\n<p><label> Your email*<br \/>\n<span class=\"wpcf7-form-control-wrap\" data-name=\"your-email\"><input size=\"40\" class=\"wpcf7-form-control wpcf7-email wpcf7-validates-as-required wpcf7-text wpcf7-validates-as-email\" aria-required=\"true\" aria-invalid=\"false\" value=\"\" type=\"email\" name=\"your-email\" \/><\/span> <\/label>\n<\/p>\n<p><label> phone number*<br \/>\n<span class=\"wpcf7-form-control-wrap\" data-name=\"mobil\"><input size=\"40\" class=\"wpcf7-form-control wpcf7-tel wpcf7-validates-as-required wpcf7-text wpcf7-validates-as-tel\" aria-required=\"true\" aria-invalid=\"false\" value=\"\" type=\"tel\" name=\"mobil\" \/><\/span> <\/label>\n<\/p>\n<p><label> Your message:*<br \/>\n<span class=\"wpcf7-form-control-wrap\" data-name=\"your-message\"><textarea cols=\"40\" rows=\"10\" class=\"wpcf7-form-control wpcf7-textarea wpcf7-validates-as-required\" aria-required=\"true\" aria-invalid=\"false\" name=\"your-message\"><\/textarea><\/span> <\/label>\n<\/p>\n\n<p><input class=\"wpcf7-form-control wpcf7-submit has-spinner\" type=\"submit\" value=\"calculation for a business event\" \/>\n<\/p><div class=\"wpcf7-response-output\" aria-hidden=\"true\"><\/div>\n<\/form>\n<\/div>\n[\/vc_column][\/vc_row]<\/p>\n","protected":false},"excerpt":{"rendered":"<p>[vc_row][vc_column][vc_empty_space][vc_column_text][\/vc_column_text][vc_empty_space][vc_column_text] Our largest hall has 18 x 15 metres. In the case of need, it is possible to join this space with small loung no.1 and increase its size by another approximately 36m2. When sitting as at cinema, the capacity is 150 places. When sitting as in classrom with tables, 96 places and U\u00a0shape sitting<\/p>\n<a href=\"https:\/\/klar.sk\/en\/kongresova-sala\/\" class=\"more-link\">Read More<\/a>","protected":false},"author":5,"featured_media":0,"parent":0,"menu_order":0,"comment_status":"closed","ping_status":"closed","template":"","meta":{"_mi_skip_tracking":false,"_exactmetrics_sitenote_active":false,"_exactmetrics_sitenote_note":"","_exactmetrics_sitenote_category":0,"footnotes":""},"yoast_head":"<!-- This site is optimized with the Yoast SEO plugin v21.5 - https:\/\/yoast.com\/wordpress\/plugins\/seo\/ -->\n<title>Congress hall | KLAR Hotel<\/title>\n<meta name=\"robots\" content=\"index, follow, max-snippet:-1, max-image-preview:large, max-video-preview:-1\" \/>\n<link rel=\"canonical\" href=\"https:\/\/klar.sk\/kongresova-sala\/\" \/>\n<meta property=\"og:locale\" content=\"sk_SK\" \/>\n<meta property=\"og:type\" content=\"article\" \/>\n<meta property=\"og:title\" content=\"Congress hall | KLAR Hotel\" \/>\n<meta property=\"og:description\" content=\"[vc_row][vc_column][vc_empty_space][vc_column_text][\/vc_column_text][vc_empty_space][vc_column_text] Our largest hall has 18 x 15 metres. In the case of need, it is possible to join this space with small loung no.1 and increase its size by another approximately 36m2. When sitting as at cinema, the capacity is 150 places. When sitting as in classrom with tables, 96 places and U\u00a0shape sitting\" \/>\n<meta property=\"og:url\" content=\"https:\/\/klar.sk\/kongresova-sala\/\" \/>\n<meta property=\"og:site_name\" content=\"KLAR Hotel\" \/>\n<meta property=\"article:modified_time\" content=\"2019-01-18T11:48:18+00:00\" \/>\n<meta name=\"twitter:card\" content=\"summary_large_image\" \/>\n<meta name=\"twitter:label1\" content=\"Predpokladan\u00fd \u010das \u010d\u00edtania\" \/>\n\t<meta name=\"twitter:data1\" content=\"2 min\u00faty\" \/>\n<script type=\"application\/ld+json\" class=\"yoast-schema-graph\">{\"@context\":\"https:\/\/schema.org\",\"@graph\":[{\"@type\":\"WebPage\",\"@id\":\"https:\/\/klar.sk\/kongresova-sala\/\",\"url\":\"https:\/\/klar.sk\/kongresova-sala\/\",\"name\":\"Congress hall | KLAR Hotel\",\"isPartOf\":{\"@id\":\"https:\/\/klar.sk\/#website\"},\"datePublished\":\"2019-01-11T13:10:08+00:00\",\"dateModified\":\"2019-01-18T11:48:18+00:00\",\"breadcrumb\":{\"@id\":\"https:\/\/klar.sk\/kongresova-sala\/#breadcrumb\"},\"inLanguage\":\"sk-SK\",\"potentialAction\":[{\"@type\":\"ReadAction\",\"target\":[\"https:\/\/klar.sk\/kongresova-sala\/\"]}]},{\"@type\":\"BreadcrumbList\",\"@id\":\"https:\/\/klar.sk\/kongresova-sala\/#breadcrumb\",\"itemListElement\":[{\"@type\":\"ListItem\",\"position\":1,\"name\":\"Home\",\"item\":\"https:\/\/klar.sk\/\"},{\"@type\":\"ListItem\",\"position\":2,\"name\":\"Congress hall\"}]},{\"@type\":\"WebSite\",\"@id\":\"https:\/\/klar.sk\/#website\",\"url\":\"https:\/\/klar.sk\/\",\"name\":\"KLAR Hotel\",\"description\":\"Super hotel v Liptovskom Mikul\u00e1\u0161i\",\"publisher\":{\"@id\":\"https:\/\/klar.sk\/#organization\"},\"potentialAction\":[{\"@type\":\"SearchAction\",\"target\":{\"@type\":\"EntryPoint\",\"urlTemplate\":\"https:\/\/klar.sk\/?s={search_term_string}\"},\"query-input\":\"required name=search_term_string\"}],\"inLanguage\":\"sk-SK\"},{\"@type\":\"Organization\",\"@id\":\"https:\/\/klar.sk\/#organization\",\"name\":\"Hotel Klar ***\",\"url\":\"https:\/\/klar.sk\/\",\"logo\":{\"@type\":\"ImageObject\",\"inLanguage\":\"sk-SK\",\"@id\":\"https:\/\/klar.sk\/#\/schema\/logo\/image\/\",\"url\":\"https:\/\/klar.sk\/wp-content\/uploads\/2018\/09\/logo.png\",\"contentUrl\":\"https:\/\/klar.sk\/wp-content\/uploads\/2018\/09\/logo.png\",\"width\":115,\"height\":96,\"caption\":\"Hotel Klar ***\"},\"image\":{\"@id\":\"https:\/\/klar.sk\/#\/schema\/logo\/image\/\"}}]}<\/script>\n<!-- \/ Yoast SEO plugin. -->","yoast_head_json":{"title":"Congress hall | KLAR Hotel","robots":{"index":"index","follow":"follow","max-snippet":"max-snippet:-1","max-image-preview":"max-image-preview:large","max-video-preview":"max-video-preview:-1"},"canonical":"https:\/\/klar.sk\/kongresova-sala\/","og_locale":"sk_SK","og_type":"article","og_title":"Congress hall | KLAR Hotel","og_description":"[vc_row][vc_column][vc_empty_space][vc_column_text][\/vc_column_text][vc_empty_space][vc_column_text] Our largest hall has 18 x 15 metres. In the case of need, it is possible to join this space with small loung no.1 and increase its size by another approximately 36m2. When sitting as at cinema, the capacity is 150 places. When sitting as in classrom with tables, 96 places and U\u00a0shape sitting","og_url":"https:\/\/klar.sk\/kongresova-sala\/","og_site_name":"KLAR Hotel","article_modified_time":"2019-01-18T11:48:18+00:00","twitter_card":"summary_large_image","twitter_misc":{"Predpokladan\u00fd \u010das \u010d\u00edtania":"2 min\u00faty"},"schema":{"@context":"https:\/\/schema.org","@graph":[{"@type":"WebPage","@id":"https:\/\/klar.sk\/kongresova-sala\/","url":"https:\/\/klar.sk\/kongresova-sala\/","name":"Congress hall | KLAR Hotel","isPartOf":{"@id":"https:\/\/klar.sk\/#website"},"datePublished":"2019-01-11T13:10:08+00:00","dateModified":"2019-01-18T11:48:18+00:00","breadcrumb":{"@id":"https:\/\/klar.sk\/kongresova-sala\/#breadcrumb"},"inLanguage":"sk-SK","potentialAction":[{"@type":"ReadAction","target":["https:\/\/klar.sk\/kongresova-sala\/"]}]},{"@type":"BreadcrumbList","@id":"https:\/\/klar.sk\/kongresova-sala\/#breadcrumb","itemListElement":[{"@type":"ListItem","position":1,"name":"Home","item":"https:\/\/klar.sk\/"},{"@type":"ListItem","position":2,"name":"Congress hall"}]},{"@type":"WebSite","@id":"https:\/\/klar.sk\/#website","url":"https:\/\/klar.sk\/","name":"KLAR Hotel","description":"Super hotel v Liptovskom Mikul\u00e1\u0161i","publisher":{"@id":"https:\/\/klar.sk\/#organization"},"potentialAction":[{"@type":"SearchAction","target":{"@type":"EntryPoint","urlTemplate":"https:\/\/klar.sk\/?s={search_term_string}"},"query-input":"required name=search_term_string"}],"inLanguage":"sk-SK"},{"@type":"Organization","@id":"https:\/\/klar.sk\/#organization","name":"Hotel Klar ***","url":"https:\/\/klar.sk\/","logo":{"@type":"ImageObject","inLanguage":"sk-SK","@id":"https:\/\/klar.sk\/#\/schema\/logo\/image\/","url":"https:\/\/klar.sk\/wp-content\/uploads\/2018\/09\/logo.png","contentUrl":"https:\/\/klar.sk\/wp-content\/uploads\/2018\/09\/logo.png","width":115,"height":96,"caption":"Hotel Klar ***"},"image":{"@id":"https:\/\/klar.sk\/#\/schema\/logo\/image\/"}}]}},"_links":{"self":[{"href":"https:\/\/klar.sk\/en\/wp-json\/wp\/v2\/pages\/5451\/"}],"collection":[{"href":"https:\/\/klar.sk\/en\/wp-json\/wp\/v2\/pages\/"}],"about":[{"href":"https:\/\/klar.sk\/en\/wp-json\/wp\/v2\/types\/page\/"}],"author":[{"embeddable":true,"href":"https:\/\/klar.sk\/en\/wp-json\/wp\/v2\/users\/5\/"}],"replies":[{"embeddable":true,"href":"https:\/\/klar.sk\/en\/wp-json\/wp\/v2\/comments\/?post=5451"}],"version-history":[{"count":5,"href":"https:\/\/klar.sk\/en\/wp-json\/wp\/v2\/pages\/5451\/revisions\/"}],"predecessor-version":[{"id":5838,"href":"https:\/\/klar.sk\/en\/wp-json\/wp\/v2\/pages\/5451\/revisions\/5838\/"}],"wp:attachment":[{"href":"https:\/\/klar.sk\/en\/wp-json\/wp\/v2\/media\/?parent=5451"}],"curies":[{"name":"wp","href":"https:\/\/api.w.org\/{rel}","templated":true}]}}