{"id":5454,"date":"2019-01-11T15:22:56","date_gmt":"2019-01-11T14:22:56","guid":{"rendered":"https:\/\/klar.sk\/?page_id=5454"},"modified":"2019-01-18T13:22:33","modified_gmt":"2019-01-18T12:22:33","slug":"lounge-s3","status":"publish","type":"page","link":"https:\/\/klar.sk\/en\/lounge-s3\/","title":{"rendered":"Lounge  S3"},"content":{"rendered":"<p>[vc_row][vc_column][vc_empty_space][vc_column_text]<iframe loading=\"lazy\" style=\"border: 0;\" src=\"https:\/\/www.google.com\/maps\/embed?pb=!1m0!3m2!1scs!2sus!4v1459970360322!6m8!1m7!1swQFDtICXNOAAAAQvOqb2aQ!2m2!1d49.07935051816754!2d19.6331032513865!3f63.472177893076044!4f-17.96012045422391!5f0.7820865974627469\" width=\"100%\" height=\"435\" frameborder=\"0\" allowfullscreen=\"allowfullscreen\" data-mce-fragment=\"1\"><\/iframe>[\/vc_column_text][vc_empty_space][vc_column_text]Are you a\u00a0<strong>businesman working from home<\/strong>, but sometimes you need non-disturbing business meeting outside your home? We have a\u00a0solution for you. \u201e60 min office. \u201c You may rent it really just for one hour.<\/p>\n<p>Are you a\u00a0<strong>masseur<\/strong> but it is not worth opening a\u00a0new premise? Not every client wishes you massage him-her at home. Arrange a\u00a0meeting with your client at our place. Shower cabinet\u00a0\u00a0 with loo and basin \u2013complete equipment are available.<\/p>\n<p>Are you<strong> cosmetologist<\/strong> and are you looking for another area for your activities? You may change our lounge into a\u00a0mobile beauty parlour in a\u00a0moment.<\/p>\n<p>You have training and need one small space for <strong>private business negotiation<\/strong>. Anyway, in a\u00a0classical salon you would get lost among a\u00a0number of empty chairs. Therefore we offer our mini lounge which is adjacent to lounge S2, where you will feel fine, although only two of you will be negotiating.[\/vc_column_text][\/vc_column][\/vc_row][vc_row][vc_column][vc_empty_space][vc_separator][vc_empty_space][\/vc_column][\/vc_row][vc_row][vc_column width=&#8220;1\/3&#8243;]<h4>Technical equipment<\/h4><div class=\"title-block-6\"><\/div>[vc_column_text]<\/p>\n<ul>\n<li>projection screen and dataprojector<\/li>\n<li>flipchart<\/li>\n<li>sound<\/li>\n<li>LED TV<\/li>\n<li>office services<\/li>\n<li>computer, copying machine, scanner<\/li>\n<\/ul>\n<p>[\/vc_column_text][\/vc_column][vc_column width=&#8220;1\/3&#8243;]<h4>Capacity<\/h4><div class=\"title-block-6\"><\/div>[vc_column_text]<\/p>\n<ul>\n<li>the size of the main room approximately 22m2 (3, 8 m x 5,8 m)<\/li>\n<li>suitable for 1-10 people<\/li>\n<li>whole size including the backround is approximately 36 m2<\/li>\n<\/ul>\n<p>[\/vc_column_text][\/vc_column][vc_column width=&#8220;1\/3&#8243;]<h4>Available<\/h4><div class=\"title-block-6\"><\/div>[vc_column_text]<\/p>\n<ul>\n<li>complete backround: waiting room, shower cabinet, loo, wash basin in the main room<\/li>\n<li>barrier free Access<\/li>\n<li>barrier free toilets and lift<\/li>\n<li>free intenret<\/li>\n<li>free parking lot<\/li>\n<\/ul>\n<p>[\/vc_column_text][\/vc_column][\/vc_row][vc_row][vc_column][vc_empty_space][vc_single_image image=&#8220;5429&#8243; img_size=&#8220;720&#215;509&#8243; alignment=&#8220;center&#8220; onclick=&#8220;link_image&#8220; title=&#8220;GROUND PLAN OF LOUNGE S3&#8243;][vc_separator][vc_empty_space][\/vc_column][\/vc_row][vc_row][vc_column][vc_empty_space]<!-- BEGIN .content-wrapper-outer -->\n\t<section class=\".content-wrapper-outer clearfix call-to-action-1-section\" style=\"background:url(https:\/\/klar.sk\/wp-content\/uploads\/2018\/09\/online-bg.png) no-repeat center top;\">\n\n\t\t<div class=\"call-to-action-1-section-inner\">\n\n\t\t\t<h3>Book a space for a company event<\/h3>\n\t\t\t<a href=\"#firemnaakcia\" class=\"button0\">Booking<i class=\"fa fa-angle-right\"><\/i><\/a>\n\n\t\t<\/div>\n\n\t<!-- END .content-wrapper-outer -->\n\t<\/section>[vc_empty_space][vc_column_text]<\/p>\n<h3><a id=\"firemnaakcia\"><\/a>ASK FOR BUSINESS EVENT CALCULATION:<\/h3>\n<p>[\/vc_column_text]\n<div class=\"wpcf7 no-js\" id=\"wpcf7-f5814-o1\" lang=\"en-US\" dir=\"ltr\">\n<div class=\"screen-reader-response\"><p role=\"status\" aria-live=\"polite\" aria-atomic=\"true\"><\/p> <ul><\/ul><\/div>\n<form action=\"\/en\/wp-json\/wp\/v2\/pages\/5454\/#wpcf7-f5814-o1\" method=\"post\" class=\"wpcf7-form init\" aria-label=\"Kontaktn\u00fd formul\u00e1r\" novalidate=\"novalidate\" data-status=\"init\">\n<div style=\"display: none;\">\n<input type=\"hidden\" name=\"_wpcf7\" value=\"5814\" \/>\n<input type=\"hidden\" name=\"_wpcf7_version\" value=\"5.8.3\" \/>\n<input type=\"hidden\" name=\"_wpcf7_locale\" value=\"en_US\" \/>\n<input type=\"hidden\" name=\"_wpcf7_unit_tag\" value=\"wpcf7-f5814-o1\" \/>\n<input type=\"hidden\" name=\"_wpcf7_container_post\" value=\"0\" \/>\n<input type=\"hidden\" name=\"_wpcf7_posted_data_hash\" value=\"\" \/>\n<input type=\"hidden\" name=\"_wpcf7cf_hidden_group_fields\" value=\"[]\" \/>\n<input type=\"hidden\" name=\"_wpcf7cf_hidden_groups\" value=\"[]\" \/>\n<input type=\"hidden\" name=\"_wpcf7cf_visible_groups\" value=\"[]\" \/>\n<input type=\"hidden\" name=\"_wpcf7cf_repeaters\" value=\"[]\" \/>\n<input type=\"hidden\" name=\"_wpcf7cf_steps\" value=\"{}\" \/>\n<input type=\"hidden\" name=\"_wpcf7cf_options\" value=\"{&quot;form_id&quot;:5814,&quot;conditions&quot;:[],&quot;settings&quot;:{&quot;animation&quot;:&quot;yes&quot;,&quot;animation_intime&quot;:200,&quot;animation_outtime&quot;:200,&quot;conditions_ui&quot;:&quot;normal&quot;,&quot;notice_dismissed&quot;:false,&quot;notice_dismissed_update-cf7-5.8.2&quot;:true}}\" \/>\n<input type=\"hidden\" name=\"_wpcf7_recaptcha_response\" value=\"\" \/>\n<\/div>\n<p><label> Your name and surname*<br \/>\n<span class=\"wpcf7-form-control-wrap\" data-name=\"your-name\"><input size=\"40\" class=\"wpcf7-form-control wpcf7-text wpcf7-validates-as-required\" aria-required=\"true\" aria-invalid=\"false\" value=\"\" type=\"text\" name=\"your-name\" \/><\/span> <\/label>\n<\/p>\n<p><label> Your email*<br \/>\n<span class=\"wpcf7-form-control-wrap\" data-name=\"your-email\"><input size=\"40\" class=\"wpcf7-form-control wpcf7-email wpcf7-validates-as-required wpcf7-text wpcf7-validates-as-email\" aria-required=\"true\" aria-invalid=\"false\" value=\"\" type=\"email\" name=\"your-email\" \/><\/span> <\/label>\n<\/p>\n<p><label> phone number*<br \/>\n<span class=\"wpcf7-form-control-wrap\" data-name=\"mobil\"><input size=\"40\" class=\"wpcf7-form-control wpcf7-tel wpcf7-validates-as-required wpcf7-text wpcf7-validates-as-tel\" aria-required=\"true\" aria-invalid=\"false\" value=\"\" type=\"tel\" name=\"mobil\" \/><\/span> <\/label>\n<\/p>\n<p><label> Your message:*<br \/>\n<span class=\"wpcf7-form-control-wrap\" data-name=\"your-message\"><textarea cols=\"40\" rows=\"10\" class=\"wpcf7-form-control wpcf7-textarea wpcf7-validates-as-required\" aria-required=\"true\" aria-invalid=\"false\" name=\"your-message\"><\/textarea><\/span> <\/label>\n<\/p>\n\n<p><input class=\"wpcf7-form-control wpcf7-submit has-spinner\" type=\"submit\" value=\"calculation for a business event\" \/>\n<\/p><div class=\"wpcf7-response-output\" aria-hidden=\"true\"><\/div>\n<\/form>\n<\/div>\n[\/vc_column][\/vc_row]<\/p>\n","protected":false},"excerpt":{"rendered":"<p>[vc_row][vc_column][vc_empty_space][vc_column_text][\/vc_column_text][vc_empty_space][vc_column_text]Are you a\u00a0businesman working from home, but sometimes you need non-disturbing business meeting outside your home? We have a\u00a0solution for you. \u201e60 min office. \u201c You may rent it really just for one hour. Are you a\u00a0masseur but it is not worth opening a\u00a0new premise? Not every client wishes you massage him-her at home. Arrange<\/p>\n<a href=\"https:\/\/klar.sk\/en\/lounge-s3\/\" class=\"more-link\">Read More<\/a>","protected":false},"author":5,"featured_media":0,"parent":0,"menu_order":0,"comment_status":"closed","ping_status":"closed","template":"","meta":{"_mi_skip_tracking":false,"_exactmetrics_sitenote_active":false,"_exactmetrics_sitenote_note":"","_exactmetrics_sitenote_category":0,"footnotes":""},"yoast_head":"<!-- This site is optimized with the Yoast SEO plugin v21.5 - https:\/\/yoast.com\/wordpress\/plugins\/seo\/ -->\n<title>Lounge S3 | KLAR Hotel<\/title>\n<meta name=\"robots\" content=\"index, follow, max-snippet:-1, max-image-preview:large, max-video-preview:-1\" \/>\n<link rel=\"canonical\" href=\"https:\/\/klar.sk\/salonik-s3\/\" \/>\n<meta property=\"og:locale\" content=\"sk_SK\" \/>\n<meta property=\"og:type\" content=\"article\" \/>\n<meta property=\"og:title\" content=\"Lounge S3 | KLAR Hotel\" \/>\n<meta property=\"og:description\" content=\"[vc_row][vc_column][vc_empty_space][vc_column_text][\/vc_column_text][vc_empty_space][vc_column_text]Are you a\u00a0businesman working from home, but sometimes you need non-disturbing business meeting outside your home? We have a\u00a0solution for you. \u201e60 min office. \u201c You may rent it really just for one hour. Are you a\u00a0masseur but it is not worth opening a\u00a0new premise? Not every client wishes you massage him-her at home. Arrange\" \/>\n<meta property=\"og:url\" content=\"https:\/\/klar.sk\/salonik-s3\/\" \/>\n<meta property=\"og:site_name\" content=\"KLAR Hotel\" \/>\n<meta property=\"article:modified_time\" content=\"2019-01-18T12:22:33+00:00\" \/>\n<meta name=\"twitter:card\" content=\"summary_large_image\" \/>\n<meta name=\"twitter:label1\" content=\"Predpokladan\u00fd \u010das \u010d\u00edtania\" \/>\n\t<meta name=\"twitter:data1\" content=\"2 min\u00faty\" \/>\n<script type=\"application\/ld+json\" class=\"yoast-schema-graph\">{\"@context\":\"https:\/\/schema.org\",\"@graph\":[{\"@type\":\"WebPage\",\"@id\":\"https:\/\/klar.sk\/salonik-s3\/\",\"url\":\"https:\/\/klar.sk\/salonik-s3\/\",\"name\":\"Lounge S3 | KLAR Hotel\",\"isPartOf\":{\"@id\":\"https:\/\/klar.sk\/#website\"},\"datePublished\":\"2019-01-11T14:22:56+00:00\",\"dateModified\":\"2019-01-18T12:22:33+00:00\",\"breadcrumb\":{\"@id\":\"https:\/\/klar.sk\/salonik-s3\/#breadcrumb\"},\"inLanguage\":\"sk-SK\",\"potentialAction\":[{\"@type\":\"ReadAction\",\"target\":[\"https:\/\/klar.sk\/salonik-s3\/\"]}]},{\"@type\":\"BreadcrumbList\",\"@id\":\"https:\/\/klar.sk\/salonik-s3\/#breadcrumb\",\"itemListElement\":[{\"@type\":\"ListItem\",\"position\":1,\"name\":\"Home\",\"item\":\"https:\/\/klar.sk\/\"},{\"@type\":\"ListItem\",\"position\":2,\"name\":\"Lounge S3\"}]},{\"@type\":\"WebSite\",\"@id\":\"https:\/\/klar.sk\/#website\",\"url\":\"https:\/\/klar.sk\/\",\"name\":\"KLAR Hotel\",\"description\":\"Super hotel v Liptovskom Mikul\u00e1\u0161i\",\"publisher\":{\"@id\":\"https:\/\/klar.sk\/#organization\"},\"potentialAction\":[{\"@type\":\"SearchAction\",\"target\":{\"@type\":\"EntryPoint\",\"urlTemplate\":\"https:\/\/klar.sk\/?s={search_term_string}\"},\"query-input\":\"required name=search_term_string\"}],\"inLanguage\":\"sk-SK\"},{\"@type\":\"Organization\",\"@id\":\"https:\/\/klar.sk\/#organization\",\"name\":\"Hotel Klar ***\",\"url\":\"https:\/\/klar.sk\/\",\"logo\":{\"@type\":\"ImageObject\",\"inLanguage\":\"sk-SK\",\"@id\":\"https:\/\/klar.sk\/#\/schema\/logo\/image\/\",\"url\":\"https:\/\/klar.sk\/wp-content\/uploads\/2018\/09\/logo.png\",\"contentUrl\":\"https:\/\/klar.sk\/wp-content\/uploads\/2018\/09\/logo.png\",\"width\":115,\"height\":96,\"caption\":\"Hotel Klar ***\"},\"image\":{\"@id\":\"https:\/\/klar.sk\/#\/schema\/logo\/image\/\"}}]}<\/script>\n<!-- \/ Yoast SEO plugin. -->","yoast_head_json":{"title":"Lounge S3 | KLAR Hotel","robots":{"index":"index","follow":"follow","max-snippet":"max-snippet:-1","max-image-preview":"max-image-preview:large","max-video-preview":"max-video-preview:-1"},"canonical":"https:\/\/klar.sk\/salonik-s3\/","og_locale":"sk_SK","og_type":"article","og_title":"Lounge S3 | KLAR Hotel","og_description":"[vc_row][vc_column][vc_empty_space][vc_column_text][\/vc_column_text][vc_empty_space][vc_column_text]Are you a\u00a0businesman working from home, but sometimes you need non-disturbing business meeting outside your home? We have a\u00a0solution for you. \u201e60 min office. \u201c You may rent it really just for one hour. Are you a\u00a0masseur but it is not worth opening a\u00a0new premise? Not every client wishes you massage him-her at home. Arrange","og_url":"https:\/\/klar.sk\/salonik-s3\/","og_site_name":"KLAR Hotel","article_modified_time":"2019-01-18T12:22:33+00:00","twitter_card":"summary_large_image","twitter_misc":{"Predpokladan\u00fd \u010das \u010d\u00edtania":"2 min\u00faty"},"schema":{"@context":"https:\/\/schema.org","@graph":[{"@type":"WebPage","@id":"https:\/\/klar.sk\/salonik-s3\/","url":"https:\/\/klar.sk\/salonik-s3\/","name":"Lounge S3 | KLAR Hotel","isPartOf":{"@id":"https:\/\/klar.sk\/#website"},"datePublished":"2019-01-11T14:22:56+00:00","dateModified":"2019-01-18T12:22:33+00:00","breadcrumb":{"@id":"https:\/\/klar.sk\/salonik-s3\/#breadcrumb"},"inLanguage":"sk-SK","potentialAction":[{"@type":"ReadAction","target":["https:\/\/klar.sk\/salonik-s3\/"]}]},{"@type":"BreadcrumbList","@id":"https:\/\/klar.sk\/salonik-s3\/#breadcrumb","itemListElement":[{"@type":"ListItem","position":1,"name":"Home","item":"https:\/\/klar.sk\/"},{"@type":"ListItem","position":2,"name":"Lounge S3"}]},{"@type":"WebSite","@id":"https:\/\/klar.sk\/#website","url":"https:\/\/klar.sk\/","name":"KLAR Hotel","description":"Super hotel v Liptovskom Mikul\u00e1\u0161i","publisher":{"@id":"https:\/\/klar.sk\/#organization"},"potentialAction":[{"@type":"SearchAction","target":{"@type":"EntryPoint","urlTemplate":"https:\/\/klar.sk\/?s={search_term_string}"},"query-input":"required name=search_term_string"}],"inLanguage":"sk-SK"},{"@type":"Organization","@id":"https:\/\/klar.sk\/#organization","name":"Hotel Klar ***","url":"https:\/\/klar.sk\/","logo":{"@type":"ImageObject","inLanguage":"sk-SK","@id":"https:\/\/klar.sk\/#\/schema\/logo\/image\/","url":"https:\/\/klar.sk\/wp-content\/uploads\/2018\/09\/logo.png","contentUrl":"https:\/\/klar.sk\/wp-content\/uploads\/2018\/09\/logo.png","width":115,"height":96,"caption":"Hotel Klar ***"},"image":{"@id":"https:\/\/klar.sk\/#\/schema\/logo\/image\/"}}]}},"_links":{"self":[{"href":"https:\/\/klar.sk\/en\/wp-json\/wp\/v2\/pages\/5454\/"}],"collection":[{"href":"https:\/\/klar.sk\/en\/wp-json\/wp\/v2\/pages\/"}],"about":[{"href":"https:\/\/klar.sk\/en\/wp-json\/wp\/v2\/types\/page\/"}],"author":[{"embeddable":true,"href":"https:\/\/klar.sk\/en\/wp-json\/wp\/v2\/users\/5\/"}],"replies":[{"embeddable":true,"href":"https:\/\/klar.sk\/en\/wp-json\/wp\/v2\/comments\/?post=5454"}],"version-history":[{"count":4,"href":"https:\/\/klar.sk\/en\/wp-json\/wp\/v2\/pages\/5454\/revisions\/"}],"predecessor-version":[{"id":5847,"href":"https:\/\/klar.sk\/en\/wp-json\/wp\/v2\/pages\/5454\/revisions\/5847\/"}],"wp:attachment":[{"href":"https:\/\/klar.sk\/en\/wp-json\/wp\/v2\/media\/?parent=5454"}],"curies":[{"name":"wp","href":"https:\/\/api.w.org\/{rel}","templated":true}]}}