{"id":5465,"date":"2019-01-11T15:47:00","date_gmt":"2019-01-11T14:47:00","guid":{"rendered":"https:\/\/klar.sk\/?page_id=5465"},"modified":"2019-01-18T11:49:40","modified_gmt":"2019-01-18T10:49:40","slug":"restauracia","status":"publish","type":"page","link":"https:\/\/klar.sk\/en\/restauracia\/","title":{"rendered":"Restaurant"},"content":{"rendered":"<p>[vc_row][vc_column][vc_column_text]<iframe loading=\"lazy\" style=\"border: 0;\" src=\"https:\/\/www.google.com\/maps\/embed?pb=!1m0!3m2!1scs!2sus!4v1459969895256!6m8!1m7!1s-mPYfwRvIS0AAAQvOqKZ1Q!2m2!1d49.07925956938425!2d19.63309063447082!3f53!4f0!5f0.7820865974627469\" width=\"100%\" height=\"435\" frameborder=\"0\" allowfullscreen=\"allowfullscreen\" data-mce-fragment=\"1\"><\/iframe>[\/vc_column_text][vc_empty_space][vc_column_text]Our hotel restauarant offers pleasant atmosphere and great cuisine. Besides our hotel guests, also wide public may visit and taste the great meals.<\/p>\n<p>You may book a table and meals for more people in advance. We will be delighted to prepare celebration of anniversary, baptizing or secondary school reunion. Autumn feast, pre-Christmas time are a good occasion enjoy the meals and company of your family or friends. We may prepare delicious sourkraut soup for you.<\/p>\n<p>If you have children with you, they can have fun in our kids\u00b4corner[\/vc_column_text][\/vc_column][\/vc_row][vc_row][vc_column][vc_empty_space]<!-- BEGIN .content-wrapper-outer -->\n\t<section class=\".content-wrapper-outer clearfix call-to-action-1-section\" style=\"background:url(https:\/\/klar.sk\/wp-content\/uploads\/2018\/09\/online-bg.png) no-repeat center top;\">\n\n\t\t<div class=\"call-to-action-1-section-inner\">\n\n\t\t\t<h3>Book a table in our restaurant<\/h3>\n\t\t\t<a href=\"\/restauracia\/#restauracia\" class=\"button0\">Kontakt<i class=\"fa fa-angle-right\"><\/i><\/a>\n\n\t\t<\/div>\n\n\t<!-- END .content-wrapper-outer -->\n\t<\/section>[vc_empty_space][\/vc_column][\/vc_row][vc_row][vc_column][vc_images_carousel images=&#8220;5725,5724,5723,5721,5720,5719,5731,5732,5727,5733,5734,5735,5736,5737,5738&#8243; img_size=&#8220;720&#215;460&#8243; speed=&#8220;3000&#8243; autoplay=&#8220;yes&#8220;][\/vc_column][\/vc_row][vc_row][vc_column][vc_empty_space]<h3 class=\"center-title\">BOOK A TABLE:<\/h3><div class=\"title-block-1\"><\/div>[vc_column_text]<a id=\"restauracia\"><\/a>.<\/p>\n<p>[\/vc_column_text]\n<div class=\"wpcf7 no-js\" id=\"wpcf7-f5521-o1\" lang=\"en-US\" dir=\"ltr\">\n<div class=\"screen-reader-response\"><p role=\"status\" aria-live=\"polite\" aria-atomic=\"true\"><\/p> <ul><\/ul><\/div>\n<form action=\"\/en\/wp-json\/wp\/v2\/pages\/5465\/#wpcf7-f5521-o1\" method=\"post\" class=\"wpcf7-form init\" aria-label=\"Kontaktn\u00fd formul\u00e1r\" novalidate=\"novalidate\" data-status=\"init\">\n<div style=\"display: none;\">\n<input type=\"hidden\" name=\"_wpcf7\" value=\"5521\" \/>\n<input type=\"hidden\" name=\"_wpcf7_version\" value=\"5.8.3\" \/>\n<input type=\"hidden\" name=\"_wpcf7_locale\" value=\"en_US\" \/>\n<input type=\"hidden\" name=\"_wpcf7_unit_tag\" value=\"wpcf7-f5521-o1\" \/>\n<input type=\"hidden\" name=\"_wpcf7_container_post\" value=\"0\" \/>\n<input type=\"hidden\" name=\"_wpcf7_posted_data_hash\" value=\"\" \/>\n<input type=\"hidden\" name=\"_wpcf7cf_hidden_group_fields\" value=\"[]\" \/>\n<input type=\"hidden\" name=\"_wpcf7cf_hidden_groups\" value=\"[]\" \/>\n<input type=\"hidden\" name=\"_wpcf7cf_visible_groups\" value=\"[]\" \/>\n<input type=\"hidden\" name=\"_wpcf7cf_repeaters\" value=\"[]\" \/>\n<input type=\"hidden\" name=\"_wpcf7cf_steps\" value=\"{}\" \/>\n<input type=\"hidden\" name=\"_wpcf7cf_options\" value=\"{&quot;form_id&quot;:5521,&quot;conditions&quot;:[],&quot;settings&quot;:{&quot;animation&quot;:&quot;yes&quot;,&quot;animation_intime&quot;:200,&quot;animation_outtime&quot;:200,&quot;conditions_ui&quot;:&quot;normal&quot;,&quot;notice_dismissed&quot;:false,&quot;notice_dismissed_update-cf7-5.8.2&quot;:true}}\" \/>\n<input type=\"hidden\" name=\"_wpcf7_recaptcha_response\" value=\"\" \/>\n<\/div>\n<p><label> Your name *<br \/>\n<span class=\"wpcf7-form-control-wrap\" data-name=\"your-name\"><input size=\"40\" class=\"wpcf7-form-control wpcf7-text wpcf7-validates-as-required\" aria-required=\"true\" aria-invalid=\"false\" value=\"\" type=\"text\" name=\"your-name\" \/><\/span> <\/label>\n<\/p>\n<p><label> Your e-mail *<br \/>\n<span class=\"wpcf7-form-control-wrap\" data-name=\"your-email\"><input size=\"40\" class=\"wpcf7-form-control wpcf7-email wpcf7-validates-as-required wpcf7-text wpcf7-validates-as-email\" aria-required=\"true\" aria-invalid=\"false\" value=\"\" type=\"email\" name=\"your-email\" \/><\/span> <\/label>\n<\/p>\n<p><label> phone number *<br \/>\n<span class=\"wpcf7-form-control-wrap\" data-name=\"mobil\"><input size=\"40\" class=\"wpcf7-form-control wpcf7-tel wpcf7-validates-as-required wpcf7-text wpcf7-validates-as-tel\" aria-required=\"true\" aria-invalid=\"false\" value=\"\" type=\"tel\" name=\"mobil\" \/><\/span> <\/label>\n<\/p>\n<p><label> Date of your visit *<br \/>\n<span class=\"wpcf7-form-control-wrap\" data-name=\"date-781\"><input class=\"wpcf7-form-control wpcf7-date wpcf7-validates-as-required wpcf7-validates-as-date\" aria-required=\"true\" aria-invalid=\"false\" value=\"\" type=\"date\" name=\"date-781\" \/><\/span> <\/label>\n<\/p>\n<p><label> Hour of your visit *<br \/>\n<span class=\"wpcf7-form-control-wrap\" data-name=\"menu-261\"><select class=\"wpcf7-form-control wpcf7-select wpcf7-validates-as-required\" aria-required=\"true\" aria-invalid=\"false\" name=\"menu-261\"><option value=\"10.00\">10.00<\/option><option value=\"11.00\">11.00<\/option><option value=\"12.00\">12.00<\/option><option value=\"13.00\">13.00<\/option><option value=\"14.00\">14.00<\/option><option value=\"15.00\">15.00<\/option><option value=\"16.00\">16.00<\/option><option value=\"17.00\">17.00<\/option><option value=\"18.00\">18.00<\/option><option value=\"19.00\">19.00<\/option><option value=\"20.00\">20.00<\/option><option value=\"21.00\">21.00<\/option><option value=\"22.00\">22.00<\/option><\/select><\/span> <\/label>\n<\/p>\n<p><label> number of guests *<br \/>\n<span class=\"wpcf7-form-control-wrap\" data-name=\"menu-945\"><select class=\"wpcf7-form-control wpcf7-select wpcf7-validates-as-required\" aria-required=\"true\" aria-invalid=\"false\" name=\"menu-945\"><option value=\"1\">1<\/option><option value=\"2\">2<\/option><option value=\"3\">3<\/option><option value=\"4\">4<\/option><option value=\"5\">5<\/option><option value=\"6\">6<\/option><option value=\"7\">7<\/option><option value=\"8\">8<\/option><\/select><\/span> <\/label>\n<\/p>\n\n<p><input class=\"wpcf7-form-control wpcf7-submit has-spinner\" type=\"submit\" value=\"BOOK A TABLE\" \/>\n<\/p><div class=\"wpcf7-response-output\" aria-hidden=\"true\"><\/div>\n<\/form>\n<\/div>\n[\/vc_column][\/vc_row]<\/p>\n","protected":false},"excerpt":{"rendered":"<p>[vc_row][vc_column][vc_column_text][\/vc_column_text][vc_empty_space][vc_column_text]Our hotel restauarant offers pleasant atmosphere and great cuisine. Besides our hotel guests, also wide public may visit and taste the great meals. You may book a table and meals for more people in advance. We will be delighted to prepare celebration of anniversary, baptizing or secondary school reunion. Autumn feast, pre-Christmas time are a<\/p>\n<a href=\"https:\/\/klar.sk\/en\/restauracia\/\" class=\"more-link\">Read More<\/a>","protected":false},"author":5,"featured_media":0,"parent":0,"menu_order":0,"comment_status":"closed","ping_status":"closed","template":"","meta":{"_mi_skip_tracking":false,"_exactmetrics_sitenote_active":false,"_exactmetrics_sitenote_note":"","_exactmetrics_sitenote_category":0,"footnotes":""},"yoast_head":"<!-- This site is optimized with the Yoast SEO plugin v21.5 - https:\/\/yoast.com\/wordpress\/plugins\/seo\/ -->\n<title>Restaurant | KLAR Hotel<\/title>\n<meta name=\"robots\" content=\"index, follow, max-snippet:-1, max-image-preview:large, max-video-preview:-1\" \/>\n<link rel=\"canonical\" href=\"https:\/\/klar.sk\/restauracia\/\" \/>\n<meta property=\"og:locale\" content=\"sk_SK\" \/>\n<meta property=\"og:type\" content=\"article\" \/>\n<meta property=\"og:title\" content=\"Restaurant | KLAR Hotel\" \/>\n<meta property=\"og:description\" content=\"[vc_row][vc_column][vc_column_text][\/vc_column_text][vc_empty_space][vc_column_text]Our hotel restauarant offers pleasant atmosphere and great cuisine. Besides our hotel guests, also wide public may visit and taste the great meals. You may book a table and meals for more people in advance. We will be delighted to prepare celebration of anniversary, baptizing or secondary school reunion. Autumn feast, pre-Christmas time are a\" \/>\n<meta property=\"og:url\" content=\"https:\/\/klar.sk\/restauracia\/\" \/>\n<meta property=\"og:site_name\" content=\"KLAR Hotel\" \/>\n<meta property=\"article:modified_time\" content=\"2019-01-18T10:49:40+00:00\" \/>\n<meta name=\"twitter:card\" content=\"summary_large_image\" \/>\n<meta name=\"twitter:label1\" content=\"Predpokladan\u00fd \u010das \u010d\u00edtania\" \/>\n\t<meta name=\"twitter:data1\" content=\"1 min\u00fata\" \/>\n<script type=\"application\/ld+json\" class=\"yoast-schema-graph\">{\"@context\":\"https:\/\/schema.org\",\"@graph\":[{\"@type\":\"WebPage\",\"@id\":\"https:\/\/klar.sk\/restauracia\/\",\"url\":\"https:\/\/klar.sk\/restauracia\/\",\"name\":\"Restaurant | KLAR Hotel\",\"isPartOf\":{\"@id\":\"https:\/\/klar.sk\/#website\"},\"datePublished\":\"2019-01-11T14:47:00+00:00\",\"dateModified\":\"2019-01-18T10:49:40+00:00\",\"breadcrumb\":{\"@id\":\"https:\/\/klar.sk\/restauracia\/#breadcrumb\"},\"inLanguage\":\"sk-SK\",\"potentialAction\":[{\"@type\":\"ReadAction\",\"target\":[\"https:\/\/klar.sk\/restauracia\/\"]}]},{\"@type\":\"BreadcrumbList\",\"@id\":\"https:\/\/klar.sk\/restauracia\/#breadcrumb\",\"itemListElement\":[{\"@type\":\"ListItem\",\"position\":1,\"name\":\"Home\",\"item\":\"https:\/\/klar.sk\/\"},{\"@type\":\"ListItem\",\"position\":2,\"name\":\"Restaurant\"}]},{\"@type\":\"WebSite\",\"@id\":\"https:\/\/klar.sk\/#website\",\"url\":\"https:\/\/klar.sk\/\",\"name\":\"KLAR Hotel\",\"description\":\"Super hotel v Liptovskom Mikul\u00e1\u0161i\",\"publisher\":{\"@id\":\"https:\/\/klar.sk\/#organization\"},\"potentialAction\":[{\"@type\":\"SearchAction\",\"target\":{\"@type\":\"EntryPoint\",\"urlTemplate\":\"https:\/\/klar.sk\/?s={search_term_string}\"},\"query-input\":\"required name=search_term_string\"}],\"inLanguage\":\"sk-SK\"},{\"@type\":\"Organization\",\"@id\":\"https:\/\/klar.sk\/#organization\",\"name\":\"Hotel Klar ***\",\"url\":\"https:\/\/klar.sk\/\",\"logo\":{\"@type\":\"ImageObject\",\"inLanguage\":\"sk-SK\",\"@id\":\"https:\/\/klar.sk\/#\/schema\/logo\/image\/\",\"url\":\"https:\/\/klar.sk\/wp-content\/uploads\/2018\/09\/logo.png\",\"contentUrl\":\"https:\/\/klar.sk\/wp-content\/uploads\/2018\/09\/logo.png\",\"width\":115,\"height\":96,\"caption\":\"Hotel Klar ***\"},\"image\":{\"@id\":\"https:\/\/klar.sk\/#\/schema\/logo\/image\/\"}}]}<\/script>\n<!-- \/ Yoast SEO plugin. -->","yoast_head_json":{"title":"Restaurant | KLAR Hotel","robots":{"index":"index","follow":"follow","max-snippet":"max-snippet:-1","max-image-preview":"max-image-preview:large","max-video-preview":"max-video-preview:-1"},"canonical":"https:\/\/klar.sk\/restauracia\/","og_locale":"sk_SK","og_type":"article","og_title":"Restaurant | KLAR Hotel","og_description":"[vc_row][vc_column][vc_column_text][\/vc_column_text][vc_empty_space][vc_column_text]Our hotel restauarant offers pleasant atmosphere and great cuisine. Besides our hotel guests, also wide public may visit and taste the great meals. You may book a table and meals for more people in advance. We will be delighted to prepare celebration of anniversary, baptizing or secondary school reunion. Autumn feast, pre-Christmas time are a","og_url":"https:\/\/klar.sk\/restauracia\/","og_site_name":"KLAR Hotel","article_modified_time":"2019-01-18T10:49:40+00:00","twitter_card":"summary_large_image","twitter_misc":{"Predpokladan\u00fd \u010das \u010d\u00edtania":"1 min\u00fata"},"schema":{"@context":"https:\/\/schema.org","@graph":[{"@type":"WebPage","@id":"https:\/\/klar.sk\/restauracia\/","url":"https:\/\/klar.sk\/restauracia\/","name":"Restaurant | KLAR Hotel","isPartOf":{"@id":"https:\/\/klar.sk\/#website"},"datePublished":"2019-01-11T14:47:00+00:00","dateModified":"2019-01-18T10:49:40+00:00","breadcrumb":{"@id":"https:\/\/klar.sk\/restauracia\/#breadcrumb"},"inLanguage":"sk-SK","potentialAction":[{"@type":"ReadAction","target":["https:\/\/klar.sk\/restauracia\/"]}]},{"@type":"BreadcrumbList","@id":"https:\/\/klar.sk\/restauracia\/#breadcrumb","itemListElement":[{"@type":"ListItem","position":1,"name":"Home","item":"https:\/\/klar.sk\/"},{"@type":"ListItem","position":2,"name":"Restaurant"}]},{"@type":"WebSite","@id":"https:\/\/klar.sk\/#website","url":"https:\/\/klar.sk\/","name":"KLAR Hotel","description":"Super hotel v Liptovskom Mikul\u00e1\u0161i","publisher":{"@id":"https:\/\/klar.sk\/#organization"},"potentialAction":[{"@type":"SearchAction","target":{"@type":"EntryPoint","urlTemplate":"https:\/\/klar.sk\/?s={search_term_string}"},"query-input":"required name=search_term_string"}],"inLanguage":"sk-SK"},{"@type":"Organization","@id":"https:\/\/klar.sk\/#organization","name":"Hotel Klar ***","url":"https:\/\/klar.sk\/","logo":{"@type":"ImageObject","inLanguage":"sk-SK","@id":"https:\/\/klar.sk\/#\/schema\/logo\/image\/","url":"https:\/\/klar.sk\/wp-content\/uploads\/2018\/09\/logo.png","contentUrl":"https:\/\/klar.sk\/wp-content\/uploads\/2018\/09\/logo.png","width":115,"height":96,"caption":"Hotel Klar ***"},"image":{"@id":"https:\/\/klar.sk\/#\/schema\/logo\/image\/"}}]}},"_links":{"self":[{"href":"https:\/\/klar.sk\/en\/wp-json\/wp\/v2\/pages\/5465\/"}],"collection":[{"href":"https:\/\/klar.sk\/en\/wp-json\/wp\/v2\/pages\/"}],"about":[{"href":"https:\/\/klar.sk\/en\/wp-json\/wp\/v2\/types\/page\/"}],"author":[{"embeddable":true,"href":"https:\/\/klar.sk\/en\/wp-json\/wp\/v2\/users\/5\/"}],"replies":[{"embeddable":true,"href":"https:\/\/klar.sk\/en\/wp-json\/wp\/v2\/comments\/?post=5465"}],"version-history":[{"count":7,"href":"https:\/\/klar.sk\/en\/wp-json\/wp\/v2\/pages\/5465\/revisions\/"}],"predecessor-version":[{"id":5832,"href":"https:\/\/klar.sk\/en\/wp-json\/wp\/v2\/pages\/5465\/revisions\/5832\/"}],"wp:attachment":[{"href":"https:\/\/klar.sk\/en\/wp-json\/wp\/v2\/media\/?parent=5465"}],"curies":[{"name":"wp","href":"https:\/\/api.w.org\/{rel}","templated":true}]}}