{"id":5472,"date":"2019-01-11T16:06:21","date_gmt":"2019-01-11T15:06:21","guid":{"rendered":"https:\/\/klar.sk\/?page_id=5472"},"modified":"2019-01-11T16:06:21","modified_gmt":"2019-01-11T15:06:21","slug":"denne-menu","status":"publish","type":"page","link":"https:\/\/klar.sk\/en\/denne-menu\/","title":{"rendered":"\u00a0Daily menu"},"content":{"rendered":"<p>[vc_row][vc_column][vc_column_text]Dear guests, we also prepare tasty daily menu after the changes in our hotel. It is different every week. Visit us, taste our meal and you might stay here.<\/p>\n<p>If you want to subscribe to menu options in your PC, we will send it on Sunday to make your Monday better. Do not be afraid, we will not spam you! Just let us know your e-mail address.[\/vc_column_text][vc_empty_space][vc_single_image image=&#8220;5482&#8243; img_size=&#8220;full&#8220; alignment=&#8220;center&#8220;][\/vc_column][\/vc_row]<\/p>\n","protected":false},"excerpt":{"rendered":"<p>[vc_row][vc_column][vc_column_text]Dear guests, we also prepare tasty daily menu after the changes in our hotel. It is different every week. Visit us, taste our meal and you might stay here. If you want to subscribe to menu options in your PC, we will send it on Sunday to make your Monday better. Do not be afraid,<\/p>\n<a href=\"https:\/\/klar.sk\/en\/denne-menu\/\" class=\"more-link\">Read More<\/a>","protected":false},"author":5,"featured_media":0,"parent":0,"menu_order":0,"comment_status":"closed","ping_status":"closed","template":"","meta":{"_mi_skip_tracking":false,"_exactmetrics_sitenote_active":false,"_exactmetrics_sitenote_note":"","_exactmetrics_sitenote_category":0,"footnotes":""},"categories":[],"tags":[],"yoast_head":"<!-- This site is optimized with the Yoast SEO plugin v21.5 - https:\/\/yoast.com\/wordpress\/plugins\/seo\/ -->\n<title>\u00a0Daily menu | KLAR Hotel Liptovsk\u00fd Mikul\u00e1\u0161<\/title>\n<meta name=\"robots\" content=\"index, follow, max-snippet:-1, max-image-preview:large, max-video-preview:-1\" \/>\n<link rel=\"canonical\" href=\"https:\/\/klar.sk\/denne-menu\/\" \/>\n<meta property=\"og:locale\" content=\"sk_SK\" \/>\n<meta property=\"og:type\" content=\"article\" \/>\n<meta property=\"og:title\" content=\"\u00a0Daily menu | KLAR Hotel Liptovsk\u00fd Mikul\u00e1\u0161\" \/>\n<meta property=\"og:description\" content=\"[vc_row][vc_column][vc_column_text]Dear guests, we also prepare tasty daily menu after the changes in our hotel. It is different every week. Visit us, taste our meal and you might stay here. If you want to subscribe to menu options in your PC, we will send it on Sunday to make your Monday better. Do not be afraid,\" \/>\n<meta property=\"og:url\" content=\"https:\/\/klar.sk\/denne-menu\/\" \/>\n<meta property=\"og:site_name\" content=\"KLAR Hotel\" \/>\n<meta name=\"twitter:card\" content=\"summary_large_image\" \/>\n<script type=\"application\/ld+json\" class=\"yoast-schema-graph\">{\"@context\":\"https:\/\/schema.org\",\"@graph\":[{\"@type\":\"WebPage\",\"@id\":\"https:\/\/klar.sk\/denne-menu\/\",\"url\":\"https:\/\/klar.sk\/denne-menu\/\",\"name\":\"\u00a0Daily menu | KLAR Hotel Liptovsk\u00fd Mikul\u00e1\u0161\",\"isPartOf\":{\"@id\":\"https:\/\/klar.sk\/#website\"},\"datePublished\":\"2019-01-11T15:06:21+00:00\",\"dateModified\":\"2019-01-11T15:06:21+00:00\",\"breadcrumb\":{\"@id\":\"https:\/\/klar.sk\/denne-menu\/#breadcrumb\"},\"inLanguage\":\"sk-SK\",\"potentialAction\":[{\"@type\":\"ReadAction\",\"target\":[\"https:\/\/klar.sk\/denne-menu\/\"]}]},{\"@type\":\"BreadcrumbList\",\"@id\":\"https:\/\/klar.sk\/denne-menu\/#breadcrumb\",\"itemListElement\":[{\"@type\":\"ListItem\",\"position\":1,\"name\":\"Home\",\"item\":\"https:\/\/klar.sk\/\"},{\"@type\":\"ListItem\",\"position\":2,\"name\":\"\u00a0Daily menu\"}]},{\"@type\":\"WebSite\",\"@id\":\"https:\/\/klar.sk\/#website\",\"url\":\"https:\/\/klar.sk\/\",\"name\":\"KLAR Hotel\",\"description\":\"Super hotel v Liptovskom Mikul\u00e1\u0161i\",\"publisher\":{\"@id\":\"https:\/\/klar.sk\/#organization\"},\"potentialAction\":[{\"@type\":\"SearchAction\",\"target\":{\"@type\":\"EntryPoint\",\"urlTemplate\":\"https:\/\/klar.sk\/?s={search_term_string}\"},\"query-input\":\"required name=search_term_string\"}],\"inLanguage\":\"sk-SK\"},{\"@type\":\"Organization\",\"@id\":\"https:\/\/klar.sk\/#organization\",\"name\":\"Hotel Klar ***\",\"url\":\"https:\/\/klar.sk\/\",\"logo\":{\"@type\":\"ImageObject\",\"inLanguage\":\"sk-SK\",\"@id\":\"https:\/\/klar.sk\/#\/schema\/logo\/image\/\",\"url\":\"https:\/\/klar.sk\/wp-content\/uploads\/2018\/09\/logo.png\",\"contentUrl\":\"https:\/\/klar.sk\/wp-content\/uploads\/2018\/09\/logo.png\",\"width\":115,\"height\":96,\"caption\":\"Hotel Klar ***\"},\"image\":{\"@id\":\"https:\/\/klar.sk\/#\/schema\/logo\/image\/\"}}]}<\/script>\n<!-- \/ Yoast SEO plugin. -->","yoast_head_json":{"title":"\u00a0Daily menu | KLAR Hotel Liptovsk\u00fd Mikul\u00e1\u0161","robots":{"index":"index","follow":"follow","max-snippet":"max-snippet:-1","max-image-preview":"max-image-preview:large","max-video-preview":"max-video-preview:-1"},"canonical":"https:\/\/klar.sk\/denne-menu\/","og_locale":"sk_SK","og_type":"article","og_title":"\u00a0Daily menu | KLAR Hotel Liptovsk\u00fd Mikul\u00e1\u0161","og_description":"[vc_row][vc_column][vc_column_text]Dear guests, we also prepare tasty daily menu after the changes in our hotel. It is different every week. Visit us, taste our meal and you might stay here. If you want to subscribe to menu options in your PC, we will send it on Sunday to make your Monday better. Do not be afraid,","og_url":"https:\/\/klar.sk\/denne-menu\/","og_site_name":"KLAR Hotel","twitter_card":"summary_large_image","schema":{"@context":"https:\/\/schema.org","@graph":[{"@type":"WebPage","@id":"https:\/\/klar.sk\/denne-menu\/","url":"https:\/\/klar.sk\/denne-menu\/","name":"\u00a0Daily menu | KLAR Hotel Liptovsk\u00fd Mikul\u00e1\u0161","isPartOf":{"@id":"https:\/\/klar.sk\/#website"},"datePublished":"2019-01-11T15:06:21+00:00","dateModified":"2019-01-11T15:06:21+00:00","breadcrumb":{"@id":"https:\/\/klar.sk\/denne-menu\/#breadcrumb"},"inLanguage":"sk-SK","potentialAction":[{"@type":"ReadAction","target":["https:\/\/klar.sk\/denne-menu\/"]}]},{"@type":"BreadcrumbList","@id":"https:\/\/klar.sk\/denne-menu\/#breadcrumb","itemListElement":[{"@type":"ListItem","position":1,"name":"Home","item":"https:\/\/klar.sk\/"},{"@type":"ListItem","position":2,"name":"\u00a0Daily menu"}]},{"@type":"WebSite","@id":"https:\/\/klar.sk\/#website","url":"https:\/\/klar.sk\/","name":"KLAR Hotel","description":"Super hotel v Liptovskom Mikul\u00e1\u0161i","publisher":{"@id":"https:\/\/klar.sk\/#organization"},"potentialAction":[{"@type":"SearchAction","target":{"@type":"EntryPoint","urlTemplate":"https:\/\/klar.sk\/?s={search_term_string}"},"query-input":"required name=search_term_string"}],"inLanguage":"sk-SK"},{"@type":"Organization","@id":"https:\/\/klar.sk\/#organization","name":"Hotel Klar ***","url":"https:\/\/klar.sk\/","logo":{"@type":"ImageObject","inLanguage":"sk-SK","@id":"https:\/\/klar.sk\/#\/schema\/logo\/image\/","url":"https:\/\/klar.sk\/wp-content\/uploads\/2018\/09\/logo.png","contentUrl":"https:\/\/klar.sk\/wp-content\/uploads\/2018\/09\/logo.png","width":115,"height":96,"caption":"Hotel Klar ***"},"image":{"@id":"https:\/\/klar.sk\/#\/schema\/logo\/image\/"}}]}},"_links":{"self":[{"href":"https:\/\/klar.sk\/en\/wp-json\/wp\/v2\/pages\/5472\/"}],"collection":[{"href":"https:\/\/klar.sk\/en\/wp-json\/wp\/v2\/pages\/"}],"about":[{"href":"https:\/\/klar.sk\/en\/wp-json\/wp\/v2\/types\/page\/"}],"author":[{"embeddable":true,"href":"https:\/\/klar.sk\/en\/wp-json\/wp\/v2\/users\/5\/"}],"replies":[{"embeddable":true,"href":"https:\/\/klar.sk\/en\/wp-json\/wp\/v2\/comments\/?post=5472"}],"version-history":[{"count":4,"href":"https:\/\/klar.sk\/en\/wp-json\/wp\/v2\/pages\/5472\/revisions\/"}],"predecessor-version":[{"id":5485,"href":"https:\/\/klar.sk\/en\/wp-json\/wp\/v2\/pages\/5472\/revisions\/5485\/"}],"wp:attachment":[{"href":"https:\/\/klar.sk\/en\/wp-json\/wp\/v2\/media\/?parent=5472"}],"wp:term":[{"taxonomy":"category","embeddable":true,"href":"https:\/\/klar.sk\/en\/wp-json\/wp\/v2\/categories\/?post=5472"},{"taxonomy":"post_tag","embeddable":true,"href":"https:\/\/klar.sk\/en\/wp-json\/wp\/v2\/tags\/?post=5472"}],"curies":[{"name":"wp","href":"https:\/\/api.w.org\/{rel}","templated":true}]}}