{"id":5564,"date":"2019-01-15T14:44:13","date_gmt":"2019-01-15T13:44:13","guid":{"rendered":"https:\/\/klar.sk\/?page_id=5564"},"modified":"2019-10-25T19:22:20","modified_gmt":"2019-10-25T17:22:20","slug":"accomodation-in-liptovsky-mikulas","status":"publish","type":"page","link":"https:\/\/klar.sk\/en\/accomodation-in-liptovsky-mikulas\/","title":{"rendered":"Accomodation in Liptovsk\u00fd Mikul\u00e1\u0161"},"content":{"rendered":"<p>[vc_row][vc_column]\t\t\n\t\t\t\t\n\t\t\n\t\t\t\t\t\n\t\t\t<!-- BEGIN .rooms-block-wrapper -->\n\t\t\t<div class=\"rooms-block-wrapper room-1-cols clearfix\">\n\t\t\n\t\t\t\t\n\t\t\t\t\t\n\t\t\t\t\t\t\n\t\t\t\t<!-- BEGIN .rooms-block -->\n\t\t\t\t<div class=\"rooms-block\">\n\n\t\t\t\t\t<div class=\"rooms-block-image\">\n\t\t\t\t\t\t\n\t\t\t\t\t\t\t<a href=\"https:\/\/klar.sk\/accommodation\/izba-dvojpostelova\/\" rel=\"bookmark\" title=\"Izba dvojposte\u013eov\u00e1\">\n\n\t\t\t\t\t\t\t\t\t\t\t\t\t\t\t\t\t\t\t\t\t\t\t\t\t\n\t\t\t\t\t\t\t\t<img decoding=\"async\" src=\"https:\/\/klar.sk\/wp-content\/uploads\/2017\/08\/izba-jednopostelova-1-500x385.png\" alt=\"\" \/>\t\t\t\t\t\t\t<\/a>\n\n\t\t\t\t\t\t\t\t\t\t\t<\/div>\n\n\t\t\t\t\t<div class=\"rooms-block-content\">\n\t\t\t\t\t\t<h4><a href=\"https:\/\/klar.sk\/accommodation\/izba-dvojpostelova\/\" rel=\"bookmark\" title=\"Izba dvojposte\u013eov\u00e1\">Izba dvojposte\u013eov\u00e1<\/a><\/h4>\n\t\t\t\t\t\t<div class=\"title-block-2\"><\/div>\n\t\t\t\t\t\t\n\t\t\t\t\t\t\t\t\t\t\t\t\n\t\t\t\t\t\t<ul class=\"list-style4\">\r\n    <li>26 dvojl\u00f4\u017ekov\u00fdch izieb s vlastn\u00fdmi k\u00fape\u013e\u0148ami<\/li>\r\n    <li>Pohodln\u00e9 man\u017eelsk\u00e9 postele<\/li>\r\n    <li>WI-FI free internet<\/li>\r\n    <li>LCD telev\u00edzor so SAT pr\u00edjmom<\/li>\r\n<\/ul>\r\n<div class=\"clearboth\"><\/div>\t\t\t\t\t\t<a href=\"https:\/\/klar.sk\/accommodation\/izba-dvojpostelova\/\" class=\"view-details-button\">Zobrazi\u0165 detaily <i class=\"fa fa-angle-right\"><\/i><\/a> &nbsp; <a href=\"https:\/\/klar.sk\/rezervacia-a-ceny\/\" class=\"view-details-button btn-hlgh\">Rezervova\u0165 <i class=\"fa fa-angle-right\"><\/i><\/a><br style=\"clear: both;\" \/>\n\t\t\t\t\t<\/div>\n\t\t\t\t<!-- END .rooms-block -->\n\t\t\t\t<\/div>\n\t\t\t\t\n\t\t\t\t\t\t\n\t\t\t\t\t\n\t\t\t\t\t\t\n\t\t\t\t<!-- BEGIN .rooms-block -->\n\t\t\t\t<div class=\"rooms-block\">\n\n\t\t\t\t\t<div class=\"rooms-block-image\">\n\t\t\t\t\t\t\n\t\t\t\t\t\t\t<a href=\"https:\/\/klar.sk\/accommodation\/izba-jednopostelova\/\" rel=\"bookmark\" title=\"Izba jednoposte\u013eov\u00e1\">\n\n\t\t\t\t\t\t\t\t\t\t\t\t\t\t\t\t\t\t\t\t\t\t\t\t\t\n\t\t\t\t\t\t\t\t<img decoding=\"async\" src=\"https:\/\/klar.sk\/wp-content\/uploads\/2017\/08\/izba-dvojpostelova-500x385.png\" alt=\"\" \/>\t\t\t\t\t\t\t<\/a>\n\n\t\t\t\t\t\t\t\t\t\t\t<\/div>\n\n\t\t\t\t\t<div class=\"rooms-block-content\">\n\t\t\t\t\t\t<h4><a href=\"https:\/\/klar.sk\/accommodation\/izba-jednopostelova\/\" rel=\"bookmark\" title=\"Izba jednoposte\u013eov\u00e1\">Izba jednoposte\u013eov\u00e1<\/a><\/h4>\n\t\t\t\t\t\t<div class=\"title-block-2\"><\/div>\n\t\t\t\t\t\t\n\t\t\t\t\t\t\t\t\t\t\t\t\n\t\t\t\t\t\t<ul class=\"list-style4\">\r\n    <li>8 jednol\u00f4\u017ekov\u00fdch izieb s vlastn\u00fdmi k\u00fape\u013e\u0148ami<\/li>\r\n    <li>Pohodln\u00e9 postele<\/li>\r\n    <li>WI-FI free internet<\/li>\r\n    <li>LCD telev\u00edzor so SAT pr\u00edjmom<\/li>\r\n<\/ul>\r\n<div class=\"clearboth\"><\/div>\t\t\t\t\t\t<a href=\"https:\/\/klar.sk\/accommodation\/izba-jednopostelova\/\" class=\"view-details-button\">Zobrazi\u0165 detaily <i class=\"fa fa-angle-right\"><\/i><\/a> &nbsp; <a href=\"https:\/\/klar.sk\/rezervacia-a-ceny\/\" class=\"view-details-button btn-hlgh\">Rezervova\u0165 <i class=\"fa fa-angle-right\"><\/i><\/a><br style=\"clear: both;\" \/>\n\t\t\t\t\t<\/div>\n\t\t\t\t<!-- END .rooms-block -->\n\t\t\t\t<\/div>\n\t\t\t\t\n\t\t\t\t\t\t\n\t\t\t\t\t\n\t\t\t\t\t\t\n\t\t\t\t<!-- BEGIN .rooms-block -->\n\t\t\t\t<div class=\"rooms-block\">\n\n\t\t\t\t\t<div class=\"rooms-block-image\">\n\t\t\t\t\t\t\n\t\t\t\t\t\t\t<a href=\"https:\/\/klar.sk\/accommodation\/bezbarierovy-apartman\/\" rel=\"bookmark\" title=\"Bezbari\u00e9rov\u00fd apartm\u00e1n\">\n\n\t\t\t\t\t\t\t\t\t\t\t\t\t\t\t\t\t\t\t\t\t\t\t\t\t\n\t\t\t\t\t\t\t\t<img decoding=\"async\" src=\"https:\/\/klar.sk\/wp-content\/uploads\/2018\/10\/10-500x385.jpg\" alt=\"\" \/>\t\t\t\t\t\t\t<\/a>\n\n\t\t\t\t\t\t\t\t\t\t\t<\/div>\n\n\t\t\t\t\t<div class=\"rooms-block-content\">\n\t\t\t\t\t\t<h4><a href=\"https:\/\/klar.sk\/accommodation\/bezbarierovy-apartman\/\" rel=\"bookmark\" title=\"Bezbari\u00e9rov\u00fd apartm\u00e1n\">Bezbari\u00e9rov\u00fd apartm\u00e1n<\/a><\/h4>\n\t\t\t\t\t\t<div class=\"title-block-2\"><\/div>\n\t\t\t\t\t\t\n\t\t\t\t\t\t\t\t\t\t\t\t\n\t\t\t\t\t\t<ul class=\"list-style4\">\r\n    <li>Apartm\u00e1n pre imobiln\u00fdch host\u00ed<\/li>\r\n    <li>Ob\u00fdvacia \u010das\u0165 s rozkladac\u00edm gau\u010dom, sl\u00fa\u017eiacim ako pr\u00edstelka<\/li>\r\n    <li>Sp\u00e1l\u0148a s man\u017eelsk\u00fdm dvojl\u00f4\u017ekom<\/li>\r\n    <li>WI-FI free internet<\/li>\r\n    <li>LCD telev\u00edzor so SAT pr\u00edjmom<\/li>\r\n<\/ul>\r\n<div class=\"clearboth\"><\/div>\r\n\r\n\t\t\t\t\t\t<a href=\"https:\/\/klar.sk\/accommodation\/bezbarierovy-apartman\/\" class=\"view-details-button\">Zobrazi\u0165 detaily <i class=\"fa fa-angle-right\"><\/i><\/a> &nbsp; <a href=\"https:\/\/klar.sk\/rezervacia-a-ceny\/\" class=\"view-details-button btn-hlgh\">Rezervova\u0165 <i class=\"fa fa-angle-right\"><\/i><\/a><br style=\"clear: both;\" \/>\n\t\t\t\t\t<\/div>\n\t\t\t\t<!-- END .rooms-block -->\n\t\t\t\t<\/div>\n\t\t\t\t\n\t\t\t\t\t\t\n\t\t\t\t\t\n\t\t\t\t\t\t\n\t\t\t\t<!-- BEGIN .rooms-block -->\n\t\t\t\t<div class=\"rooms-block\">\n\n\t\t\t\t\t<div class=\"rooms-block-image\">\n\t\t\t\t\t\t\n\t\t\t\t\t\t\t<a href=\"https:\/\/klar.sk\/accommodation\/apartman\/\" rel=\"bookmark\" title=\"Apartm\u00e1n\">\n\n\t\t\t\t\t\t\t\t\t\t\t\t\t\t\t\t\t\t\t\t\t\t\t\t\t\n\t\t\t\t\t\t\t\t<img decoding=\"async\" src=\"https:\/\/klar.sk\/wp-content\/uploads\/2017\/08\/apartman-1-500x385.png\" alt=\"\" \/>\t\t\t\t\t\t\t<\/a>\n\n\t\t\t\t\t\t\t\t\t\t\t<\/div>\n\n\t\t\t\t\t<div class=\"rooms-block-content\">\n\t\t\t\t\t\t<h4><a href=\"https:\/\/klar.sk\/accommodation\/apartman\/\" rel=\"bookmark\" title=\"Apartm\u00e1n\">Apartm\u00e1n<\/a><\/h4>\n\t\t\t\t\t\t<div class=\"title-block-2\"><\/div>\n\t\t\t\t\t\t\n\t\t\t\t\t\t\t\t\t\t\t\t\n\t\t\t\t\t\t<ul class=\"list-style4\">\r\n    <li>6 slne\u010dn\u00fdch apartm\u00e1nov - ob\u00fdvacia \u010das\u0165 + sp\u00e1l\u0148a s dvojl\u00f4\u017ekom<\/li>\r\n    <li>K\u00fape\u013e\u0148a s va\u0148ou + sprchov\u00fd k\u00fat<\/li>\r\n    <li>Kuchynsk\u00fd k\u00fat s minibarom<\/li>\r\n    <li>Bezplatn\u00fd k\u00e1blov\u00fd aj WI-FI internet<\/li>\r\n    <li>LCD telev\u00edzor so SAT pr\u00edjmom<\/li>\r\n<\/ul>\r\n<div class=\"clearboth\"><\/div>\t\t\t\t\t\t<a href=\"https:\/\/klar.sk\/accommodation\/apartman\/\" class=\"view-details-button\">Zobrazi\u0165 detaily <i class=\"fa fa-angle-right\"><\/i><\/a> &nbsp; <a href=\"https:\/\/klar.sk\/rezervacia-a-ceny\/\" class=\"view-details-button btn-hlgh\">Rezervova\u0165 <i class=\"fa fa-angle-right\"><\/i><\/a><br style=\"clear: both;\" \/>\n\t\t\t\t\t<\/div>\n\t\t\t\t<!-- END .rooms-block -->\n\t\t\t\t<\/div>\n\t\t\t\t\n\t\t\t\t\t\t\n\t\t\t\t\n\t\t<!-- BEGIN .rooms-block-wrapper -->\n\t\t<\/div>\n\t\t\n\t\t\t\t\n\t\t\t\t\n\t\t\t\t\n\t\t[\/vc_column][\/vc_row]<\/p>\n","protected":false},"excerpt":{"rendered":"<p>[vc_row][vc_column][\/vc_column][\/vc_row]<\/p>\n<a href=\"https:\/\/klar.sk\/accommodation\/apartman\/\" class=\"more-link\">Read More<\/a>","protected":false},"author":5,"featured_media":0,"parent":0,"menu_order":0,"comment_status":"closed","ping_status":"closed","template":"","meta":{"_mi_skip_tracking":false,"_exactmetrics_sitenote_active":false,"_exactmetrics_sitenote_note":"","_exactmetrics_sitenote_category":0,"footnotes":""},"categories":[],"tags":[],"yoast_head":"<!-- This site is optimized with the Yoast SEO plugin v21.5 - https:\/\/yoast.com\/wordpress\/plugins\/seo\/ -->\n<title>Accomodation in Liptovsk\u00fd Mikul\u00e1\u0161 | KLAR Hotel<\/title>\n<meta name=\"robots\" content=\"index, follow, max-snippet:-1, max-image-preview:large, max-video-preview:-1\" \/>\n<link rel=\"canonical\" href=\"https:\/\/klar.sk\/ubytovanie-v-liptovskom-mikulasi\/\" \/>\n<meta property=\"og:locale\" content=\"sk_SK\" \/>\n<meta property=\"og:type\" content=\"article\" \/>\n<meta property=\"og:title\" content=\"Accomodation in Liptovsk\u00fd Mikul\u00e1\u0161 | KLAR Hotel\" \/>\n<meta property=\"og:description\" content=\"[vc_row][vc_column][\/vc_column][\/vc_row]\" \/>\n<meta property=\"og:url\" content=\"https:\/\/klar.sk\/ubytovanie-v-liptovskom-mikulasi\/\" \/>\n<meta property=\"og:site_name\" content=\"KLAR Hotel\" \/>\n<meta property=\"article:modified_time\" content=\"2019-10-25T17:22:20+00:00\" \/>\n<meta name=\"twitter:card\" content=\"summary_large_image\" \/>\n<script type=\"application\/ld+json\" class=\"yoast-schema-graph\">{\"@context\":\"https:\/\/schema.org\",\"@graph\":[{\"@type\":\"WebPage\",\"@id\":\"https:\/\/klar.sk\/ubytovanie-v-liptovskom-mikulasi\/\",\"url\":\"https:\/\/klar.sk\/ubytovanie-v-liptovskom-mikulasi\/\",\"name\":\"Accomodation in Liptovsk\u00fd Mikul\u00e1\u0161 | KLAR Hotel\",\"isPartOf\":{\"@id\":\"https:\/\/klar.sk\/#website\"},\"datePublished\":\"2019-01-15T13:44:13+00:00\",\"dateModified\":\"2019-10-25T17:22:20+00:00\",\"breadcrumb\":{\"@id\":\"https:\/\/klar.sk\/ubytovanie-v-liptovskom-mikulasi\/#breadcrumb\"},\"inLanguage\":\"sk-SK\",\"potentialAction\":[{\"@type\":\"ReadAction\",\"target\":[\"https:\/\/klar.sk\/ubytovanie-v-liptovskom-mikulasi\/\"]}]},{\"@type\":\"BreadcrumbList\",\"@id\":\"https:\/\/klar.sk\/ubytovanie-v-liptovskom-mikulasi\/#breadcrumb\",\"itemListElement\":[{\"@type\":\"ListItem\",\"position\":1,\"name\":\"Home\",\"item\":\"https:\/\/klar.sk\/\"},{\"@type\":\"ListItem\",\"position\":2,\"name\":\"Accomodation in Liptovsk\u00fd Mikul\u00e1\u0161\"}]},{\"@type\":\"WebSite\",\"@id\":\"https:\/\/klar.sk\/#website\",\"url\":\"https:\/\/klar.sk\/\",\"name\":\"KLAR Hotel\",\"description\":\"Super hotel v Liptovskom Mikul\u00e1\u0161i\",\"publisher\":{\"@id\":\"https:\/\/klar.sk\/#organization\"},\"potentialAction\":[{\"@type\":\"SearchAction\",\"target\":{\"@type\":\"EntryPoint\",\"urlTemplate\":\"https:\/\/klar.sk\/?s={search_term_string}\"},\"query-input\":\"required name=search_term_string\"}],\"inLanguage\":\"sk-SK\"},{\"@type\":\"Organization\",\"@id\":\"https:\/\/klar.sk\/#organization\",\"name\":\"Hotel Klar ***\",\"url\":\"https:\/\/klar.sk\/\",\"logo\":{\"@type\":\"ImageObject\",\"inLanguage\":\"sk-SK\",\"@id\":\"https:\/\/klar.sk\/#\/schema\/logo\/image\/\",\"url\":\"https:\/\/klar.sk\/wp-content\/uploads\/2018\/09\/logo.png\",\"contentUrl\":\"https:\/\/klar.sk\/wp-content\/uploads\/2018\/09\/logo.png\",\"width\":115,\"height\":96,\"caption\":\"Hotel Klar ***\"},\"image\":{\"@id\":\"https:\/\/klar.sk\/#\/schema\/logo\/image\/\"}}]}<\/script>\n<!-- \/ Yoast SEO plugin. -->","yoast_head_json":{"title":"Accomodation in Liptovsk\u00fd Mikul\u00e1\u0161 | KLAR Hotel","robots":{"index":"index","follow":"follow","max-snippet":"max-snippet:-1","max-image-preview":"max-image-preview:large","max-video-preview":"max-video-preview:-1"},"canonical":"https:\/\/klar.sk\/ubytovanie-v-liptovskom-mikulasi\/","og_locale":"sk_SK","og_type":"article","og_title":"Accomodation in Liptovsk\u00fd Mikul\u00e1\u0161 | KLAR Hotel","og_description":"[vc_row][vc_column][\/vc_column][\/vc_row]","og_url":"https:\/\/klar.sk\/ubytovanie-v-liptovskom-mikulasi\/","og_site_name":"KLAR Hotel","article_modified_time":"2019-10-25T17:22:20+00:00","twitter_card":"summary_large_image","schema":{"@context":"https:\/\/schema.org","@graph":[{"@type":"WebPage","@id":"https:\/\/klar.sk\/ubytovanie-v-liptovskom-mikulasi\/","url":"https:\/\/klar.sk\/ubytovanie-v-liptovskom-mikulasi\/","name":"Accomodation in Liptovsk\u00fd Mikul\u00e1\u0161 | KLAR Hotel","isPartOf":{"@id":"https:\/\/klar.sk\/#website"},"datePublished":"2019-01-15T13:44:13+00:00","dateModified":"2019-10-25T17:22:20+00:00","breadcrumb":{"@id":"https:\/\/klar.sk\/ubytovanie-v-liptovskom-mikulasi\/#breadcrumb"},"inLanguage":"sk-SK","potentialAction":[{"@type":"ReadAction","target":["https:\/\/klar.sk\/ubytovanie-v-liptovskom-mikulasi\/"]}]},{"@type":"BreadcrumbList","@id":"https:\/\/klar.sk\/ubytovanie-v-liptovskom-mikulasi\/#breadcrumb","itemListElement":[{"@type":"ListItem","position":1,"name":"Home","item":"https:\/\/klar.sk\/"},{"@type":"ListItem","position":2,"name":"Accomodation in Liptovsk\u00fd Mikul\u00e1\u0161"}]},{"@type":"WebSite","@id":"https:\/\/klar.sk\/#website","url":"https:\/\/klar.sk\/","name":"KLAR Hotel","description":"Super hotel v Liptovskom Mikul\u00e1\u0161i","publisher":{"@id":"https:\/\/klar.sk\/#organization"},"potentialAction":[{"@type":"SearchAction","target":{"@type":"EntryPoint","urlTemplate":"https:\/\/klar.sk\/?s={search_term_string}"},"query-input":"required name=search_term_string"}],"inLanguage":"sk-SK"},{"@type":"Organization","@id":"https:\/\/klar.sk\/#organization","name":"Hotel Klar ***","url":"https:\/\/klar.sk\/","logo":{"@type":"ImageObject","inLanguage":"sk-SK","@id":"https:\/\/klar.sk\/#\/schema\/logo\/image\/","url":"https:\/\/klar.sk\/wp-content\/uploads\/2018\/09\/logo.png","contentUrl":"https:\/\/klar.sk\/wp-content\/uploads\/2018\/09\/logo.png","width":115,"height":96,"caption":"Hotel Klar ***"},"image":{"@id":"https:\/\/klar.sk\/#\/schema\/logo\/image\/"}}]}},"_links":{"self":[{"href":"https:\/\/klar.sk\/en\/wp-json\/wp\/v2\/pages\/5564\/"}],"collection":[{"href":"https:\/\/klar.sk\/en\/wp-json\/wp\/v2\/pages\/"}],"about":[{"href":"https:\/\/klar.sk\/en\/wp-json\/wp\/v2\/types\/page\/"}],"author":[{"embeddable":true,"href":"https:\/\/klar.sk\/en\/wp-json\/wp\/v2\/users\/5\/"}],"replies":[{"embeddable":true,"href":"https:\/\/klar.sk\/en\/wp-json\/wp\/v2\/comments\/?post=5564"}],"version-history":[{"count":3,"href":"https:\/\/klar.sk\/en\/wp-json\/wp\/v2\/pages\/5564\/revisions\/"}],"predecessor-version":[{"id":6866,"href":"https:\/\/klar.sk\/en\/wp-json\/wp\/v2\/pages\/5564\/revisions\/6866\/"}],"wp:attachment":[{"href":"https:\/\/klar.sk\/en\/wp-json\/wp\/v2\/media\/?parent=5564"}],"wp:term":[{"taxonomy":"category","embeddable":true,"href":"https:\/\/klar.sk\/en\/wp-json\/wp\/v2\/categories\/?post=5564"},{"taxonomy":"post_tag","embeddable":true,"href":"https:\/\/klar.sk\/en\/wp-json\/wp\/v2\/tags\/?post=5564"}],"curies":[{"name":"wp","href":"https:\/\/api.w.org\/{rel}","templated":true}]}}