{"id":5572,"date":"2019-01-15T14:53:52","date_gmt":"2019-01-15T13:53:52","guid":{"rendered":"https:\/\/klar.sk\/?page_id=5572"},"modified":"2023-12-06T09:20:09","modified_gmt":"2023-12-06T08:20:09","slug":"booking-prices","status":"publish","type":"page","link":"https:\/\/klar.sk\/en\/booking-prices\/","title":{"rendered":"Booking &#038; prices"},"content":{"rendered":"<p>[vc_row][vc_column][vc_column_text]<\/p>\n<p style=\"text-align: center;\">\r\n\t<div id=\"oberonbs\">\r\n\t\t<div id=\"oberon-hotel-reservation\" class=\"container oberon-wrapper\">\r\n\t\t\t<div class=\"oberon-hotel-header\">\r\n\t\t\t\t<h4 id=\"widget_header_reservation\">Rezerv\u00e1cia<\/h4>\r\n\t\t\t<\/div>\r\n\t\t\t<div id=\"reservation-slider\" class=\"carousel slide\">\r\n\t\t\t\t<ol class=\"carousel-indicators\">\r\n\t\t\t\t\t<li data-target=\"#carouselExampleIndicators\" data-slide-to=\"0\" class=\"active\"><\/li>\r\n\t\t\t\t\t<li data-target=\"#carouselExampleIndicators\" data-slide-to=\"1\"><\/li>\r\n\t\t\t\t\t<li data-target=\"#carouselExampleIndicators\" data-slide-to=\"2\"><\/li>\r\n\t\t\t\t<\/ol>\r\n\t\t\t\t<div class=\"carousel-inner\">\r\n\t\t\t\t\t<div class=\"carousel-item active\" id=\"carousel-ohr-main\">\t\r\n\t\t\t\t\t\t<form id=\"oberon-hotel-reservation-main\">\r\n\t\t\t\t\t\t\t<div class=\"form-row\">\t\t\t\t\t\t\t\t\t\t\r\n\t\t\t\t\t\t\t\t<div class=\"form-group col-md-4\">\r\n\t\t\t\t\t\t\t\t\t<label id=\"l_t_date_from\" class=\"control-label\" for=\"t_date_from\">D\u00e1tum od<\/label>\r\n\t\t\t\t\t\t\t\t\t<div class=\"input-group mb-0 mb-sm-0\">\r\n\t\t\t\t\t\t\t\t\t\t<div class=\"input-group-addon\"><i class=\"icon-calendar\"><\/i><\/div>\r\n\t\t\t\t\t\t\t\t\t\t<input type=\"text\" class=\"form-control\" id=\"t_date_from\" name=\"t_date_from\" \/>\r\n\t\t\t\t\t\t\t\t\t<\/div>\t\r\n\t\t\t\t\t\t\t\t<\/div>\r\n\t\t\t\t\t\t\t\t<div class=\"form-group col-md-4\">\r\n\t\t\t\t\t\t\t\t\t<label id=\"l_t_date_to\" class=\"control-label\" for=\"t_date_to\">D\u00e1tum do<\/label>\r\n\t\t\t\t\t\t\t\t\t<div class=\"input-group mb-0 mb-sm-0\">\r\n\t\t\t\t\t\t\t\t\t\t<div class=\"input-group-addon\"><i class=\"icon-calendar\"><\/i><\/div>\r\n\t\t\t\t\t\t\t\t\t\t<input type=\"text\" class=\"form-control\" id=\"t_date_to\" name=\"t_date_to\" \/>\r\n\t\t\t\t\t\t\t\t\t<\/div>\t\r\n\t\t\t\t\t\t\t\t<\/div>\t\t\t\t\t\t\t\t\t\t\t\r\n\t\t\t\t\t\t\t\t<div class=\"form-group col-md\">\r\n\t\t\t\t\t\t\t\t\t<label id=\"l_t_rooms\" class=\"control-label\" for=\"t_rooms\">Po\u010det izieb<\/label>\r\n\t\t\t\t\t\t\t\t\t<div class=\"input-group mb-0 mb-sm-0\">\r\n\t\t\t\t\t\t\t\t\t\t<select  class=\"form-control\" id=\"t_rooms\" name=\"t_rooms\">\r\n\t\t\t\t\t\t\t\t\t\t\t<option value=\"1\" selected=\"selected\">1 izba<\/option><option value=\"2\">2 izby<\/option><option value=\"3\">3 izby<\/option><option value=\"4\">4 izby<\/option><option value=\"5\">5 izieb<\/option>\r\n\t\t\t\t\t\t\t\t\t\t<\/select>\r\n\t\t\t\t\t\t\t\t\t<\/div>\r\n\t\t\t\t\t\t\t\t<\/div>\r\n\t\t\t\t\t\t\t<\/div>\r\n\t\t\t\t\t\t\t<div id=\"room_list\">\r\n\t\t\t\t\t\t\t\t<!-- Room list changed on room count selection -->\t\t\t\t\t\t\t\r\n\t\t\t\t\t\t\t<\/div>\r\n\t\t\t\t\t\t\t<div class=\"form-row\">\r\n\t\t\t\t\t\t\t\t<div class=\"form-group col-md\">\r\n\t\t\t\t\t\t\t\t\t<label id=\"l_t_submission_type\" class=\"control-label\" for=\"t_submission_type\">Sp\u00f4sob spracovania \u00fadajov<\/label>\r\n\t\t\t\t\t\t\t\t\t<div class=\"input-group mb-2 mb-sm-0\">\r\n\t\t\t\t\t\t\t\t\t\t<select  class=\"form-control\" id=\"t_submission_type\" name=\"t_submission_type\">\r\n\t\t\t\t\t\t\t\t\t\t<\/select>\r\n\t\t\t\t\t\t\t\t\t<\/div>\t\r\n\t\t\t\t\t\t\t\t<\/div>\t\t\r\n\t\t\t\t\t\t\t<\/div>\r\n\t\t\t\t\t\t\t<div class=\"form-row\">\r\n\t\t\t\t\t\t\t\t<div class=\"form-group col-md\">\r\n\t\t\t\t\t\t\t\t\t<label id=\"l_t_notice\" for=\"t_notice\">Dopl\u0148uj\u00face inform\u00e1cie<\/label>\r\n\t\t\t\t\t\t\t\t\t<div class=\"input-group mb-2 mb-sm-0\">\r\n\t\t\t\t\t\t\t\t\t\t<textarea rows=\"5\" cols=\"20\" class=\"form-control\" id=\"t_notice\" name=\"t_notice\"><\/textarea>\r\n\t\t\t\t\t\t\t\t\t<\/div>\r\n\t\t\t\t\t\t\t\t<\/div>\t\r\n\t\t\t\t\t\t\t<\/div>\t\t\t\t\t\t\r\n\t\t\t\t\t\t<\/form>\r\n\t\t\t\t\t<\/div>\r\n\t\t\t\t\t<div class=\"carousel-item\" id=\"carousel-ohr-verify\">\t\r\n\t\t\t\t\t\t<div style=\"margin: 30px 0;line-height: 18px;\" id=\"l_slide2_text\">\r\n\t\t\t\t\t\t\tPred odoslan\u00edm z\u00e1v\u00e4znej rezerv\u00e1cie je mo\u017en\u00e9 overi\u0165 dostupnos\u0165 vo\u013en\u00fdch kapac\u00edt a z\u00e1rove\u0148 vytvori\u0165 cenov\u00fa kalkul\u00e1ciu.\r\n\t\t\t\t\t\t<\/div>\r\n\t\t\t\t\t\t<div class=\"oberon-hotel-calculation\">\r\n\t\t\t\t\t\t\t<input type=\"hidden\" value=\"\" id=\"t_calculatedprice\" name=\"t_calculatedprice\" \/>\t\t\t\t\t\t\t\r\n\t\t\t\t\t\t\t<button type=\"submit\" id=\"btn_calculation\" class=\"btn btn-tertiary pull-right\">Overi\u0165 dostupnos\u0165<\/button>\r\n\t\t\t\t\t\t<\/div>\r\n\t\t\t\t\t\t<div id=\"calculation-result\" class=\"alert\">\t\t\t\t\t\t\t\r\n\t\t\t\t\t\t<\/div>\r\n\t\t\t\t\t\t<div id=\"calculation-price-table\" class=\"price-table-result\" style=\"display: none\">\r\n\t\t\t\t\t\t\t<table class=\"table\">\r\n\t\t\t\t\t\t\t\t<thead class=\"thead-default\">\r\n\t\t\t\t\t\t\t\t\t<tr style=\"background-color: #f5f5f5;\">\r\n\t\t\t\t\t\t\t\t\t\t<th id=\"pricetab_name\">Popis<\/th>\r\n\t\t\t\t\t\t\t\t\t\t<th id=\"pricetab_unitprice\">Jedn. cena<\/th>\r\n\t\t\t\t\t\t\t\t\t\t<th id=\"pricetab_amount\">Mno\u017estvo<\/th>\r\n\t\t\t\t\t\t\t\t\t\t<th id=\"pricetab_unit\">Jednotka<\/th>\r\n\t\t\t\t\t\t\t\t\t\t<th id=\"pricetab_price\">Cena celkom<\/th>\r\n\t\t\t\t\t\t\t\t\t<\/tr>\r\n\t\t\t\t\t\t\t\t<\/thead>\r\n\t\t\t\t\t\t\t\t<tbody id=\"calculation-price-table-items\"><\/tbody>\r\n\t\t\t\t\t\t\t<\/table>\t\t\t\t\t\t\t\r\n\t\t\t\t\t\t<\/div>\r\n\t\t\t\t\t\t<div class=\"oberon-wizard-spacer\"><\/div>\r\n\t\t\t\t\t<\/div>\r\n\t\t\t\t\t<div class=\"carousel-item\" id=\"carousel-ohr-data\">\r\n\t\t\t\t\t\t<form id=\"oberon-hotel-reservation-main\">\r\n\t\t\t\t\t\t\t<div class=\"form-row\">\t\t\t\t\t\t\t\t\t\t\r\n\t\t\t\t\t\t\t\t<div class=\"form-group col-md-5\">\r\n\t\t\t\t\t\t\t\t\t<label class=\"control-label\" for=\"t_name\">Meno<\/label>\r\n\t\t\t\t\t\t\t\t\t<div class=\"input-group mb-0 mb-sm-0\">\r\n\t\t\t\t\t\t\t\t\t\t<input type=\"text\" class=\"form-control\" id=\"t_name\" name=\"t_name\"  placeholder=\"given name\" \/>\r\n\t\t\t\t\t\t\t\t\t<\/div>\t\r\n\t\t\t\t\t\t\t\t<\/div>\r\n\t\t\t\t\t\t\t\t<div class=\"col-md\"><\/div>\r\n\t\t\t\t\t\t\t\t<div class=\"form-group col-md-5\">\r\n\t\t\t\t\t\t\t\t\t<label class=\"control-label\" for=\"t_namefamily\">Priezvisko<\/label>\r\n\t\t\t\t\t\t\t\t\t<div class=\"input-group mb-0 mb-sm-0\">\r\n\t\t\t\t\t\t\t\t\t\t<input type=\"text\" class=\"form-control\" id=\"t_namefamily\" name=\"t_namefamily\" placeholder=\"family name\" \/>\r\n\t\t\t\t\t\t\t\t\t<\/div>\t\r\n\t\t\t\t\t\t\t\t<\/div>\t\t\t\t\t\t\t\t\t\t\t\t\t\t\t\t\t\t\t\r\n\t\t\t\t\t\t\t<\/div>\t\r\n\r\n\t\t\t\t\t\t\t<div class=\"form-row\">\t\t\t\t\t\t\t\t\t\t\r\n\t\t\t\t\t\t\t\t<div class=\"form-group col-md-5\">\r\n\t\t\t\t\t\t\t\t\t<label class=\"control-label\" for=\"t_email\">E-mail:<\/label>\r\n\t\t\t\t\t\t\t\t\t<div class=\"input-group mb-0 mb-sm-0\">\r\n\t\t\t\t\t\t\t\t\t\t<input type=\"text\" class=\"form-control\" id=\"t_email\" name=\"t_email\"  placeholder=\"email\" \/>\r\n\t\t\t\t\t\t\t\t\t<\/div>\t\r\n\t\t\t\t\t\t\t\t<\/div>\r\n\t\t\t\t\t\t\t\t<div class=\"col-md\"><\/div>\r\n\t\t\t\t\t\t\t\t<div class=\"form-group col-md-5\">\r\n\t\t\t\t\t\t\t\t\t<label class=\"control-label\" for=\"t_phone\">Telef\u00f3n:<\/label>\r\n\t\t\t\t\t\t\t\t\t<div class=\"input-group mb-0 mb-sm-0\">\r\n\t\t\t\t\t\t\t\t\t\t<input type=\"text\" class=\"form-control\" id=\"t_phone\" name=\"t_phone\" placeholder=\"phone number\" \/>\r\n\t\t\t\t\t\t\t\t\t<\/div>\t\r\n\t\t\t\t\t\t\t\t<\/div>\t\t\t\t\t\t\t\t\t\t\t\t\t\t\t\t\t\t\t\r\n\t\t\t\t\t\t\t<\/div>\r\n\r\n\t\t\t\t\t\t\t<div class=\"form-row\">\t\t\t\t\t\t\t\t\t\t\r\n\t\t\t\t\t\t\t\t<div class=\"form-group col-md-5\">\r\n\t\t\t\t\t\t\t\t\t<label class=\"control-label\" for=\"t_street\">Ulica<\/label>\r\n\t\t\t\t\t\t\t\t\t<div class=\"input-group mb-0 mb-sm-0\">\r\n\t\t\t\t\t\t\t\t\t\t<input type=\"text\" class=\"form-control\" id=\"t_street\" name=\"t_street\"  placeholder=\"street\" \/>\r\n\t\t\t\t\t\t\t\t\t<\/div>\t\r\n\t\t\t\t\t\t\t\t<\/div>\r\n\t\t\t\t\t\t\t\t<div class=\"col-md\"><\/div>\r\n\t\t\t\t\t\t\t\t<div class=\"form-group col-md-5\">\r\n\t\t\t\t\t\t\t\t\t<label class=\"control-label\" for=\"t_city\">Obec<\/label>\r\n\t\t\t\t\t\t\t\t\t<div class=\"input-group mb-0 mb-sm-0\">\r\n\t\t\t\t\t\t\t\t\t\t<input type=\"text\" class=\"form-control\" id=\"t_city\" name=\"t_city\" placeholder=\"town or city\" \/>\r\n\t\t\t\t\t\t\t\t\t<\/div>\t\r\n\t\t\t\t\t\t\t\t<\/div>\t\t\t\t\t\t\t\t\t\t\t\t\t\t\t\t\t\t\t\r\n\t\t\t\t\t\t\t<\/div>\r\n\r\n\t\t\t\t\t\t\t<div class=\"form-row\">\t\t\t\t\t\t\t\t\t\t\r\n\t\t\t\t\t\t\t\t<div class=\"form-group col-md-5\">\r\n\t\t\t\t\t\t\t\t\t<label class=\"control-label\" for=\"t_postalcode\">PS\u010c<\/label>\r\n\t\t\t\t\t\t\t\t\t<div class=\"input-group mb-0 mb-sm-0\">\r\n\t\t\t\t\t\t\t\t\t\t<input type=\"text\" class=\"form-control\" id=\"t_postalcode\" name=\"t_postalcode\"  placeholder=\"postal code\" \/>\r\n\t\t\t\t\t\t\t\t\t<\/div>\t\r\n\t\t\t\t\t\t\t\t<\/div>\r\n\t\t\t\t\t\t\t\t<div class=\"col-md\"><\/div>\r\n\t\t\t\t\t\t\t\t<div class=\"form-group col-md-5\">\r\n\t\t\t\t\t\t\t\t\t<label class=\"control-label\" for=\"t_country\">Krajina<\/label>\r\n\t\t\t\t\t\t\t\t\t<div class=\"input-group mb-0 mb-sm-0\">\r\n\t\t\t\t\t\t\t\t\t\t<input type=\"text\" class=\"form-control\" id=\"t_country\" name=\"t_country\" placeholder=\"country\" \/>\r\n\t\t\t\t\t\t\t\t\t<\/div>\t\r\n\t\t\t\t\t\t\t\t<\/div>\t\t\t\t\t\t\t\t\t\t\t\t\t\t\t\t\t\t\t\r\n\t\t\t\t\t\t\t<\/div>\r\n\r\n\t\t\t\t\t\t<\/form>\t\t\t\t\t\t\r\n\t\t\t\t\t\t<div class=\"oberon-wizard-spacer\"><\/div>\r\n\t\t\t\t\t<\/div>\r\n\t\t\t\t\t<div class=\"carousel-item\" id=\"carousel-ohr-result\">\r\n\t\t\t\t\t\t<div id=\"oberon-reservation-result\" class=\"alert\">\r\n\t\t\t\t\t\t<\/div>\r\n\t\t\t\t\t\t<div class=\"oberon-wizard-page-buttons\">\r\n\t\t\t\t\t\t\t<!--\r\n\t\t\t\t\t\t\t<button type=\"submit\" id=\"btn_new_reservation\" class=\"btn btn-tertiary pull-right\">Nov\u00e1 rezerv\u00e1cia<\/button>\r\n\t\t\t\t\t\t\t-->\r\n\t\t\t\t\t\t<\/div>\r\n\t\t\t\t\t\t<div class=\"oberon-wizard-spacer\"><\/div>\r\n\t\t\t\t\t<\/div>\r\n\t\t\t\t\t<!-- Error page -->\r\n\t\t\t\t\t<div class=\"carousel-item\" id=\"carousel-ohr-err\">\r\n\t\t\t\t\t\t<div id=\"oberon-reservation-error\" class=\"alert\">\r\n\t\t\t\t\t\t\t<div class=\"oberon-error-icon\"><\/div>\r\n\t\t\t\t\t\t\t<div class=\"oberon-error-message\"><\/div>\r\n\t\t\t\t\t\t<\/div>\r\n\t\t\t\t\t\t<div class=\"oberon-wizard-spacer\"><\/div>\r\n\t\t\t\t\t<\/div>\r\n\t\t\t\t<\/div>\r\n\t\t\t<\/div>\r\n\t\t\t<div class=\"form-actions\">\r\n\t\t\t\t<button type=\"submit\" id=\"btn_prev\" class=\"btn btn-secondary\">Nasp\u00e4\u0165<\/button>\r\n\t\t\t\t<button type=\"submit\" id=\"btn_next\" class=\"btn btn-secondary\">\u010ealej<\/button>\r\n\t\t\t\t<button type=\"submit\" id=\"sendRequest\" class=\"btn btn-primary\" disabled>Odosla\u0165<\/button>\r\n\t\t\t<\/div>\r\n\t\t<\/div>\r\n\t<\/div>\r\n\t<script type=\"text\/javascript\">\r\n\t\tvar oberonHotelReservationSettings = {\r\n\t\t\t\tbaseUrl: \"https:\/\/klar.sk\/wp-content\/plugins\/exalogic-oberon-hotel-reservation\/\",\r\n\t\t\t\tpreferedSubmissionType: 1,\r\n\t\t\t\tlang: \"sk\"\r\n\t\t\t}\r\n\t<\/script>\r\n<\/p>\n<table style=\"width: 72.4181%; font-size: 80%; margin-right: auto; margin-left: auto; height: 458px;\" border=\"0\" cellspacing=\"5px\" cellpadding=\"4px\" align=\"center\">\n<tbody>\n<tr style=\"height: 30px;\">\n<td style=\"text-align: left; width: 50%; height: 30px;\"><\/td>\n<td style=\"text-align: center; vertical-align: middle; height: 30px; width: 24%;\" colspan=\"2\"><span style=\"font-size: 12pt;\"><strong>prices are valid from 1.1.2024<\/strong><\/span><\/td>\n<\/tr>\n<tr style=\"height: 19px;\">\n<td style=\"height: 28px; width: 50%; text-align: left;\"><span style=\"font-size: 12pt;\"><strong>PRICE LIST<\/strong><\/span><\/td>\n<td style=\"width: 12%; text-align: center; height: 28px;\"><span style=\"font-size: 12pt;\"><strong>1 &#8211; 2 nights<\/strong><\/span><\/td>\n<td style=\"width: 12%; text-align: center; height: 28px;\"><span style=\"font-size: 12pt;\"><strong>3+ nights<\/strong><\/span><\/td>\n<\/tr>\n<tr style=\"height: 25px;\">\n<td style=\"width: 50%; height: 25px; text-align: center;\"><span style=\"font-size: 12pt;\"><strong>\u00a0<\/strong><\/span><\/td>\n<td style=\"text-align: center; width: 12%; height: 25px;\"><span style=\"font-size: 12pt;\"><strong>\u00a0<\/strong><\/span><\/td>\n<td style=\"text-align: center; width: 12%; height: 25px;\"><span style=\"font-size: 12pt;\"><strong>\u00a0<\/strong><\/span><\/td>\n<\/tr>\n<tr style=\"height: 19px;\">\n<td style=\"text-align: left; width: 50%; height: 25px; background-color: #e6dece;\"><span style=\"font-size: 12pt;\"><strong>Single room<\/strong><strong><br \/>\n<\/strong><\/span><\/td>\n<td style=\"text-align: center; width: 12%; height: 25px; background-color: #e6dece;\"><span style=\"font-size: 12pt;\">55 \u20ac<\/span><\/td>\n<td style=\"text-align: center; width: 12%; height: 25px; background-color: #e6dece;\"><span style=\"font-size: 12pt;\">51\u20ac<\/span><\/td>\n<\/tr>\n<tr>\n<td style=\"text-align: left; width: 50%; background-color: #e6dece;\"><span style=\"font-size: 12pt;\"><strong>Double room (large bed), Twin room (two separate beds)<\/strong><\/span><\/td>\n<td style=\"text-align: center; width: 12%; background-color: #e6dece;\"><span style=\"font-size: 12pt;\">84 \u20ac<\/span><\/td>\n<td style=\"text-align: center; width: 12%; background-color: #e6dece;\"><span style=\"font-size: 12pt;\">76 \u20ac<\/span><\/td>\n<\/tr>\n<tr style=\"height: 25px;\">\n<td style=\"width: 50%; height: 25px;\"><span style=\"font-size: 12pt;\"><strong>\u00a0<\/strong><\/span><\/td>\n<td style=\"text-align: center; width: 12%; height: 25px;\"><span style=\"font-size: 12pt;\">\u00a0<\/span><\/td>\n<td style=\"text-align: center; width: 12%; height: 25px;\"><span style=\"font-size: 12pt;\">\u00a0<\/span><\/td>\n<\/tr>\n<tr style=\"height: 19px;\">\n<td style=\"text-align: left; width: 50%; height: 25px; background-color: #e6dece;\"><span style=\"font-size: 12pt;\"><strong>Suite \/ 2 persons<\/strong><\/span><\/td>\n<td style=\"text-align: center; width: 12%; height: 25px; background-color: #e6dece;\"><span style=\"font-size: 12pt;\">105 \u20ac<\/span><\/td>\n<td style=\"text-align: center; width: 12%; height: 25px; background-color: #e6dece;\"><span style=\"font-size: 12pt;\">96 \u20ac<\/span><\/td>\n<\/tr>\n<tr style=\"height: 19px;\">\n<td style=\"width: 50%; height: 25px; background-color: #e6dece;\"><span style=\"font-size: 12pt;\"><strong>Suite \/ 3 persons<\/strong><\/span><\/td>\n<td style=\"text-align: center; width: 12%; height: 25px; background-color: #e6dece;\"><span style=\"font-size: 12pt;\">120 \u20ac<\/span><\/td>\n<td style=\"text-align: center; width: 12%; height: 25px; background-color: #e6dece;\"><span style=\"font-size: 12pt;\">108 \u20ac<\/span><\/td>\n<\/tr>\n<tr style=\"height: 19px;\">\n<td style=\"width: 50%; height: 25px; background-color: #e6dece;\"><span style=\"font-size: 12pt;\"><strong>Suite \/ 4 persons<\/strong><\/span><\/td>\n<td style=\"text-align: center; width: 12%; height: 25px; background-color: #e6dece;\"><span style=\"font-size: 12pt;\">135 \u20ac<\/span><\/td>\n<td style=\"text-align: center; width: 12%; height: 25px; background-color: #e6dece;\"><span style=\"font-size: 12pt;\">123 \u20ac<\/span><\/td>\n<\/tr>\n<tr style=\"height: 25px;\">\n<td style=\"width: 50%; height: 25px;\"><span style=\"font-size: 12pt;\"><strong>\u00a0<\/strong><\/span><\/td>\n<td style=\"text-align: center; width: 12%; height: 25px;\"><span style=\"font-size: 12pt;\">\u00a0<\/span><\/td>\n<td style=\"text-align: center; width: 12%; height: 25px;\"><span style=\"font-size: 12pt;\">\u00a0<\/span><\/td>\n<\/tr>\n<tr style=\"height: 19px;\">\n<td style=\"width: 50%; height: 25px; background-color: #e6dece;\"><span style=\"font-size: 16px;\"><b>Local accomodation tax 1 person (10+ y. o.) \/ 1 night<\/b><\/span><\/td>\n<td style=\"width: 12%; height: 25px; background-color: #e6dece; text-align: center;\"><span style=\"font-size: 12pt;\">1 \u20ac<\/span><\/td>\n<td style=\"width: 12%; height: 25px; background-color: #e6dece; text-align: center;\"><span style=\"font-size: 12pt;\">1 \u20ac<\/span><\/td>\n<\/tr>\n<\/tbody>\n<\/table>\n<p>Prices are calculated in \u20ac per one room \/ night.<br \/>\nContinental breakfast \/ breakfast buffet is included in the price of accomodation.<br \/>\nParking and WiFi are free for our guests. Ask for the WiFi password at the reception.<\/p>\n<p><em>Surcharges and fees:<\/em><br \/>\nHalf board 10 \u20ac an adult \/ 7 \u20ac person under 10 years old.<br \/>\nSurcharge for dogs 10 \u20ac \/ night.<br \/>\nEarly check-in after 12:00 o&#8217;clock, late check-out until 12:00 o&#8217;clock &#8211; 15 \u20ac.<br \/>\nLost room keys will incur a 20 \u20ac charge per key.<\/p>\n<p>Check-in from 14:00 hod. Check-out no later than 10:00 hod.<\/p>\n<p>Dear guest, please honor silent hours 22:00 &#8211; 6:00.<\/p>\n<p><span class=\"s1\"><strong>CANCELLATION POLICY:<\/strong><\/span><br \/>\nIf cancellation is made 15 days or more prior to your arrival date, no fee will be charged.<br \/>\nIf cancellation is made 2-14 days prior to your arrival date, 50 percent of the total amount will be charged.<br \/>\nIf cancallation is made less than 1 days prior to your arrival date ( or no \u2013 show),100 percent of room rate will be charged.[\/vc_column_text]\t\n\t\n\t\n\t\t\t\t\t\n\t\t\t<h3 class=\"center-title\">Our guests ratings<\/h3>\n\t\t\t<div class=\"title-block-1\"><\/div>\n\t\t\t\n\t\t\n\t\t<!-- BEGIN .testimonial-wrapper-outer -->\n\t\t<div class=\"testimonial-wrapper-outer\">\n\n\t\t\t<!-- BEGIN .testimonial-list-wrapper -->\n\t\t\t<div class=\"testimonial-list-wrapper owl-carousel3\">\n\n\t\t\t\t\n\t\t\t\t\t\n\t\t\t\t\t<!-- BEGIN .testimonial-wrapper -->\n\t\t\t\t\t<div class=\"testimonial-wrapper\">\n\t\t\t\t\t\t\n\t\t\t\t\t\t\t\t\t\t\t\t\n\t\t\t\t\t\t<div><span class=\"qns-open-quote\">\u201c<\/span>Ra\u0148ajky chutili skvelo, hotel m\u00e1 tie\u017e skvel\u00fa lokalitu....<span class=\"qns-close-quote\">\u201d<\/span><\/div>\n\n\t\t\t\t\t\t\n\t\t\t\t\t\t<div class=\"testimonial-author\"><p>Nikol - Slovensko<\/p><\/div>\n\n\t\t\t\t\t<!-- END .testimonial-wrapper -->\n\t\t\t\t\t<\/div>\n\n\t\t\t\t\n\t\t\t\t\t\n\t\t\t\t\t<!-- BEGIN .testimonial-wrapper -->\n\t\t\t\t\t<div class=\"testimonial-wrapper\">\n\t\t\t\t\t\t\n\t\t\t\t\t\t\t\t\t\t\t\t\n\t\t\t\t\t\t<div><span class=\"qns-open-quote\">\u201c<\/span>Ve\u013emi pr\u00edjemn\u00e1 a ochotn\u00e1 obsluha na recepcii. Ve\u013ek\u00e9 a \u010dist\u00e9 izby. Chutn\u00e9 ra\u0148ajky....<span class=\"qns-close-quote\">\u201d<\/span><\/div>\n\n\t\t\t\t\t\t\n\t\t\t\t\t\t<div class=\"testimonial-author\"><p>Aneta - Slovensko<\/p><\/div>\n\n\t\t\t\t\t<!-- END .testimonial-wrapper -->\n\t\t\t\t\t<\/div>\n\n\t\t\t\t\n\t\t\t<!-- END .testimonial-list-wrapper -->\n\t\t\t<\/div>\n\n\t\t<!-- END .testimonial-wrapper-outer -->\n\t\t<\/div>\n\t\n\n\t\n\t[\/vc_column][\/vc_row]<\/p>\n","protected":false},"excerpt":{"rendered":"<p>[vc_row][vc_column][vc_column_text] prices are valid from 1.1.2024 PRICE LIST 1 &#8211; 2 nights 3+ nights \u00a0 \u00a0 \u00a0 Single room 55 \u20ac 51\u20ac Double room (large bed), Twin room (two separate beds) 84 \u20ac 76 \u20ac \u00a0 \u00a0 \u00a0 Suite \/ 2 persons 105 \u20ac 96 \u20ac Suite \/ 3 persons 120 \u20ac 108 \u20ac Suite<\/p>\n<a href=\"https:\/\/klar.sk\/testimonials\/testimonial-9\/\" class=\"more-link\">Read More<\/a>","protected":false},"author":5,"featured_media":0,"parent":0,"menu_order":0,"comment_status":"closed","ping_status":"closed","template":"","meta":{"_mi_skip_tracking":false,"_exactmetrics_sitenote_active":false,"_exactmetrics_sitenote_note":"","_exactmetrics_sitenote_category":0,"footnotes":""},"categories":[],"tags":[],"yoast_head":"<!-- This site is optimized with the Yoast SEO plugin v21.5 - https:\/\/yoast.com\/wordpress\/plugins\/seo\/ -->\n<title>Booking &amp; prices | KLAR Hotel<\/title>\n<meta name=\"robots\" content=\"index, follow, max-snippet:-1, max-image-preview:large, max-video-preview:-1\" \/>\n<link rel=\"canonical\" href=\"https:\/\/klar.sk\/booking-prices\/\" \/>\n<meta property=\"og:locale\" content=\"sk_SK\" \/>\n<meta property=\"og:type\" content=\"article\" \/>\n<meta property=\"og:title\" content=\"Booking &amp; prices | KLAR Hotel\" \/>\n<meta property=\"og:description\" content=\"[vc_row][vc_column][vc_column_text] prices are valid from 1.1.2024 PRICE LIST 1 &#8211; 2 nights 3+ nights \u00a0 \u00a0 \u00a0 Single room 55 \u20ac 51\u20ac Double room (large bed), Twin room (two separate beds) 84 \u20ac 76 \u20ac \u00a0 \u00a0 \u00a0 Suite \/ 2 persons 105 \u20ac 96 \u20ac Suite \/ 3 persons 120 \u20ac 108 \u20ac Suite\" \/>\n<meta property=\"og:url\" content=\"https:\/\/klar.sk\/en\/booking-prices\/\" \/>\n<meta property=\"og:site_name\" content=\"KLAR Hotel\" \/>\n<meta property=\"article:modified_time\" content=\"2023-12-06T08:20:09+00:00\" \/>\n<meta name=\"twitter:card\" content=\"summary_large_image\" \/>\n<meta name=\"twitter:label1\" content=\"Predpokladan\u00fd \u010das \u010d\u00edtania\" \/>\n\t<meta name=\"twitter:data1\" content=\"2 min\u00faty\" \/>\n<script type=\"application\/ld+json\" class=\"yoast-schema-graph\">{\"@context\":\"https:\/\/schema.org\",\"@graph\":[{\"@type\":\"WebPage\",\"@id\":\"https:\/\/klar.sk\/en\/booking-prices\/\",\"url\":\"https:\/\/klar.sk\/en\/booking-prices\/\",\"name\":\"Booking & prices | KLAR Hotel\",\"isPartOf\":{\"@id\":\"https:\/\/klar.sk\/#website\"},\"datePublished\":\"2019-01-15T13:53:52+00:00\",\"dateModified\":\"2023-12-06T08:20:09+00:00\",\"breadcrumb\":{\"@id\":\"https:\/\/klar.sk\/en\/booking-prices\/#breadcrumb\"},\"inLanguage\":\"sk-SK\",\"potentialAction\":[{\"@type\":\"ReadAction\",\"target\":[\"https:\/\/klar.sk\/en\/booking-prices\/\"]}]},{\"@type\":\"BreadcrumbList\",\"@id\":\"https:\/\/klar.sk\/en\/booking-prices\/#breadcrumb\",\"itemListElement\":[{\"@type\":\"ListItem\",\"position\":1,\"name\":\"Home\",\"item\":\"https:\/\/klar.sk\/\"},{\"@type\":\"ListItem\",\"position\":2,\"name\":\"Booking &#038; prices\"}]},{\"@type\":\"WebSite\",\"@id\":\"https:\/\/klar.sk\/#website\",\"url\":\"https:\/\/klar.sk\/\",\"name\":\"KLAR Hotel\",\"description\":\"Super hotel v Liptovskom Mikul\u00e1\u0161i\",\"publisher\":{\"@id\":\"https:\/\/klar.sk\/#organization\"},\"potentialAction\":[{\"@type\":\"SearchAction\",\"target\":{\"@type\":\"EntryPoint\",\"urlTemplate\":\"https:\/\/klar.sk\/?s={search_term_string}\"},\"query-input\":\"required name=search_term_string\"}],\"inLanguage\":\"sk-SK\"},{\"@type\":\"Organization\",\"@id\":\"https:\/\/klar.sk\/#organization\",\"name\":\"Hotel Klar ***\",\"url\":\"https:\/\/klar.sk\/\",\"logo\":{\"@type\":\"ImageObject\",\"inLanguage\":\"sk-SK\",\"@id\":\"https:\/\/klar.sk\/#\/schema\/logo\/image\/\",\"url\":\"https:\/\/klar.sk\/wp-content\/uploads\/2018\/09\/logo.png\",\"contentUrl\":\"https:\/\/klar.sk\/wp-content\/uploads\/2018\/09\/logo.png\",\"width\":115,\"height\":96,\"caption\":\"Hotel Klar ***\"},\"image\":{\"@id\":\"https:\/\/klar.sk\/#\/schema\/logo\/image\/\"}}]}<\/script>\n<!-- \/ Yoast SEO plugin. -->","yoast_head_json":{"title":"Booking & prices | KLAR Hotel","robots":{"index":"index","follow":"follow","max-snippet":"max-snippet:-1","max-image-preview":"max-image-preview:large","max-video-preview":"max-video-preview:-1"},"canonical":"https:\/\/klar.sk\/booking-prices\/","og_locale":"sk_SK","og_type":"article","og_title":"Booking & prices | KLAR Hotel","og_description":"[vc_row][vc_column][vc_column_text] prices are valid from 1.1.2024 PRICE LIST 1 &#8211; 2 nights 3+ nights \u00a0 \u00a0 \u00a0 Single room 55 \u20ac 51\u20ac Double room (large bed), Twin room (two separate beds) 84 \u20ac 76 \u20ac \u00a0 \u00a0 \u00a0 Suite \/ 2 persons 105 \u20ac 96 \u20ac Suite \/ 3 persons 120 \u20ac 108 \u20ac Suite","og_url":"https:\/\/klar.sk\/en\/booking-prices\/","og_site_name":"KLAR Hotel","article_modified_time":"2023-12-06T08:20:09+00:00","twitter_card":"summary_large_image","twitter_misc":{"Predpokladan\u00fd \u010das \u010d\u00edtania":"2 min\u00faty"},"schema":{"@context":"https:\/\/schema.org","@graph":[{"@type":"WebPage","@id":"https:\/\/klar.sk\/en\/booking-prices\/","url":"https:\/\/klar.sk\/en\/booking-prices\/","name":"Booking & prices | KLAR Hotel","isPartOf":{"@id":"https:\/\/klar.sk\/#website"},"datePublished":"2019-01-15T13:53:52+00:00","dateModified":"2023-12-06T08:20:09+00:00","breadcrumb":{"@id":"https:\/\/klar.sk\/en\/booking-prices\/#breadcrumb"},"inLanguage":"sk-SK","potentialAction":[{"@type":"ReadAction","target":["https:\/\/klar.sk\/en\/booking-prices\/"]}]},{"@type":"BreadcrumbList","@id":"https:\/\/klar.sk\/en\/booking-prices\/#breadcrumb","itemListElement":[{"@type":"ListItem","position":1,"name":"Home","item":"https:\/\/klar.sk\/"},{"@type":"ListItem","position":2,"name":"Booking &#038; prices"}]},{"@type":"WebSite","@id":"https:\/\/klar.sk\/#website","url":"https:\/\/klar.sk\/","name":"KLAR Hotel","description":"Super hotel v Liptovskom Mikul\u00e1\u0161i","publisher":{"@id":"https:\/\/klar.sk\/#organization"},"potentialAction":[{"@type":"SearchAction","target":{"@type":"EntryPoint","urlTemplate":"https:\/\/klar.sk\/?s={search_term_string}"},"query-input":"required name=search_term_string"}],"inLanguage":"sk-SK"},{"@type":"Organization","@id":"https:\/\/klar.sk\/#organization","name":"Hotel Klar ***","url":"https:\/\/klar.sk\/","logo":{"@type":"ImageObject","inLanguage":"sk-SK","@id":"https:\/\/klar.sk\/#\/schema\/logo\/image\/","url":"https:\/\/klar.sk\/wp-content\/uploads\/2018\/09\/logo.png","contentUrl":"https:\/\/klar.sk\/wp-content\/uploads\/2018\/09\/logo.png","width":115,"height":96,"caption":"Hotel Klar ***"},"image":{"@id":"https:\/\/klar.sk\/#\/schema\/logo\/image\/"}}]}},"_links":{"self":[{"href":"https:\/\/klar.sk\/en\/wp-json\/wp\/v2\/pages\/5572\/"}],"collection":[{"href":"https:\/\/klar.sk\/en\/wp-json\/wp\/v2\/pages\/"}],"about":[{"href":"https:\/\/klar.sk\/en\/wp-json\/wp\/v2\/types\/page\/"}],"author":[{"embeddable":true,"href":"https:\/\/klar.sk\/en\/wp-json\/wp\/v2\/users\/5\/"}],"replies":[{"embeddable":true,"href":"https:\/\/klar.sk\/en\/wp-json\/wp\/v2\/comments\/?post=5572"}],"version-history":[{"count":18,"href":"https:\/\/klar.sk\/en\/wp-json\/wp\/v2\/pages\/5572\/revisions\/"}],"predecessor-version":[{"id":8480,"href":"https:\/\/klar.sk\/en\/wp-json\/wp\/v2\/pages\/5572\/revisions\/8480\/"}],"wp:attachment":[{"href":"https:\/\/klar.sk\/en\/wp-json\/wp\/v2\/media\/?parent=5572"}],"wp:term":[{"taxonomy":"category","embeddable":true,"href":"https:\/\/klar.sk\/en\/wp-json\/wp\/v2\/categories\/?post=5572"},{"taxonomy":"post_tag","embeddable":true,"href":"https:\/\/klar.sk\/en\/wp-json\/wp\/v2\/tags\/?post=5572"}],"curies":[{"name":"wp","href":"https:\/\/api.w.org\/{rel}","templated":true}]}}