{"id":5764,"date":"2019-01-17T14:17:16","date_gmt":"2019-01-17T13:17:16","guid":{"rendered":"https:\/\/klar.sk\/?page_id=5764"},"modified":"2019-01-18T14:09:19","modified_gmt":"2019-01-18T13:09:19","slug":"winter-sports","status":"publish","type":"page","link":"https:\/\/klar.sk\/en\/winter-sports\/","title":{"rendered":"Winter sports"},"content":{"rendered":"<p>[vc_row][vc_column][vc_empty_space]<h4>Skiing and sledging for kids and for professionals<\/h4><div class=\"title-block-6\"><\/div>[vc_column_text]Liptov can offer you something all year, but it is a paradise for lovers of wintersports. Skiing, snowboarding, snow scooter but also other winter sports might be enjoyed in some of the skiing centers in the surrounding.<\/p>\n<p><strong>Jasn\u00e1 Low Tatras <\/strong><\/p>\n<p>The largest ski arena for winter sports in Slovakia- Jasn\u00e1- Low Tatras is situated only 15km from the center of Liptovsk\u00fd Mikul\u00e1\u0161. It offers 45km of ski slopes for various levels for beginners, professionals, families with kids and for organizing the ski race of the top of the world level. Freeride zones and snow partk, 30 cable cars or ski lifts. You will get to the Chopok hill by 30 modern cars, ski lifts.<\/p>\n<p><strong>Opalisko Ski center <\/strong><\/p>\n<p>Opalisko is situated over the village Z\u00e1va\u017en\u00e1 Poruba, at the foot of a mountain Poludnica. It is situated 5km from the Liptovsk\u00fd Mikul\u00e1\u0161 center. Five ski slopes with technical snow, four skilifts and a chairlift offer sufficient comfort without long queuing. Areal for kids, sledging slope, natural ice rink are available. There is also the running area with lights with the 30km length of running routes in the center.<\/p>\n<p><strong>Fun Park \u017diarce <\/strong><\/p>\n<p>Fun Park Ziarce is situated in the municipality Pav\u010dina Lehota, at the entry to Dem\u00e4nov valley. Ski school and kindergarten for the smallest ones, ski equipment rent, night skiing, snowpark and free carpark by lift are available. Ski center which is situated only 5km from Liptovsk\u00fd Mikul\u00e1\u0161, it offers good skiing experience for favourable prices of family ski tickets.[\/vc_column_text][\/vc_column][\/vc_row][vc_row][vc_column][vc_gallery type=&#8220;image_grid&#8220; images=&#8220;5767,5768,5783,5769,5777,5772,5774,5775,5776,5771,5778,5779,5780,5401,5782,5766&#8243;][\/vc_column][\/vc_row]<\/p>\n","protected":false},"excerpt":{"rendered":"<p>[vc_row][vc_column][vc_empty_space][vc_column_text]Liptov can offer you something all year, but it is a paradise for lovers of wintersports. Skiing, snowboarding, snow scooter but also other winter sports might be enjoyed in some of the skiing centers in the surrounding. Jasn\u00e1 Low Tatras The largest ski arena for winter sports in Slovakia- Jasn\u00e1- Low Tatras is situated only<\/p>\n<a href=\"https:\/\/klar.sk\/en\/winter-sports\/\" class=\"more-link\">Read More<\/a>","protected":false},"author":5,"featured_media":5401,"parent":0,"menu_order":0,"comment_status":"closed","ping_status":"closed","template":"","meta":{"_mi_skip_tracking":false,"_exactmetrics_sitenote_active":false,"_exactmetrics_sitenote_note":"","_exactmetrics_sitenote_category":0,"footnotes":""},"categories":[],"tags":[],"yoast_head":"<!-- This site is optimized with the Yoast SEO plugin v21.5 - https:\/\/yoast.com\/wordpress\/plugins\/seo\/ -->\n<title>Winter sports | KLAR Hotel<\/title>\n<meta name=\"robots\" content=\"index, follow, max-snippet:-1, max-image-preview:large, max-video-preview:-1\" \/>\n<link rel=\"canonical\" href=\"https:\/\/klar.sk\/zimne-sporty\/\" \/>\n<meta property=\"og:locale\" content=\"sk_SK\" \/>\n<meta property=\"og:type\" content=\"article\" \/>\n<meta property=\"og:title\" content=\"Winter sports | KLAR Hotel\" \/>\n<meta property=\"og:description\" content=\"[vc_row][vc_column][vc_empty_space][vc_column_text]Liptov can offer you something all year, but it is a paradise for lovers of wintersports. Skiing, snowboarding, snow scooter but also other winter sports might be enjoyed in some of the skiing centers in the surrounding. Jasn\u00e1 Low Tatras The largest ski arena for winter sports in Slovakia- Jasn\u00e1- Low Tatras is situated only\" \/>\n<meta property=\"og:url\" content=\"https:\/\/klar.sk\/zimne-sporty\/\" \/>\n<meta property=\"og:site_name\" content=\"KLAR Hotel\" \/>\n<meta property=\"article:modified_time\" content=\"2019-01-18T13:09:19+00:00\" \/>\n<meta property=\"og:image\" content=\"https:\/\/klar.sk\/wp-content\/uploads\/2018\/10\/turistika_v_tatrach_008be4ea68db53d8-440x298-e1547802679269.jpg\" \/>\n\t<meta property=\"og:image:width\" content=\"440\" \/>\n\t<meta property=\"og:image:height\" content=\"253\" \/>\n\t<meta property=\"og:image:type\" content=\"image\/jpeg\" \/>\n<meta name=\"twitter:card\" content=\"summary_large_image\" \/>\n<meta name=\"twitter:label1\" content=\"Predpokladan\u00fd \u010das \u010d\u00edtania\" \/>\n\t<meta name=\"twitter:data1\" content=\"1 min\u00fata\" \/>\n<script type=\"application\/ld+json\" class=\"yoast-schema-graph\">{\"@context\":\"https:\/\/schema.org\",\"@graph\":[{\"@type\":\"WebPage\",\"@id\":\"https:\/\/klar.sk\/zimne-sporty\/\",\"url\":\"https:\/\/klar.sk\/zimne-sporty\/\",\"name\":\"Winter sports | KLAR Hotel\",\"isPartOf\":{\"@id\":\"https:\/\/klar.sk\/#website\"},\"datePublished\":\"2019-01-17T13:17:16+00:00\",\"dateModified\":\"2019-01-18T13:09:19+00:00\",\"breadcrumb\":{\"@id\":\"https:\/\/klar.sk\/zimne-sporty\/#breadcrumb\"},\"inLanguage\":\"sk-SK\",\"potentialAction\":[{\"@type\":\"ReadAction\",\"target\":[\"https:\/\/klar.sk\/zimne-sporty\/\"]}]},{\"@type\":\"BreadcrumbList\",\"@id\":\"https:\/\/klar.sk\/zimne-sporty\/#breadcrumb\",\"itemListElement\":[{\"@type\":\"ListItem\",\"position\":1,\"name\":\"Home\",\"item\":\"https:\/\/klar.sk\/\"},{\"@type\":\"ListItem\",\"position\":2,\"name\":\"Winter sports\"}]},{\"@type\":\"WebSite\",\"@id\":\"https:\/\/klar.sk\/#website\",\"url\":\"https:\/\/klar.sk\/\",\"name\":\"KLAR Hotel\",\"description\":\"Super hotel v Liptovskom Mikul\u00e1\u0161i\",\"publisher\":{\"@id\":\"https:\/\/klar.sk\/#organization\"},\"potentialAction\":[{\"@type\":\"SearchAction\",\"target\":{\"@type\":\"EntryPoint\",\"urlTemplate\":\"https:\/\/klar.sk\/?s={search_term_string}\"},\"query-input\":\"required name=search_term_string\"}],\"inLanguage\":\"sk-SK\"},{\"@type\":\"Organization\",\"@id\":\"https:\/\/klar.sk\/#organization\",\"name\":\"Hotel Klar ***\",\"url\":\"https:\/\/klar.sk\/\",\"logo\":{\"@type\":\"ImageObject\",\"inLanguage\":\"sk-SK\",\"@id\":\"https:\/\/klar.sk\/#\/schema\/logo\/image\/\",\"url\":\"https:\/\/klar.sk\/wp-content\/uploads\/2018\/09\/logo.png\",\"contentUrl\":\"https:\/\/klar.sk\/wp-content\/uploads\/2018\/09\/logo.png\",\"width\":115,\"height\":96,\"caption\":\"Hotel Klar ***\"},\"image\":{\"@id\":\"https:\/\/klar.sk\/#\/schema\/logo\/image\/\"}}]}<\/script>\n<!-- \/ Yoast SEO plugin. -->","yoast_head_json":{"title":"Winter sports | KLAR Hotel","robots":{"index":"index","follow":"follow","max-snippet":"max-snippet:-1","max-image-preview":"max-image-preview:large","max-video-preview":"max-video-preview:-1"},"canonical":"https:\/\/klar.sk\/zimne-sporty\/","og_locale":"sk_SK","og_type":"article","og_title":"Winter sports | KLAR Hotel","og_description":"[vc_row][vc_column][vc_empty_space][vc_column_text]Liptov can offer you something all year, but it is a paradise for lovers of wintersports. Skiing, snowboarding, snow scooter but also other winter sports might be enjoyed in some of the skiing centers in the surrounding. Jasn\u00e1 Low Tatras The largest ski arena for winter sports in Slovakia- Jasn\u00e1- Low Tatras is situated only","og_url":"https:\/\/klar.sk\/zimne-sporty\/","og_site_name":"KLAR Hotel","article_modified_time":"2019-01-18T13:09:19+00:00","og_image":[{"width":440,"height":253,"url":"https:\/\/klar.sk\/wp-content\/uploads\/2018\/10\/turistika_v_tatrach_008be4ea68db53d8-440x298-e1547802679269.jpg","type":"image\/jpeg"}],"twitter_card":"summary_large_image","twitter_misc":{"Predpokladan\u00fd \u010das \u010d\u00edtania":"1 min\u00fata"},"schema":{"@context":"https:\/\/schema.org","@graph":[{"@type":"WebPage","@id":"https:\/\/klar.sk\/zimne-sporty\/","url":"https:\/\/klar.sk\/zimne-sporty\/","name":"Winter sports | KLAR Hotel","isPartOf":{"@id":"https:\/\/klar.sk\/#website"},"datePublished":"2019-01-17T13:17:16+00:00","dateModified":"2019-01-18T13:09:19+00:00","breadcrumb":{"@id":"https:\/\/klar.sk\/zimne-sporty\/#breadcrumb"},"inLanguage":"sk-SK","potentialAction":[{"@type":"ReadAction","target":["https:\/\/klar.sk\/zimne-sporty\/"]}]},{"@type":"BreadcrumbList","@id":"https:\/\/klar.sk\/zimne-sporty\/#breadcrumb","itemListElement":[{"@type":"ListItem","position":1,"name":"Home","item":"https:\/\/klar.sk\/"},{"@type":"ListItem","position":2,"name":"Winter sports"}]},{"@type":"WebSite","@id":"https:\/\/klar.sk\/#website","url":"https:\/\/klar.sk\/","name":"KLAR Hotel","description":"Super hotel v Liptovskom Mikul\u00e1\u0161i","publisher":{"@id":"https:\/\/klar.sk\/#organization"},"potentialAction":[{"@type":"SearchAction","target":{"@type":"EntryPoint","urlTemplate":"https:\/\/klar.sk\/?s={search_term_string}"},"query-input":"required name=search_term_string"}],"inLanguage":"sk-SK"},{"@type":"Organization","@id":"https:\/\/klar.sk\/#organization","name":"Hotel Klar ***","url":"https:\/\/klar.sk\/","logo":{"@type":"ImageObject","inLanguage":"sk-SK","@id":"https:\/\/klar.sk\/#\/schema\/logo\/image\/","url":"https:\/\/klar.sk\/wp-content\/uploads\/2018\/09\/logo.png","contentUrl":"https:\/\/klar.sk\/wp-content\/uploads\/2018\/09\/logo.png","width":115,"height":96,"caption":"Hotel Klar ***"},"image":{"@id":"https:\/\/klar.sk\/#\/schema\/logo\/image\/"}}]}},"_links":{"self":[{"href":"https:\/\/klar.sk\/en\/wp-json\/wp\/v2\/pages\/5764\/"}],"collection":[{"href":"https:\/\/klar.sk\/en\/wp-json\/wp\/v2\/pages\/"}],"about":[{"href":"https:\/\/klar.sk\/en\/wp-json\/wp\/v2\/types\/page\/"}],"author":[{"embeddable":true,"href":"https:\/\/klar.sk\/en\/wp-json\/wp\/v2\/users\/5\/"}],"replies":[{"embeddable":true,"href":"https:\/\/klar.sk\/en\/wp-json\/wp\/v2\/comments\/?post=5764"}],"version-history":[{"count":3,"href":"https:\/\/klar.sk\/en\/wp-json\/wp\/v2\/pages\/5764\/revisions\/"}],"predecessor-version":[{"id":5786,"href":"https:\/\/klar.sk\/en\/wp-json\/wp\/v2\/pages\/5764\/revisions\/5786\/"}],"wp:featuredmedia":[{"embeddable":true,"href":"https:\/\/klar.sk\/en\/wp-json\/wp\/v2\/media\/5401\/"}],"wp:attachment":[{"href":"https:\/\/klar.sk\/en\/wp-json\/wp\/v2\/media\/?parent=5764"}],"wp:term":[{"taxonomy":"category","embeddable":true,"href":"https:\/\/klar.sk\/en\/wp-json\/wp\/v2\/categories\/?post=5764"},{"taxonomy":"post_tag","embeddable":true,"href":"https:\/\/klar.sk\/en\/wp-json\/wp\/v2\/tags\/?post=5764"}],"curies":[{"name":"wp","href":"https:\/\/api.w.org\/{rel}","templated":true}]}}