{"id":5787,"date":"2019-01-17T14:24:08","date_gmt":"2019-01-17T13:24:08","guid":{"rendered":"https:\/\/klar.sk\/?page_id=5787"},"modified":"2019-01-17T14:24:08","modified_gmt":"2019-01-17T13:24:08","slug":"swimming-relax-and-water-sports","status":"publish","type":"page","link":"https:\/\/klar.sk\/en\/swimming-relax-and-water-sports\/","title":{"rendered":"Swimming, relax and water sports"},"content":{"rendered":"<p>[vc_row][vc_column][vc_empty_space]<h4>Water fun is available in Liptov all days of the year<\/h4><div class=\"title-block-6\"><\/div>[vc_column_text]Those, who love holidays by the water, will love our surroundings. If you prefer natural lakes, you may visit Litpovsk\u00e1 Mara. You will make your summer holidays more attractive by cruise by the ship or riding in an engine boat. More attractions are in Mara fun- the center of water sports. You may ride the water scooters, wakeboard or water ski. Flyboarding is the latest adrenaline experience. The current of wate will allow you to float above the surface. The attractions for kids are available, too.<\/p>\n<p>Thermal springs are also part of natural beauties of Liptov. You will find them scattered in all Liptov, for example in L\u00fa\u010dky, Kalameny, Litpovsk\u00fd J\u00e1n, but especially in Be\u0161e\u0148ov\u00e1, where is situated one of the most famous complexes in Slovakia. Tatralandia is the best place if you want to enjoy and have fun in water. It is the largest area of water fun in middle Europe. You will find there various attractions and wellness procedures for any age group not mentioning the pools with thermal water.<\/p>\n<p><strong>We cannot omit other attractions which you will find in vicinity: <\/strong><\/p>\n<ul>\n<li>Tatrapolis &#8211; a unique world of attractive metal miniatures of world famous buiildings<\/li>\n<li>ZOO kontakt &#8211; non traditional ZOO where you can encounter the animal without cages and fences<\/li>\n<li>Hurricane Factory &#8211; non traditioinal, adrenaline experience where you may try the feeling of free fall in wind tunnel<\/li>\n<\/ul>\n<p>[\/vc_column_text][vc_empty_space][\/vc_column][\/vc_row][vc_row][vc_column][vc_gallery type=&#8220;image_grid&#8220; images=&#8220;5395,5794,5790,5791,5792,5795,5796,5797,5798,5799,5789,5793&#8243;][\/vc_column][\/vc_row]<\/p>\n","protected":false},"excerpt":{"rendered":"<p>[vc_row][vc_column][vc_empty_space][vc_column_text]Those, who love holidays by the water, will love our surroundings. If you prefer natural lakes, you may visit Litpovsk\u00e1 Mara. You will make your summer holidays more attractive by cruise by the ship or riding in an engine boat. More attractions are in Mara fun- the center of water sports. You may ride the<\/p>\n<a href=\"https:\/\/klar.sk\/en\/swimming-relax-and-water-sports\/\" class=\"more-link\">Read More<\/a>","protected":false},"author":5,"featured_media":0,"parent":0,"menu_order":0,"comment_status":"closed","ping_status":"closed","template":"","meta":{"_mi_skip_tracking":false,"_exactmetrics_sitenote_active":false,"_exactmetrics_sitenote_note":"","_exactmetrics_sitenote_category":0,"footnotes":""},"categories":[],"tags":[],"yoast_head":"<!-- This site is optimized with the Yoast SEO plugin v21.5 - https:\/\/yoast.com\/wordpress\/plugins\/seo\/ -->\n<title>Swimming, relax and water sports | KLAR Hotel<\/title>\n<meta name=\"robots\" content=\"index, follow, max-snippet:-1, max-image-preview:large, max-video-preview:-1\" \/>\n<link rel=\"canonical\" href=\"https:\/\/klar.sk\/kupanie-relax-vodne-sporty\/\" \/>\n<meta property=\"og:locale\" content=\"sk_SK\" \/>\n<meta property=\"og:type\" content=\"article\" \/>\n<meta property=\"og:title\" content=\"Swimming, relax and water sports | KLAR Hotel\" \/>\n<meta property=\"og:description\" content=\"[vc_row][vc_column][vc_empty_space][vc_column_text]Those, who love holidays by the water, will love our surroundings. If you prefer natural lakes, you may visit Litpovsk\u00e1 Mara. You will make your summer holidays more attractive by cruise by the ship or riding in an engine boat. More attractions are in Mara fun- the center of water sports. You may ride the\" \/>\n<meta property=\"og:url\" content=\"https:\/\/klar.sk\/kupanie-relax-vodne-sporty\/\" \/>\n<meta property=\"og:site_name\" content=\"KLAR Hotel\" \/>\n<meta name=\"twitter:card\" content=\"summary_large_image\" \/>\n<meta name=\"twitter:label1\" content=\"Predpokladan\u00fd \u010das \u010d\u00edtania\" \/>\n\t<meta name=\"twitter:data1\" content=\"1 min\u00fata\" \/>\n<script type=\"application\/ld+json\" class=\"yoast-schema-graph\">{\"@context\":\"https:\/\/schema.org\",\"@graph\":[{\"@type\":\"WebPage\",\"@id\":\"https:\/\/klar.sk\/kupanie-relax-vodne-sporty\/\",\"url\":\"https:\/\/klar.sk\/kupanie-relax-vodne-sporty\/\",\"name\":\"Swimming, relax and water sports | KLAR Hotel\",\"isPartOf\":{\"@id\":\"https:\/\/klar.sk\/#website\"},\"datePublished\":\"2019-01-17T13:24:08+00:00\",\"dateModified\":\"2019-01-17T13:24:08+00:00\",\"breadcrumb\":{\"@id\":\"https:\/\/klar.sk\/kupanie-relax-vodne-sporty\/#breadcrumb\"},\"inLanguage\":\"sk-SK\",\"potentialAction\":[{\"@type\":\"ReadAction\",\"target\":[\"https:\/\/klar.sk\/kupanie-relax-vodne-sporty\/\"]}]},{\"@type\":\"BreadcrumbList\",\"@id\":\"https:\/\/klar.sk\/kupanie-relax-vodne-sporty\/#breadcrumb\",\"itemListElement\":[{\"@type\":\"ListItem\",\"position\":1,\"name\":\"Home\",\"item\":\"https:\/\/klar.sk\/\"},{\"@type\":\"ListItem\",\"position\":2,\"name\":\"Swimming, relax and water sports\"}]},{\"@type\":\"WebSite\",\"@id\":\"https:\/\/klar.sk\/#website\",\"url\":\"https:\/\/klar.sk\/\",\"name\":\"KLAR Hotel\",\"description\":\"Super hotel v Liptovskom Mikul\u00e1\u0161i\",\"publisher\":{\"@id\":\"https:\/\/klar.sk\/#organization\"},\"potentialAction\":[{\"@type\":\"SearchAction\",\"target\":{\"@type\":\"EntryPoint\",\"urlTemplate\":\"https:\/\/klar.sk\/?s={search_term_string}\"},\"query-input\":\"required name=search_term_string\"}],\"inLanguage\":\"sk-SK\"},{\"@type\":\"Organization\",\"@id\":\"https:\/\/klar.sk\/#organization\",\"name\":\"Hotel Klar ***\",\"url\":\"https:\/\/klar.sk\/\",\"logo\":{\"@type\":\"ImageObject\",\"inLanguage\":\"sk-SK\",\"@id\":\"https:\/\/klar.sk\/#\/schema\/logo\/image\/\",\"url\":\"https:\/\/klar.sk\/wp-content\/uploads\/2018\/09\/logo.png\",\"contentUrl\":\"https:\/\/klar.sk\/wp-content\/uploads\/2018\/09\/logo.png\",\"width\":115,\"height\":96,\"caption\":\"Hotel Klar ***\"},\"image\":{\"@id\":\"https:\/\/klar.sk\/#\/schema\/logo\/image\/\"}}]}<\/script>\n<!-- \/ Yoast SEO plugin. -->","yoast_head_json":{"title":"Swimming, relax and water sports | KLAR Hotel","robots":{"index":"index","follow":"follow","max-snippet":"max-snippet:-1","max-image-preview":"max-image-preview:large","max-video-preview":"max-video-preview:-1"},"canonical":"https:\/\/klar.sk\/kupanie-relax-vodne-sporty\/","og_locale":"sk_SK","og_type":"article","og_title":"Swimming, relax and water sports | KLAR Hotel","og_description":"[vc_row][vc_column][vc_empty_space][vc_column_text]Those, who love holidays by the water, will love our surroundings. If you prefer natural lakes, you may visit Litpovsk\u00e1 Mara. You will make your summer holidays more attractive by cruise by the ship or riding in an engine boat. More attractions are in Mara fun- the center of water sports. You may ride the","og_url":"https:\/\/klar.sk\/kupanie-relax-vodne-sporty\/","og_site_name":"KLAR Hotel","twitter_card":"summary_large_image","twitter_misc":{"Predpokladan\u00fd \u010das \u010d\u00edtania":"1 min\u00fata"},"schema":{"@context":"https:\/\/schema.org","@graph":[{"@type":"WebPage","@id":"https:\/\/klar.sk\/kupanie-relax-vodne-sporty\/","url":"https:\/\/klar.sk\/kupanie-relax-vodne-sporty\/","name":"Swimming, relax and water sports | KLAR Hotel","isPartOf":{"@id":"https:\/\/klar.sk\/#website"},"datePublished":"2019-01-17T13:24:08+00:00","dateModified":"2019-01-17T13:24:08+00:00","breadcrumb":{"@id":"https:\/\/klar.sk\/kupanie-relax-vodne-sporty\/#breadcrumb"},"inLanguage":"sk-SK","potentialAction":[{"@type":"ReadAction","target":["https:\/\/klar.sk\/kupanie-relax-vodne-sporty\/"]}]},{"@type":"BreadcrumbList","@id":"https:\/\/klar.sk\/kupanie-relax-vodne-sporty\/#breadcrumb","itemListElement":[{"@type":"ListItem","position":1,"name":"Home","item":"https:\/\/klar.sk\/"},{"@type":"ListItem","position":2,"name":"Swimming, relax and water sports"}]},{"@type":"WebSite","@id":"https:\/\/klar.sk\/#website","url":"https:\/\/klar.sk\/","name":"KLAR Hotel","description":"Super hotel v Liptovskom Mikul\u00e1\u0161i","publisher":{"@id":"https:\/\/klar.sk\/#organization"},"potentialAction":[{"@type":"SearchAction","target":{"@type":"EntryPoint","urlTemplate":"https:\/\/klar.sk\/?s={search_term_string}"},"query-input":"required name=search_term_string"}],"inLanguage":"sk-SK"},{"@type":"Organization","@id":"https:\/\/klar.sk\/#organization","name":"Hotel Klar ***","url":"https:\/\/klar.sk\/","logo":{"@type":"ImageObject","inLanguage":"sk-SK","@id":"https:\/\/klar.sk\/#\/schema\/logo\/image\/","url":"https:\/\/klar.sk\/wp-content\/uploads\/2018\/09\/logo.png","contentUrl":"https:\/\/klar.sk\/wp-content\/uploads\/2018\/09\/logo.png","width":115,"height":96,"caption":"Hotel Klar ***"},"image":{"@id":"https:\/\/klar.sk\/#\/schema\/logo\/image\/"}}]}},"_links":{"self":[{"href":"https:\/\/klar.sk\/en\/wp-json\/wp\/v2\/pages\/5787\/"}],"collection":[{"href":"https:\/\/klar.sk\/en\/wp-json\/wp\/v2\/pages\/"}],"about":[{"href":"https:\/\/klar.sk\/en\/wp-json\/wp\/v2\/types\/page\/"}],"author":[{"embeddable":true,"href":"https:\/\/klar.sk\/en\/wp-json\/wp\/v2\/users\/5\/"}],"replies":[{"embeddable":true,"href":"https:\/\/klar.sk\/en\/wp-json\/wp\/v2\/comments\/?post=5787"}],"version-history":[{"count":3,"href":"https:\/\/klar.sk\/en\/wp-json\/wp\/v2\/pages\/5787\/revisions\/"}],"predecessor-version":[{"id":5801,"href":"https:\/\/klar.sk\/en\/wp-json\/wp\/v2\/pages\/5787\/revisions\/5801\/"}],"wp:attachment":[{"href":"https:\/\/klar.sk\/en\/wp-json\/wp\/v2\/media\/?parent=5787"}],"wp:term":[{"taxonomy":"category","embeddable":true,"href":"https:\/\/klar.sk\/en\/wp-json\/wp\/v2\/categories\/?post=5787"},{"taxonomy":"post_tag","embeddable":true,"href":"https:\/\/klar.sk\/en\/wp-json\/wp\/v2\/tags\/?post=5787"}],"curies":[{"name":"wp","href":"https:\/\/api.w.org\/{rel}","templated":true}]}}